{"id":561,"date":"2016-11-28T14:58:36","date_gmt":"2016-11-28T14:58:36","guid":{"rendered":"https:\/\/www.zarmini.com\/fr\/?page_id=561"},"modified":"2023-05-12T17:03:38","modified_gmt":"2023-05-12T16:03:38","slug":"rib","status":"publish","type":"page","link":"https:\/\/www.zarmini.com\/fr\/rib\/","title":{"rendered":"RIB"},"content":{"rendered":"\n<style type=\"text\/css\" data-created_by=\"avia_inline_auto\" id=\"style-css-av-av_heading-08f61bbb8038538891dd2cb0f0db3c25\">\n#top .av-special-heading.av-av_heading-08f61bbb8038538891dd2cb0f0db3c25{\npadding-bottom:10px;\n}\n.av-special-heading.av-av_heading-08f61bbb8038538891dd2cb0f0db3c25 .av-subheading{\nfont-size:15px;\n}\n<\/style>\n<div  class='av-special-heading av-av_heading-08f61bbb8038538891dd2cb0f0db3c25 av-special-heading-h1 blockquote modern-quote modern-centered  avia-builder-el-0  el_before_av_masonry_entries  avia-builder-el-no-sibling  '><h1 class='av-special-heading-tag '  itemprop=\"headline\"  >ZAR mini &#8211; serie RIB<\/h1><div class='av-subheading av-subheading_below '><p>ALUMINIUM RIB TENDER &#8211; 2.40MT \u2192 5.00MT<br \/>\nequipped with V and double floor with bow locker<\/p>\n<\/div><div class='special-heading-border'><div class='special-heading-inner-border'><\/div><\/div><\/div>\n<div id='av-masonry-1' class='av-masonry av-av_masonry_entries-a7854d86d12aefa8d4d118426c40800a noHover av-flex-size av-large-gap av-hover-overlay- av-masonry-animation-active av-masonry-col-2 av-caption-always av-caption-style- av-masonry-entries   '><div class=\"av-masonry-container isotope av-js-disabled\"><div class='av-masonry-entry isotope-item av-masonry-item-no-image all_sort rib-fr_sort '><\/div><a href=\"https:\/\/www.zarmini.com\/fr\/tender\/zarmini-rescue\/\"  id='av-masonry-1-item-8685' data-av-masonry-item='8685' class='av-masonry-entry isotope-item post-8685 portfolio type-portfolio status-publish has-post-thumbnail hentry portfolio_entries-rib-fr all_sort rib-fr_sort  av-masonry-item-with-image' title=\"ZARMINI &#8211; RESCUE3\"  itemscope=\"itemscope\" itemtype=\"https:\/\/schema.org\/CreativeWork\" ><div class='av-inner-masonry-sizer'><\/div><figure class='av-inner-masonry main_color'><div class=\"av-masonry-outerimage-container\"><div class='av-masonry-image-container'   ><img decoding=\"async\" width=\"705\" height=\"470\" class=\"wp-image-8675 avia-img-lazy-loading-not-8675\"  src=\"https:\/\/www.zarmini.com\/wp-content\/uploads\/2019\/09\/ZARMINI-RESCUE3-705x470.jpg\" title=\"ZARMINI &#8211; RESCUE3\" alt=\"\" srcset=\"https:\/\/www.zarmini.com\/wp-content\/uploads\/2019\/09\/ZARMINI-RESCUE3-705x470.jpg 705w, https:\/\/www.zarmini.com\/wp-content\/uploads\/2019\/09\/ZARMINI-RESCUE3-300x200.jpg 300w, https:\/\/www.zarmini.com\/wp-content\/uploads\/2019\/09\/ZARMINI-RESCUE3-768x512.jpg 768w, https:\/\/www.zarmini.com\/wp-content\/uploads\/2019\/09\/ZARMINI-RESCUE3-1030x687.jpg 1030w, https:\/\/www.zarmini.com\/wp-content\/uploads\/2019\/09\/ZARMINI-RESCUE3-450x300.jpg 450w, https:\/\/www.zarmini.com\/wp-content\/uploads\/2019\/09\/ZARMINI-RESCUE3.jpg 1200w\" sizes=\"(max-width: 705px) 100vw, 705px\" \/><\/div><\/div><figcaption class='av-inner-masonry-content site-background'><div class='av-inner-masonry-content-pos'><div class='av-inner-masonry-content-pos-content'><div class='avia-arrow'><\/div><h3 class='av-masonry-entry-title entry-title '  itemprop=\"headline\" >ZARMINI &#8211; RESCUE<\/h3><\/div><\/div><\/figcaption><\/figure><\/a><!--end av-masonry entry--><a href=\"https:\/\/www.zarmini.com\/fr\/tender\/rib-12\/\"  id='av-masonry-1-item-245' data-av-masonry-item='245' class='av-masonry-entry isotope-item post-245 portfolio type-portfolio status-publish has-post-thumbnail hentry portfolio_entries-rib-fr all_sort rib-fr_sort  av-masonry-item-with-image' title=\"ZARMINI &#8211; RIB12\"  itemscope=\"itemscope\" itemtype=\"https:\/\/schema.org\/CreativeWork\" ><div class='av-inner-masonry-sizer'><\/div><figure class='av-inner-masonry main_color'><div class=\"av-masonry-outerimage-container\"><div class='av-masonry-image-container'   ><img decoding=\"async\" width=\"705\" height=\"326\" class=\"wp-image-243 avia-img-lazy-loading-not-243\"  src=\"https:\/\/www.zarmini.com\/wp-content\/uploads\/2016\/11\/ZARMINI-RIB12-705x326.jpg\" title=\"ZARMINI &#8211; RIB12\" alt=\"\" srcset=\"https:\/\/www.zarmini.com\/wp-content\/uploads\/2016\/11\/ZARMINI-RIB12-705x326.jpg 705w, https:\/\/www.zarmini.com\/wp-content\/uploads\/2016\/11\/ZARMINI-RIB12-300x139.jpg 300w, https:\/\/www.zarmini.com\/wp-content\/uploads\/2016\/11\/ZARMINI-RIB12-768x356.jpg 768w, https:\/\/www.zarmini.com\/wp-content\/uploads\/2016\/11\/ZARMINI-RIB12-1030x477.jpg 1030w, https:\/\/www.zarmini.com\/wp-content\/uploads\/2016\/11\/ZARMINI-RIB12-450x208.jpg 450w, https:\/\/www.zarmini.com\/wp-content\/uploads\/2016\/11\/ZARMINI-RIB12.jpg 1080w\" sizes=\"(max-width: 705px) 100vw, 705px\" \/><\/div><\/div><figcaption class='av-inner-masonry-content site-background'><div class='av-inner-masonry-content-pos'><div class='av-inner-masonry-content-pos-content'><div class='avia-arrow'><\/div><h3 class='av-masonry-entry-title entry-title '  itemprop=\"headline\" >RIB 12<\/h3><div class='av-masonry-entry-content entry-content'  itemprop=\"text\" >Longueur HORS tout 360 cm<br \/>\r\nLargeur Hors Tout 171 cm <br \/>\r\nPuissance recommand\u00e9e 7.3 kW (10HP)<\/div><\/div><\/div><\/figcaption><\/figure><\/a><!--end av-masonry entry--><a href=\"https:\/\/www.zarmini.com\/fr\/tender\/rib-11\/\"  id='av-masonry-1-item-238' data-av-masonry-item='238' class='av-masonry-entry isotope-item post-238 portfolio type-portfolio status-publish has-post-thumbnail hentry portfolio_entries-rib-fr all_sort rib-fr_sort  av-masonry-item-with-image' title=\"ZARMINI-RIB11DL-2019_015\"  itemscope=\"itemscope\" itemtype=\"https:\/\/schema.org\/CreativeWork\" ><div class='av-inner-masonry-sizer'><\/div><figure class='av-inner-masonry main_color'><div class=\"av-masonry-outerimage-container\"><div class='av-masonry-image-container'   ><img decoding=\"async\" width=\"705\" height=\"470\" class=\"wp-image-7785 avia-img-lazy-loading-not-7785\"  src=\"https:\/\/www.zarmini.com\/wp-content\/uploads\/2016\/11\/ZARMINI-RIB11DL-2019_015-705x470.jpg\" title=\"ZARMINI-RIB11DL-2019_015\" alt=\"\" srcset=\"https:\/\/www.zarmini.com\/wp-content\/uploads\/2016\/11\/ZARMINI-RIB11DL-2019_015-705x470.jpg 705w, https:\/\/www.zarmini.com\/wp-content\/uploads\/2016\/11\/ZARMINI-RIB11DL-2019_015-300x200.jpg 300w, https:\/\/www.zarmini.com\/wp-content\/uploads\/2016\/11\/ZARMINI-RIB11DL-2019_015-768x512.jpg 768w, https:\/\/www.zarmini.com\/wp-content\/uploads\/2016\/11\/ZARMINI-RIB11DL-2019_015-1030x687.jpg 1030w, https:\/\/www.zarmini.com\/wp-content\/uploads\/2016\/11\/ZARMINI-RIB11DL-2019_015-450x300.jpg 450w, https:\/\/www.zarmini.com\/wp-content\/uploads\/2016\/11\/ZARMINI-RIB11DL-2019_015.jpg 1200w\" sizes=\"(max-width: 705px) 100vw, 705px\" \/><\/div><\/div><figcaption class='av-inner-masonry-content site-background'><div class='av-inner-masonry-content-pos'><div class='av-inner-masonry-content-pos-content'><div class='avia-arrow'><\/div><h3 class='av-masonry-entry-title entry-title '  itemprop=\"headline\" >RIB 11<\/h3><div class='av-masonry-entry-content entry-content'  itemprop=\"text\" >Longueur HORS tout 330 cm<br \/>\r\nLargeur Hors Tout 171 cm <br \/>\r\nPuissance recommand\u00e9e 7.3 kW (10HP)<\/div><\/div><\/div><\/figcaption><\/figure><\/a><!--end av-masonry entry--><a href=\"https:\/\/www.zarmini.com\/fr\/tender\/rib-10\/\"  id='av-masonry-1-item-229' data-av-masonry-item='229' class='av-masonry-entry isotope-item post-229 portfolio type-portfolio status-publish has-post-thumbnail hentry portfolio_entries-rib-fr all_sort rib-fr_sort  av-masonry-item-with-image' title=\"ZARMINI-RIB10DL2019_002\"  itemscope=\"itemscope\" itemtype=\"https:\/\/schema.org\/CreativeWork\" ><div class='av-inner-masonry-sizer'><\/div><figure class='av-inner-masonry main_color'><div class=\"av-masonry-outerimage-container\"><div class='av-masonry-image-container'   ><img decoding=\"async\" width=\"705\" height=\"470\" class=\"wp-image-7867 avia-img-lazy-loading-not-7867\"  src=\"https:\/\/www.zarmini.com\/wp-content\/uploads\/2016\/11\/ZARMINI-RIB10DL2019_002-705x470.jpg\" title=\"ZARMINI-RIB10DL2019_002\" alt=\"\" srcset=\"https:\/\/www.zarmini.com\/wp-content\/uploads\/2016\/11\/ZARMINI-RIB10DL2019_002-705x470.jpg 705w, https:\/\/www.zarmini.com\/wp-content\/uploads\/2016\/11\/ZARMINI-RIB10DL2019_002-300x200.jpg 300w, https:\/\/www.zarmini.com\/wp-content\/uploads\/2016\/11\/ZARMINI-RIB10DL2019_002-768x512.jpg 768w, https:\/\/www.zarmini.com\/wp-content\/uploads\/2016\/11\/ZARMINI-RIB10DL2019_002-1030x687.jpg 1030w, https:\/\/www.zarmini.com\/wp-content\/uploads\/2016\/11\/ZARMINI-RIB10DL2019_002-450x300.jpg 450w, https:\/\/www.zarmini.com\/wp-content\/uploads\/2016\/11\/ZARMINI-RIB10DL2019_002.jpg 1200w\" sizes=\"(max-width: 705px) 100vw, 705px\" \/><\/div><\/div><figcaption class='av-inner-masonry-content site-background'><div class='av-inner-masonry-content-pos'><div class='av-inner-masonry-content-pos-content'><div class='avia-arrow'><\/div><h3 class='av-masonry-entry-title entry-title '  itemprop=\"headline\" >RIB 10<\/h3><div class='av-masonry-entry-content entry-content'  itemprop=\"text\" >Longueur HORS tout 300 cm<br \/>\r\nLargeur Hors Tout 171 cm <br \/>\r\nPuissance recommand\u00e9e 7.3 kW (10HP)<\/div><\/div><\/div><\/figcaption><\/figure><\/a><!--end av-masonry entry--><a href=\"https:\/\/www.zarmini.com\/fr\/tender\/rib-9\/\"  id='av-masonry-1-item-217' data-av-masonry-item='217' class='av-masonry-entry isotope-item post-217 portfolio type-portfolio status-publish has-post-thumbnail hentry portfolio_entries-rib-fr all_sort rib-fr_sort  av-masonry-item-with-image' title=\"ZARMINI-RIB9DL-2019_008\"  itemscope=\"itemscope\" itemtype=\"https:\/\/schema.org\/CreativeWork\" ><div class='av-inner-masonry-sizer'><\/div><figure class='av-inner-masonry main_color'><div class=\"av-masonry-outerimage-container\"><div class='av-masonry-image-container'   ><img decoding=\"async\" width=\"705\" height=\"470\" class=\"wp-image-7717 avia-img-lazy-loading-not-7717\"  src=\"https:\/\/www.zarmini.com\/wp-content\/uploads\/2016\/11\/ZARMINI-RIB9DL-2019_008-705x470.jpg\" title=\"ZARMINI-RIB9DL-2019_008\" alt=\"\" srcset=\"https:\/\/www.zarmini.com\/wp-content\/uploads\/2016\/11\/ZARMINI-RIB9DL-2019_008-705x470.jpg 705w, https:\/\/www.zarmini.com\/wp-content\/uploads\/2016\/11\/ZARMINI-RIB9DL-2019_008-300x200.jpg 300w, https:\/\/www.zarmini.com\/wp-content\/uploads\/2016\/11\/ZARMINI-RIB9DL-2019_008-768x512.jpg 768w, https:\/\/www.zarmini.com\/wp-content\/uploads\/2016\/11\/ZARMINI-RIB9DL-2019_008-1030x687.jpg 1030w, https:\/\/www.zarmini.com\/wp-content\/uploads\/2016\/11\/ZARMINI-RIB9DL-2019_008-450x300.jpg 450w, https:\/\/www.zarmini.com\/wp-content\/uploads\/2016\/11\/ZARMINI-RIB9DL-2019_008.jpg 1200w\" sizes=\"(max-width: 705px) 100vw, 705px\" \/><\/div><\/div><figcaption class='av-inner-masonry-content site-background'><div class='av-inner-masonry-content-pos'><div class='av-inner-masonry-content-pos-content'><div class='avia-arrow'><\/div><h3 class='av-masonry-entry-title entry-title '  itemprop=\"headline\" >RIB 9<\/h3><div class='av-masonry-entry-content entry-content'  itemprop=\"text\" >Longueur HORS tout 270 cm<br \/>\r\nLargeur Hors Tout 171 cm <br \/>\r\nPuissance recommand\u00e9e 3.6 kW (5HP)<\/div><\/div><\/div><\/figcaption><\/figure><\/a><!--end av-masonry entry--><a href=\"https:\/\/www.zarmini.com\/fr\/tender\/rib-8\/\"  id='av-masonry-1-item-168' data-av-masonry-item='168' class='av-masonry-entry isotope-item post-168 portfolio type-portfolio status-publish has-post-thumbnail hentry portfolio_entries-rib-fr all_sort rib-fr_sort  av-masonry-item-with-image' title=\"ZARMINI-RIB8DL005\"  itemscope=\"itemscope\" itemtype=\"https:\/\/schema.org\/CreativeWork\" ><div class='av-inner-masonry-sizer'><\/div><figure class='av-inner-masonry main_color'><div class=\"av-masonry-outerimage-container\"><div class='av-masonry-image-container'   ><img decoding=\"async\" width=\"705\" height=\"470\" class=\"wp-image-7228 avia-img-lazy-loading-not-7228\"  src=\"https:\/\/www.zarmini.com\/wp-content\/uploads\/2016\/11\/ZARMINI-RIB8DL005-705x470.jpg\" title=\"ZARMINI-RIB8DL005\" alt=\"\" srcset=\"https:\/\/www.zarmini.com\/wp-content\/uploads\/2016\/11\/ZARMINI-RIB8DL005-705x470.jpg 705w, https:\/\/www.zarmini.com\/wp-content\/uploads\/2016\/11\/ZARMINI-RIB8DL005-300x200.jpg 300w, https:\/\/www.zarmini.com\/wp-content\/uploads\/2016\/11\/ZARMINI-RIB8DL005-768x512.jpg 768w, https:\/\/www.zarmini.com\/wp-content\/uploads\/2016\/11\/ZARMINI-RIB8DL005-1030x687.jpg 1030w, https:\/\/www.zarmini.com\/wp-content\/uploads\/2016\/11\/ZARMINI-RIB8DL005-450x300.jpg 450w, https:\/\/www.zarmini.com\/wp-content\/uploads\/2016\/11\/ZARMINI-RIB8DL005.jpg 1200w\" sizes=\"(max-width: 705px) 100vw, 705px\" \/><\/div><\/div><figcaption class='av-inner-masonry-content site-background'><div class='av-inner-masonry-content-pos'><div class='av-inner-masonry-content-pos-content'><div class='avia-arrow'><\/div><h3 class='av-masonry-entry-title entry-title '  itemprop=\"headline\" >RIB 8<\/h3><div class='av-masonry-entry-content entry-content'  itemprop=\"text\" >Longueur HORS tout 240 cm<br \/>\r\nLargeur Hors Tout 165 cm <br \/>\r\nPuissance recommand\u00e9e 3.6 kW (5HP)<\/div><\/div><\/div><\/figcaption><\/figure><\/a><!--end av-masonry entry--><\/div><\/div>\n<section class=\"av_textblock_section \"  itemscope=\"itemscope\" itemtype=\"https:\/\/schema.org\/CreativeWork\" ><div class='avia_textblock  '   itemprop=\"text\" ><p>Notre ligne ZAR mini\u2122 RIB se d\u00e9cline en deux versions: RIB LITE et RIB DL avec double plancher et coffre avant. Les RIB 8 et RIB 9 sont con\u00e7us pour un r\u00e9servoir de carburant de 12 litres, tandis que le RIB10-12 dispose d&rsquo;un r\u00e9servoir de carburant de 24 litres dans le coffre avant. Les RIB LITE sont optimis\u00e9s en poids sans coffre avant ni double plancher plat.<\/p>\n<p>En option, des consoles de pilotage et des si\u00e8ges doubles (\u00e0 partir de RIB10 et uniquement pour DL) sont disponibles, ainsi qu&rsquo;une vari\u00e9t\u00e9 de toits ouvrants, de pompes de cale, de coussins et bien d&rsquo;autres \u00e9l\u00e9ments. N&rsquo;h\u00e9sitez pas \u00e0 demander conseil \u00e0 votre revendeur ZAR mini\u2122, il sera \u00e0 m\u00eame de mieux vous servir.<\/p>\n<p>La ligne ZAR mini\u2122 RIB peut facilement tracter des jouets aquatiques et des tubes gr\u00e2ce aux deux anneaux en D install\u00e9s sur le tableau arri\u00e8re.<\/p>\n<p>Chaque ZAR mini\u2122 est \u00e9quip\u00e9 de 3 points de levage Davit: un \u00e0 l&rsquo;avant et deux \u00e0 l&rsquo;arri\u00e8re. Si votre ZAR mini\u2122 est \u00e9quip\u00e9 d&rsquo;un coffre \u00e0 proue (version DL), vous disposerez de quatre points de levage.<\/p>\n<p>Gr\u00e2ce \u00e0 la coque en aluminium tr\u00e8s l\u00e9g\u00e8re, le ZAR mini\u2122 peut atteindre une vitesse \u00e9lev\u00e9e et planer facilement avec un moteur plus petit. La coque ne rencontrera aucun probl\u00e8me de durabilit\u00e9, contrairement \u00e0 une coque en fibre de verre. Elle durera \u00e9galement plus longtemps et ne deviendra pas plus lourde pendant l&rsquo;utilisation. Les coques sont en aluminium sp\u00e9cial et rev\u00eatues de poudre pour r\u00e9sister \u00e0 la corrosion et \u00e0 l&rsquo;eau sal\u00e9e. Vous passerez des moments agr\u00e9ables avec votre ZAR mini\u2122 RIB.<\/p>\n<p>Tous les pneumatiques ZAR mini\u2122 RIB sont \u00e9galement disponibles en CSM (anciennement connu sous le nom d&rsquo;HypalonTM de DuPontTM) avec un design sp\u00e9cial. N&rsquo;h\u00e9sitez pas \u00e0 contacter votre revendeur ZAR mini\u2122 pour plus de d\u00e9tails. Le CSM est plus r\u00e9sistant que le PVC aux rayons UV, aux acides, aux alcalis, \u00e0 l&rsquo;eau sal\u00e9e, \u00e0 la chaleur et au froid. Nous utilisons HypatexTM, l&rsquo;un des meilleurs mat\u00e9riaux sur le march\u00e9 mondial depuis 60 ans.<\/p>\n<p>Tous les rev\u00eatements en PVC de nos chambres \u00e0 tubes ZAR mini\u2122 sont soud\u00e9s*. Tous les bateaux sont \u00e9quip\u00e9s d&rsquo;une soupape de surpression en standard pour prot\u00e9ger votre tube lorsqu&rsquo;il est gonfl\u00e9 correctement. Des mat\u00e9riaux de haute qualit\u00e9 associ\u00e9s \u00e0 une recherche et un d\u00e9veloppement constants sont la cl\u00e9 du succ\u00e8s.<\/p>\n<p>Chaque bateau pneumatique ZAR mini\u2122 passe un contr\u00f4le de qualit\u00e9 tr\u00e8s strict avant d&rsquo;\u00eatre livr\u00e9 \u00e0 nos pr\u00e9cieux clients. Et si une erreur survient malgr\u00e9 tout, notre garantie limit\u00e9e vous prot\u00e8ge apr\u00e8s l&rsquo;enregistrement de votre bateau chez nous.<\/p>\n<\/div><\/section>\n","protected":false},"excerpt":{"rendered":"","protected":false},"author":1,"featured_media":0,"parent":0,"menu_order":0,"comment_status":"closed","ping_status":"closed","template":"","meta":{"footnotes":""},"class_list":["post-561","page","type-page","status-publish","hentry"],"_links":{"self":[{"href":"https:\/\/www.zarmini.com\/fr\/wp-json\/wp\/v2\/pages\/561","targetHints":{"allow":["GET"]}}],"collection":[{"href":"https:\/\/www.zarmini.com\/fr\/wp-json\/wp\/v2\/pages"}],"about":[{"href":"https:\/\/www.zarmini.com\/fr\/wp-json\/wp\/v2\/types\/page"}],"author":[{"embeddable":true,"href":"https:\/\/www.zarmini.com\/fr\/wp-json\/wp\/v2\/users\/1"}],"replies":[{"embeddable":true,"href":"https:\/\/www.zarmini.com\/fr\/wp-json\/wp\/v2\/comments?post=561"}],"version-history":[{"count":4,"href":"https:\/\/www.zarmini.com\/fr\/wp-json\/wp\/v2\/pages\/561\/revisions"}],"predecessor-version":[{"id":16668,"href":"https:\/\/www.zarmini.com\/fr\/wp-json\/wp\/v2\/pages\/561\/revisions\/16668"}],"wp:attachment":[{"href":"https:\/\/www.zarmini.com\/fr\/wp-json\/wp\/v2\/media?parent=561"}],"curies":[{"name":"wp","href":"https:\/\/api.w.org\/{rel}","templated":true}]}}