{"id":578,"date":"2016-11-28T15:05:22","date_gmt":"2016-11-28T15:05:22","guid":{"rendered":"https:\/\/www.zarmini.com\/fr\/?page_id=578"},"modified":"2023-05-12T17:04:21","modified_gmt":"2023-05-12T16:04:21","slug":"alu","status":"publish","type":"page","link":"https:\/\/www.zarmini.com\/fr\/alu\/","title":{"rendered":"ALU"},"content":{"rendered":"\n<style type=\"text\/css\" data-created_by=\"avia_inline_auto\" id=\"style-css-av-lva9m-166e250ab7b7f8cbdc666fa42e215ab6\">\n#top .av-special-heading.av-lva9m-166e250ab7b7f8cbdc666fa42e215ab6{\npadding-bottom:10px;\n}\n.av-special-heading.av-lva9m-166e250ab7b7f8cbdc666fa42e215ab6 .av-subheading{\nfont-size:15px;\n}\n<\/style>\n<div  class='av-special-heading av-lva9m-166e250ab7b7f8cbdc666fa42e215ab6 av-special-heading-h1 blockquote modern-quote modern-centered  avia-builder-el-0  el_before_av_layerslider  avia-builder-el-no-sibling  '><h1 class='av-special-heading-tag '  itemprop=\"headline\"  >ZAR mini &#8211; serie ALU<\/h1><div class='av-subheading av-subheading_below '><p>Foldables with aluminium floorboards and keel &#8211; 2.70MT \u2192 4.60MT<br \/>\nCLASSIC: ALU 9, ALU 10, ALU 11, ALU 12<br \/>\nALU with speedtuber: ALU 13, ALU 14, ALU 15<\/p>\n<\/div><div class='special-heading-border'><div class='special-heading-inner-border'><\/div><\/div><\/div>\n<\/div><\/div><\/div><!-- close content main div --><\/div><\/div><div id='layer_slider_1'  class='avia-layerslider main_color avia-shadow  avia-builder-el-1  el_after_av_heading  el_before_av_masonry_entries  slider-not-first container_wrap fullsize'  style='height: 401px;'  ><\/div>\n<div id='av-masonry-1' class='av-masonry av-s4si-6dbf6e13f1b5e26ef353fef3bb5cd889 noHover av-flex-size av-large-gap av-hover-overlay- av-masonry-animation-active av-masonry-col-2 av-caption-always av-caption-style- av-masonry-entries   '><div class=\"av-masonry-container isotope av-js-disabled\"><div class='av-masonry-entry isotope-item av-masonry-item-no-image all_sort alu-fr_sort '><\/div><a href=\"https:\/\/www.zarmini.com\/fr\/tender\/alu-15\/\"  id='av-masonry-1-item-483' data-av-masonry-item='483' class='av-masonry-entry isotope-item post-483 portfolio type-portfolio status-publish has-post-thumbnail hentry portfolio_entries-alu-fr all_sort alu-fr_sort  av-masonry-item-with-image' title=\"DSC_1051\"  itemscope=\"itemscope\" itemtype=\"https:\/\/schema.org\/CreativeWork\" ><div class='av-inner-masonry-sizer'><\/div><figure class='av-inner-masonry main_color'><div class=\"av-masonry-outerimage-container\"><div class='av-masonry-image-container'   ><img decoding=\"async\" width=\"705\" height=\"470\" class=\"wp-image-8417 avia-img-lazy-loading-not-8417\"  src=\"https:\/\/www.zarmini.com\/wp-content\/uploads\/2016\/11\/DSC_1051-1-705x470.jpg\" title=\"DSC_1051\" alt=\"\" srcset=\"https:\/\/www.zarmini.com\/wp-content\/uploads\/2016\/11\/DSC_1051-1-705x470.jpg 705w, https:\/\/www.zarmini.com\/wp-content\/uploads\/2016\/11\/DSC_1051-1-300x200.jpg 300w, https:\/\/www.zarmini.com\/wp-content\/uploads\/2016\/11\/DSC_1051-1-768x512.jpg 768w, https:\/\/www.zarmini.com\/wp-content\/uploads\/2016\/11\/DSC_1051-1-1030x687.jpg 1030w, https:\/\/www.zarmini.com\/wp-content\/uploads\/2016\/11\/DSC_1051-1-450x300.jpg 450w, https:\/\/www.zarmini.com\/wp-content\/uploads\/2016\/11\/DSC_1051-1.jpg 1200w\" sizes=\"(max-width: 705px) 100vw, 705px\" \/><\/div><\/div><figcaption class='av-inner-masonry-content site-background'><div class='av-inner-masonry-content-pos'><div class='av-inner-masonry-content-pos-content'><div class='avia-arrow'><\/div><h3 class='av-masonry-entry-title entry-title '  itemprop=\"headline\" >ALU 15<\/h3><div class='av-masonry-entry-content entry-content'  itemprop=\"text\" >Longueur HORS tout460 cm<br \/>\r\nLargeur Hors Tout 216 cm<br \/>\r\nPuissance recommand\u00e9e  22 kW (30HP)<\/div><\/div><\/div><\/figcaption><\/figure><\/a><!--end av-masonry entry--><a href=\"https:\/\/www.zarmini.com\/fr\/tender\/alu-14\/\"  id='av-masonry-1-item-476' data-av-masonry-item='476' class='av-masonry-entry isotope-item post-476 portfolio type-portfolio status-publish has-post-thumbnail hentry portfolio_entries-alu-fr all_sort alu-fr_sort  av-masonry-item-with-image' title=\"DSC_1051\"  itemscope=\"itemscope\" itemtype=\"https:\/\/schema.org\/CreativeWork\" ><div class='av-inner-masonry-sizer'><\/div><figure class='av-inner-masonry main_color'><div class=\"av-masonry-outerimage-container\"><div class='av-masonry-image-container'   ><img decoding=\"async\" width=\"705\" height=\"470\" class=\"wp-image-8417 avia-img-lazy-loading-not-8417\"  src=\"https:\/\/www.zarmini.com\/wp-content\/uploads\/2016\/11\/DSC_1051-1-705x470.jpg\" title=\"DSC_1051\" alt=\"\" srcset=\"https:\/\/www.zarmini.com\/wp-content\/uploads\/2016\/11\/DSC_1051-1-705x470.jpg 705w, https:\/\/www.zarmini.com\/wp-content\/uploads\/2016\/11\/DSC_1051-1-300x200.jpg 300w, https:\/\/www.zarmini.com\/wp-content\/uploads\/2016\/11\/DSC_1051-1-768x512.jpg 768w, https:\/\/www.zarmini.com\/wp-content\/uploads\/2016\/11\/DSC_1051-1-1030x687.jpg 1030w, https:\/\/www.zarmini.com\/wp-content\/uploads\/2016\/11\/DSC_1051-1-450x300.jpg 450w, https:\/\/www.zarmini.com\/wp-content\/uploads\/2016\/11\/DSC_1051-1.jpg 1200w\" sizes=\"(max-width: 705px) 100vw, 705px\" \/><\/div><\/div><figcaption class='av-inner-masonry-content site-background'><div class='av-inner-masonry-content-pos'><div class='av-inner-masonry-content-pos-content'><div class='avia-arrow'><\/div><h3 class='av-masonry-entry-title entry-title '  itemprop=\"headline\" >ALU 14<\/h3><div class='av-masonry-entry-content entry-content'  itemprop=\"text\" >Longueur HORS tout 420 cm (13\u201910\u2033)<br \/>\r\nLargeur Hors Tout 195 cm (6\u20195\u2033)<br \/>\r\nPuissance recommand\u00e9e  22 kW (30HP)<\/div><\/div><\/div><\/figcaption><\/figure><\/a><!--end av-masonry entry--><a href=\"https:\/\/www.zarmini.com\/fr\/tender\/alu-13\/\"  id='av-masonry-1-item-469' data-av-masonry-item='469' class='av-masonry-entry isotope-item post-469 portfolio type-portfolio status-publish has-post-thumbnail hentry portfolio_entries-alu-fr all_sort alu-fr_sort  av-masonry-item-with-image' title=\"DSC_1048\"  itemscope=\"itemscope\" itemtype=\"https:\/\/schema.org\/CreativeWork\" ><div class='av-inner-masonry-sizer'><\/div><figure class='av-inner-masonry main_color'><div class=\"av-masonry-outerimage-container\"><div class='av-masonry-image-container'   ><img decoding=\"async\" width=\"705\" height=\"470\" class=\"wp-image-7563 avia-img-lazy-loading-not-7563\"  src=\"https:\/\/www.zarmini.com\/wp-content\/uploads\/2016\/11\/DSC_1048-705x470.jpg\" title=\"DSC_1048\" alt=\"\" srcset=\"https:\/\/www.zarmini.com\/wp-content\/uploads\/2016\/11\/DSC_1048-705x470.jpg 705w, https:\/\/www.zarmini.com\/wp-content\/uploads\/2016\/11\/DSC_1048-300x200.jpg 300w, https:\/\/www.zarmini.com\/wp-content\/uploads\/2016\/11\/DSC_1048-768x512.jpg 768w, https:\/\/www.zarmini.com\/wp-content\/uploads\/2016\/11\/DSC_1048-1030x687.jpg 1030w, https:\/\/www.zarmini.com\/wp-content\/uploads\/2016\/11\/DSC_1048-450x300.jpg 450w, https:\/\/www.zarmini.com\/wp-content\/uploads\/2016\/11\/DSC_1048.jpg 1200w\" sizes=\"(max-width: 705px) 100vw, 705px\" \/><\/div><\/div><figcaption class='av-inner-masonry-content site-background'><div class='av-inner-masonry-content-pos'><div class='av-inner-masonry-content-pos-content'><div class='avia-arrow'><\/div><h3 class='av-masonry-entry-title entry-title '  itemprop=\"headline\" >ALU 13<\/h3><div class='av-masonry-entry-content entry-content'  itemprop=\"text\" >Longueur HORS tout 390 cm (13\u201910\u2033)<br \/>\r\nLargeur Hors Tout 195 cm (6\u20195\u2033)<br \/>\r\nPuissance recommand\u00e9e 18.3 kW (25HP)<\/div><\/div><\/div><\/figcaption><\/figure><\/a><!--end av-masonry entry--><a href=\"https:\/\/www.zarmini.com\/fr\/tender\/alu-12\/\"  id='av-masonry-1-item-462' data-av-masonry-item='462' class='av-masonry-entry isotope-item post-462 portfolio type-portfolio status-publish has-post-thumbnail hentry portfolio_entries-alu-fr all_sort alu-fr_sort  av-masonry-item-with-image' title=\"DSC_1039\"  itemscope=\"itemscope\" itemtype=\"https:\/\/schema.org\/CreativeWork\" ><div class='av-inner-masonry-sizer'><\/div><figure class='av-inner-masonry main_color'><div class=\"av-masonry-outerimage-container\"><div class='av-masonry-image-container'   ><img decoding=\"async\" width=\"705\" height=\"470\" class=\"wp-image-7517 avia-img-lazy-loading-not-7517\"  src=\"https:\/\/www.zarmini.com\/wp-content\/uploads\/2016\/11\/DSC_1039-705x470.jpg\" title=\"DSC_1039\" alt=\"\" srcset=\"https:\/\/www.zarmini.com\/wp-content\/uploads\/2016\/11\/DSC_1039-705x470.jpg 705w, https:\/\/www.zarmini.com\/wp-content\/uploads\/2016\/11\/DSC_1039-300x200.jpg 300w, https:\/\/www.zarmini.com\/wp-content\/uploads\/2016\/11\/DSC_1039-768x512.jpg 768w, https:\/\/www.zarmini.com\/wp-content\/uploads\/2016\/11\/DSC_1039-1030x687.jpg 1030w, https:\/\/www.zarmini.com\/wp-content\/uploads\/2016\/11\/DSC_1039-450x300.jpg 450w, https:\/\/www.zarmini.com\/wp-content\/uploads\/2016\/11\/DSC_1039.jpg 1200w\" sizes=\"(max-width: 705px) 100vw, 705px\" \/><\/div><\/div><figcaption class='av-inner-masonry-content site-background'><div class='av-inner-masonry-content-pos'><div class='av-inner-masonry-content-pos-content'><div class='avia-arrow'><\/div><h3 class='av-masonry-entry-title entry-title '  itemprop=\"headline\" >ALU 12<\/h3><div class='av-masonry-entry-content entry-content'  itemprop=\"text\" >Longueur HORS tout 360 cm (11'10'')<br \/>\r\nLargeur Hors tout 195 cm (6'5'')<br \/>\r\nPuissance recommand\u00e9e 14.7 kW (20HP)<\/div><\/div><\/div><\/figcaption><\/figure><\/a><!--end av-masonry entry--><a href=\"https:\/\/www.zarmini.com\/fr\/tender\/alu-11\/\"  id='av-masonry-1-item-453' data-av-masonry-item='453' class='av-masonry-entry isotope-item post-453 portfolio type-portfolio status-publish has-post-thumbnail hentry portfolio_entries-alu-fr all_sort alu-fr_sort  av-masonry-item-with-image' title=\"alu11\"  itemscope=\"itemscope\" itemtype=\"https:\/\/schema.org\/CreativeWork\" ><div class='av-inner-masonry-sizer'><\/div><figure class='av-inner-masonry main_color'><div class=\"av-masonry-outerimage-container\"><div class='av-masonry-image-container'   ><img decoding=\"async\" width=\"705\" height=\"470\" class=\"wp-image-8598 avia-img-lazy-loading-not-8598\"  src=\"https:\/\/www.zarmini.com\/wp-content\/uploads\/2016\/11\/alu11-705x470.jpg\" title=\"alu11\" alt=\"\" srcset=\"https:\/\/www.zarmini.com\/wp-content\/uploads\/2016\/11\/alu11-705x470.jpg 705w, https:\/\/www.zarmini.com\/wp-content\/uploads\/2016\/11\/alu11-300x200.jpg 300w, https:\/\/www.zarmini.com\/wp-content\/uploads\/2016\/11\/alu11-768x512.jpg 768w, https:\/\/www.zarmini.com\/wp-content\/uploads\/2016\/11\/alu11-1030x687.jpg 1030w, https:\/\/www.zarmini.com\/wp-content\/uploads\/2016\/11\/alu11-450x300.jpg 450w, https:\/\/www.zarmini.com\/wp-content\/uploads\/2016\/11\/alu11.jpg 1200w\" sizes=\"(max-width: 705px) 100vw, 705px\" \/><\/div><\/div><figcaption class='av-inner-masonry-content site-background'><div class='av-inner-masonry-content-pos'><div class='av-inner-masonry-content-pos-content'><div class='avia-arrow'><\/div><h3 class='av-masonry-entry-title entry-title '  itemprop=\"headline\" >ALU 11<\/h3><div class='av-masonry-entry-content entry-content'  itemprop=\"text\" >Longueur HORS tout 330 cm (10'10'')<br \/>\r\nLargeur Hors tout 170 cm (5'7'')<br \/>\r\nPuissance recommand\u00e9e 14.7 kW (20HP)<\/div><\/div><\/div><\/figcaption><\/figure><\/a><!--end av-masonry entry--><a href=\"https:\/\/www.zarmini.com\/fr\/tender\/alu-10\/\"  id='av-masonry-1-item-445' data-av-masonry-item='445' class='av-masonry-entry isotope-item post-445 portfolio type-portfolio status-publish has-post-thumbnail hentry portfolio_entries-alu-fr all_sort alu-fr_sort  av-masonry-item-with-image' title=\"DSC_1024\"  itemscope=\"itemscope\" itemtype=\"https:\/\/schema.org\/CreativeWork\" ><div class='av-inner-masonry-sizer'><\/div><figure class='av-inner-masonry main_color'><div class=\"av-masonry-outerimage-container\"><div class='av-masonry-image-container'   ><img decoding=\"async\" width=\"705\" height=\"470\" class=\"wp-image-7481 avia-img-lazy-loading-not-7481\"  src=\"https:\/\/www.zarmini.com\/wp-content\/uploads\/2016\/11\/DSC_1024-705x470.jpg\" title=\"DSC_1024\" alt=\"\" srcset=\"https:\/\/www.zarmini.com\/wp-content\/uploads\/2016\/11\/DSC_1024-705x470.jpg 705w, https:\/\/www.zarmini.com\/wp-content\/uploads\/2016\/11\/DSC_1024-300x200.jpg 300w, https:\/\/www.zarmini.com\/wp-content\/uploads\/2016\/11\/DSC_1024-768x512.jpg 768w, https:\/\/www.zarmini.com\/wp-content\/uploads\/2016\/11\/DSC_1024-1030x687.jpg 1030w, https:\/\/www.zarmini.com\/wp-content\/uploads\/2016\/11\/DSC_1024-450x300.jpg 450w, https:\/\/www.zarmini.com\/wp-content\/uploads\/2016\/11\/DSC_1024.jpg 1200w\" sizes=\"(max-width: 705px) 100vw, 705px\" \/><\/div><\/div><figcaption class='av-inner-masonry-content site-background'><div class='av-inner-masonry-content-pos'><div class='av-inner-masonry-content-pos-content'><div class='avia-arrow'><\/div><h3 class='av-masonry-entry-title entry-title '  itemprop=\"headline\" >ALU 10<\/h3><div class='av-masonry-entry-content entry-content'  itemprop=\"text\" >Longueur HORS tout 300 cm (9'11'')<br \/>\r\nLargeur Hors tout 170 cm (5'7'')<br \/>\r\nPuissance recommand\u00e9e 11.0 kW (15HP)<\/div><\/div><\/div><\/figcaption><\/figure><\/a><!--end av-masonry entry--><a href=\"https:\/\/www.zarmini.com\/fr\/tender\/alu-9\/\"  id='av-masonry-1-item-313' data-av-masonry-item='313' class='av-masonry-entry isotope-item post-313 portfolio type-portfolio status-publish has-post-thumbnail hentry portfolio_entries-alu-fr all_sort alu-fr_sort  av-masonry-item-with-image' title=\"DSC_1103\"  itemscope=\"itemscope\" itemtype=\"https:\/\/schema.org\/CreativeWork\" ><div class='av-inner-masonry-sizer'><\/div><figure class='av-inner-masonry main_color'><div class=\"av-masonry-outerimage-container\"><div class='av-masonry-image-container'   ><img decoding=\"async\" width=\"705\" height=\"470\" class=\"wp-image-7446 avia-img-lazy-loading-not-7446\"  src=\"https:\/\/www.zarmini.com\/wp-content\/uploads\/2016\/11\/DSC_1103-705x470.jpg\" title=\"DSC_1103\" alt=\"\" srcset=\"https:\/\/www.zarmini.com\/wp-content\/uploads\/2016\/11\/DSC_1103-705x470.jpg 705w, https:\/\/www.zarmini.com\/wp-content\/uploads\/2016\/11\/DSC_1103-300x200.jpg 300w, https:\/\/www.zarmini.com\/wp-content\/uploads\/2016\/11\/DSC_1103-768x512.jpg 768w, https:\/\/www.zarmini.com\/wp-content\/uploads\/2016\/11\/DSC_1103-1030x687.jpg 1030w, https:\/\/www.zarmini.com\/wp-content\/uploads\/2016\/11\/DSC_1103-450x300.jpg 450w, https:\/\/www.zarmini.com\/wp-content\/uploads\/2016\/11\/DSC_1103.jpg 1200w\" sizes=\"(max-width: 705px) 100vw, 705px\" \/><\/div><\/div><figcaption class='av-inner-masonry-content site-background'><div class='av-inner-masonry-content-pos'><div class='av-inner-masonry-content-pos-content'><div class='avia-arrow'><\/div><h3 class='av-masonry-entry-title entry-title '  itemprop=\"headline\" >ALU 9<\/h3><div class='av-masonry-entry-content entry-content'  itemprop=\"text\" >Longueur HORS tout 270 cm (8'11'')<br \/>\r\nLargeur Hors tout 170 cm (5'7'')<br \/>\r\nPuissance recommand\u00e9e 7.3 kW (10HP)<\/div><\/div><\/div><\/figcaption><\/figure><\/a><!--end av-masonry entry--><\/div><\/div>\n<section class=\"av_textblock_section \"  itemscope=\"itemscope\" itemtype=\"https:\/\/schema.org\/CreativeWork\" ><div class='avia_textblock  '   itemprop=\"text\" ><p>Notre gamme ZAR miniTM ALU est l&#8217;embarcation gonflable id\u00e9ale pour les personnes \u00e0 la recherche d&rsquo;un bateau pliable fiable et s\u00fbr. Il est facile \u00e0 assembler et peut recevoir des moteurs allant jusqu&rsquo;\u00e0 40 chevaux.<\/p>\n<p>La gamme ZAR miniTM ALU peut facilement tracter des jouets et des tubes nautiques gr\u00e2ce aux deux anneaux en D install\u00e9s sur le tableau arri\u00e8re.<\/p>\n<p>Avec nos tubes \u00e0 deux vitesses sp\u00e9cialement con\u00e7us et install\u00e9s sous le tube principal des ALU13, ALU14 et ALU15, vous profiterez d&rsquo;une exp\u00e9rience unique de navigation rapide et confortable. C&rsquo;est vraiment amusant !<\/p>\n<p>Toutes les embarcations gonflables ALU pliables de ZAR miniTM sont fabriqu\u00e9es \u00e0 partir d&rsquo;un mat\u00e9riau PVC de haute qualit\u00e9 renforc\u00e9 de 5 couches de 1 100 dtex, pesant 1 050 g\/m2 et d&rsquo;une \u00e9paisseur de 0,9 mm. Toutes les coutures PVC de nos chambres \u00e0 tube ZAR miniTM sont soud\u00e9es*. Pour r\u00e9duire le poids, nous utilisons un plancher en aluminium tr\u00e8s r\u00e9sistant mais l\u00e9ger que nous fabriquons nous-m\u00eames. Des mat\u00e9riaux de haute qualit\u00e9 associ\u00e9s \u00e0 une recherche et un d\u00e9veloppement constants sont la cl\u00e9 du succ\u00e8s.<\/p>\n<p>Tous les bateaux sont \u00e9quip\u00e9s d&rsquo;une soupape de surpression en \u00e9quipement standard, qui prot\u00e9gera votre tube lors d&rsquo;un gonflage correct.<\/p>\n<p>Chaque embarcation gonflable ZAR miniTM passe un contr\u00f4le de qualit\u00e9 tr\u00e8s strict avant d&rsquo;\u00eatre livr\u00e9e \u00e0 nos pr\u00e9cieux clients. Dans le cas o\u00f9 une erreur passerait le contr\u00f4le qualit\u00e9, vous serez prot\u00e9g\u00e9 par notre garantie limit\u00e9e de 2 ans apr\u00e8s l&rsquo;enregistrement de votre bateau chez nous.<\/p>\n<p>Avec notre \u00e9quipement standard large et notre design italien moderne avec un arc extra-large, les embarcations gonflables ZAR miniTM sont uniques en leur genre.<\/p>\n<p>La gamme ZAR miniTM ALU est id\u00e9ale pour tracter des jouets nautiques, la plong\u00e9e sous-marine et la p\u00eache. Un must absolu pour chaque vacance.<\/p>\n<\/div><\/section>\n","protected":false},"excerpt":{"rendered":"","protected":false},"author":1,"featured_media":0,"parent":0,"menu_order":0,"comment_status":"closed","ping_status":"closed","template":"","meta":{"footnotes":""},"class_list":["post-578","page","type-page","status-publish","hentry"],"_links":{"self":[{"href":"https:\/\/www.zarmini.com\/fr\/wp-json\/wp\/v2\/pages\/578","targetHints":{"allow":["GET"]}}],"collection":[{"href":"https:\/\/www.zarmini.com\/fr\/wp-json\/wp\/v2\/pages"}],"about":[{"href":"https:\/\/www.zarmini.com\/fr\/wp-json\/wp\/v2\/types\/page"}],"author":[{"embeddable":true,"href":"https:\/\/www.zarmini.com\/fr\/wp-json\/wp\/v2\/users\/1"}],"replies":[{"embeddable":true,"href":"https:\/\/www.zarmini.com\/fr\/wp-json\/wp\/v2\/comments?post=578"}],"version-history":[{"count":5,"href":"https:\/\/www.zarmini.com\/fr\/wp-json\/wp\/v2\/pages\/578\/revisions"}],"predecessor-version":[{"id":16637,"href":"https:\/\/www.zarmini.com\/fr\/wp-json\/wp\/v2\/pages\/578\/revisions\/16637"}],"wp:attachment":[{"href":"https:\/\/www.zarmini.com\/fr\/wp-json\/wp\/v2\/media?parent=578"}],"curies":[{"name":"wp","href":"https:\/\/api.w.org\/{rel}","templated":true}]}}