{"id":586,"date":"2016-11-28T15:07:29","date_gmt":"2016-11-28T15:07:29","guid":{"rendered":"https:\/\/www.zarmini.com\/fr\/?page_id=586"},"modified":"2023-05-12T17:04:35","modified_gmt":"2023-05-12T16:04:35","slug":"fun","status":"publish","type":"page","link":"https:\/\/www.zarmini.com\/fr\/fun\/","title":{"rendered":"FUN"},"content":{"rendered":"\n<style type=\"text\/css\" data-created_by=\"avia_inline_auto\" id=\"style-css-av-av_heading-818d77bacfbd7bccb3174adaefedb645\">\n#top .av-special-heading.av-av_heading-818d77bacfbd7bccb3174adaefedb645{\npadding-bottom:10px;\n}\n.av-special-heading.av-av_heading-818d77bacfbd7bccb3174adaefedb645 .av-subheading{\nfont-size:15px;\n}\n<\/style>\n<div  class='av-special-heading av-av_heading-818d77bacfbd7bccb3174adaefedb645 av-special-heading-h1 blockquote modern-quote modern-centered  avia-builder-el-0  el_before_av_layerslider  avia-builder-el-no-sibling  '><h1 class='av-special-heading-tag '  itemprop=\"headline\"  >ZAR mini &#8211; serie FUN<\/h1><div class='av-subheading av-subheading_below '><p>Slatted deck &#8211; Ultra light roll up- 1.80MT \u2192 2.40MT<\/p>\n<\/div><div class='special-heading-border'><div class='special-heading-inner-border'><\/div><\/div><\/div>\n<\/div><\/div><\/div><!-- close content main div --><\/div><\/div><div id='layer_slider_1'  class='avia-layerslider main_color avia-shadow  avia-builder-el-1  el_after_av_heading  el_before_av_masonry_entries  slider-not-first container_wrap fullsize'  style='height: 401px;'  ><\/div>\n<div id='av-masonry-1' class='av-masonry av-av_masonry_entries-2540865da1bb5e7e90a90a21c5bb5da5 noHover av-flex-size av-large-gap av-hover-overlay- av-masonry-animation-active av-masonry-col-2 av-caption-always av-caption-style- av-masonry-entries   '><div class=\"av-masonry-container isotope av-js-disabled\"><div class='av-masonry-entry isotope-item av-masonry-item-no-image all_sort fun-fr_sort '><\/div><a href=\"https:\/\/www.zarmini.com\/fr\/tender\/fun-8\/\"  id='av-masonry-1-item-513' data-av-masonry-item='513' class='av-masonry-entry isotope-item post-513 portfolio type-portfolio status-publish has-post-thumbnail hentry portfolio_entries-fun-fr all_sort fun-fr_sort  av-masonry-item-with-image' title=\"DSC_1091\"  itemscope=\"itemscope\" itemtype=\"https:\/\/schema.org\/CreativeWork\" ><div class='av-inner-masonry-sizer'><\/div><figure class='av-inner-masonry main_color'><div class=\"av-masonry-outerimage-container\"><div class='av-masonry-image-container'   ><img decoding=\"async\" width=\"705\" height=\"470\" class=\"wp-image-7681 avia-img-lazy-loading-not-7681\"  src=\"https:\/\/www.zarmini.com\/wp-content\/uploads\/2016\/11\/DSC_1091-705x470.jpg\" title=\"DSC_1091\" alt=\"\" srcset=\"https:\/\/www.zarmini.com\/wp-content\/uploads\/2016\/11\/DSC_1091-705x470.jpg 705w, https:\/\/www.zarmini.com\/wp-content\/uploads\/2016\/11\/DSC_1091-300x200.jpg 300w, https:\/\/www.zarmini.com\/wp-content\/uploads\/2016\/11\/DSC_1091-768x512.jpg 768w, https:\/\/www.zarmini.com\/wp-content\/uploads\/2016\/11\/DSC_1091-1030x687.jpg 1030w, https:\/\/www.zarmini.com\/wp-content\/uploads\/2016\/11\/DSC_1091-450x300.jpg 450w, https:\/\/www.zarmini.com\/wp-content\/uploads\/2016\/11\/DSC_1091.jpg 1200w\" sizes=\"(max-width: 705px) 100vw, 705px\" \/><\/div><\/div><figcaption class='av-inner-masonry-content site-background'><div class='av-inner-masonry-content-pos'><div class='av-inner-masonry-content-pos-content'><div class='avia-arrow'><\/div><h3 class='av-masonry-entry-title entry-title '  itemprop=\"headline\" >FUN 8<\/h3><div class='av-masonry-entry-content entry-content'  itemprop=\"text\" >Longueur HORS tout\t240 cm (7\u201911\u2033)<br \/>\r\nLargeur Hors Tout 145 cm (4\u20199\u2033)<br \/>\r\nPuissance recommand\u00e9e 2.2 kW (3HP)<\/div><\/div><\/div><\/figcaption><\/figure><\/a><!--end av-masonry entry--><a href=\"https:\/\/www.zarmini.com\/fr\/tender\/fun-7\/\"  id='av-masonry-1-item-505' data-av-masonry-item='505' class='av-masonry-entry isotope-item post-505 portfolio type-portfolio status-publish has-post-thumbnail hentry portfolio_entries-fun-fr all_sort fun-fr_sort  av-masonry-item-with-image' title=\"DSC_1082\"  itemscope=\"itemscope\" itemtype=\"https:\/\/schema.org\/CreativeWork\" ><div class='av-inner-masonry-sizer'><\/div><figure class='av-inner-masonry main_color'><div class=\"av-masonry-outerimage-container\"><div class='av-masonry-image-container'   ><img decoding=\"async\" width=\"705\" height=\"470\" class=\"wp-image-7646 avia-img-lazy-loading-not-7646\"  src=\"https:\/\/www.zarmini.com\/wp-content\/uploads\/2016\/11\/DSC_1082-705x470.jpg\" title=\"DSC_1082\" alt=\"\" srcset=\"https:\/\/www.zarmini.com\/wp-content\/uploads\/2016\/11\/DSC_1082-705x470.jpg 705w, https:\/\/www.zarmini.com\/wp-content\/uploads\/2016\/11\/DSC_1082-300x200.jpg 300w, https:\/\/www.zarmini.com\/wp-content\/uploads\/2016\/11\/DSC_1082-768x512.jpg 768w, https:\/\/www.zarmini.com\/wp-content\/uploads\/2016\/11\/DSC_1082-1030x687.jpg 1030w, https:\/\/www.zarmini.com\/wp-content\/uploads\/2016\/11\/DSC_1082-450x300.jpg 450w, https:\/\/www.zarmini.com\/wp-content\/uploads\/2016\/11\/DSC_1082.jpg 1200w\" sizes=\"(max-width: 705px) 100vw, 705px\" \/><\/div><\/div><figcaption class='av-inner-masonry-content site-background'><div class='av-inner-masonry-content-pos'><div class='av-inner-masonry-content-pos-content'><div class='avia-arrow'><\/div><h3 class='av-masonry-entry-title entry-title '  itemprop=\"headline\" >FUN 7<\/h3><div class='av-masonry-entry-content entry-content'  itemprop=\"text\" >Longueur HORS tout\t210 cm (6\u201911\u2033)<br \/>\r\nLargeur Hors Tout 145 cm (4\u20199\u2033)<br \/>\r\nPuissance recommand\u00e9e 2.2 kW (3HP)<\/div><\/div><\/div><\/figcaption><\/figure><\/a><!--end av-masonry entry--><a href=\"https:\/\/www.zarmini.com\/fr\/tender\/fun-6\/\"  id='av-masonry-1-item-498' data-av-masonry-item='498' class='av-masonry-entry isotope-item post-498 portfolio type-portfolio status-publish has-post-thumbnail hentry portfolio_entries-fun-fr all_sort fun-fr_sort  av-masonry-item-with-image' title=\"DSC_1021\"  itemscope=\"itemscope\" itemtype=\"https:\/\/schema.org\/CreativeWork\" ><div class='av-inner-masonry-sizer'><\/div><figure class='av-inner-masonry main_color'><div class=\"av-masonry-outerimage-container\"><div class='av-masonry-image-container'   ><img decoding=\"async\" width=\"705\" height=\"470\" class=\"wp-image-7612 avia-img-lazy-loading-not-7612\"  src=\"https:\/\/www.zarmini.com\/wp-content\/uploads\/2016\/11\/DSC_1021-705x470.jpg\" title=\"DSC_1021\" alt=\"\" srcset=\"https:\/\/www.zarmini.com\/wp-content\/uploads\/2016\/11\/DSC_1021-705x470.jpg 705w, https:\/\/www.zarmini.com\/wp-content\/uploads\/2016\/11\/DSC_1021-300x200.jpg 300w, https:\/\/www.zarmini.com\/wp-content\/uploads\/2016\/11\/DSC_1021-768x512.jpg 768w, https:\/\/www.zarmini.com\/wp-content\/uploads\/2016\/11\/DSC_1021-1030x687.jpg 1030w, https:\/\/www.zarmini.com\/wp-content\/uploads\/2016\/11\/DSC_1021-450x300.jpg 450w, https:\/\/www.zarmini.com\/wp-content\/uploads\/2016\/11\/DSC_1021.jpg 1200w\" sizes=\"(max-width: 705px) 100vw, 705px\" \/><\/div><\/div><figcaption class='av-inner-masonry-content site-background'><div class='av-inner-masonry-content-pos'><div class='av-inner-masonry-content-pos-content'><div class='avia-arrow'><\/div><h3 class='av-masonry-entry-title entry-title '  itemprop=\"headline\" >FUN 6<\/h3><div class='av-masonry-entry-content entry-content'  itemprop=\"text\" >Longueur HORS tout\t180 cm (5\u201911\u2033)<br \/>\r\nLargeur Hors Tout 145 cm (4\u20199\u2033)<br \/>\r\nPuissance recommand\u00e9e 2.2 kW (3HP)<\/div><\/div><\/div><\/figcaption><\/figure><\/a><!--end av-masonry entry--><\/div><\/div>\n<section class=\"av_textblock_section \"  itemscope=\"itemscope\" itemtype=\"https:\/\/schema.org\/CreativeWork\" ><div class='avia_textblock  '   itemprop=\"text\" ><p>La gamme ZAR miniTM FUN offre une solution de bateau gonflable fiable et compacte pour ceux qui cherchent un bateau petit et pliable. Con\u00e7u comme un tender l\u00e9ger pour les petites yachts \u00e0 moteur et \u00e0 voile, ce dinghy est incroyablement facile \u00e0 assembler et \u00e0 ranger.<\/p>\n<p>Le pont en bois \u00e0 lattes peut \u00eatre rapidement enroul\u00e9, rendant tout l\u00e9ger et facile \u00e0 utiliser. En fait, gonfler et d\u00e9gonfler les tubes est pratiquement tout ce que vous avez \u00e0 faire. Nos gonflables FUN disposent de 5 couches de PVC de haute qualit\u00e9 renforc\u00e9 de 1.100 dtex, avec un poids de 1.050g\/m2 et une \u00e9paisseur de 0,9mm. Les coutures en PVC de nos chambres \u00e0 tube ZAR miniTM sont soud\u00e9es pour une durabilit\u00e9 accrue.<\/p>\n<p>Nos bateaux sont \u00e9quip\u00e9s d&rsquo;une valve de surpression pour prot\u00e9ger votre tube lorsqu&rsquo;il est gonfl\u00e9 correctement. Nous soumettons chaque bateau gonflable ZAR miniTM \u00e0 un contr\u00f4le qualit\u00e9 strict avant la livraison et offrons une garantie limit\u00e9e de 2 ans en cas de d\u00e9fauts de fabrication.<\/p>\n<p>Avec un design italien moderne et une proue extra-large, nos gonflables sont \u00e0 la fois \u00e9l\u00e9gants et fonctionnels. La gamme ZAR miniTM FUN est id\u00e9ale pour les courtes distances et le stockage dans des espaces r\u00e9duits comme sur un yacht ou dans une voiture.<\/p>\n<\/div><\/section>\n","protected":false},"excerpt":{"rendered":"","protected":false},"author":1,"featured_media":0,"parent":0,"menu_order":0,"comment_status":"closed","ping_status":"closed","template":"","meta":{"footnotes":""},"class_list":["post-586","page","type-page","status-publish","hentry"],"_links":{"self":[{"href":"https:\/\/www.zarmini.com\/fr\/wp-json\/wp\/v2\/pages\/586","targetHints":{"allow":["GET"]}}],"collection":[{"href":"https:\/\/www.zarmini.com\/fr\/wp-json\/wp\/v2\/pages"}],"about":[{"href":"https:\/\/www.zarmini.com\/fr\/wp-json\/wp\/v2\/types\/page"}],"author":[{"embeddable":true,"href":"https:\/\/www.zarmini.com\/fr\/wp-json\/wp\/v2\/users\/1"}],"replies":[{"embeddable":true,"href":"https:\/\/www.zarmini.com\/fr\/wp-json\/wp\/v2\/comments?post=586"}],"version-history":[{"count":4,"href":"https:\/\/www.zarmini.com\/fr\/wp-json\/wp\/v2\/pages\/586\/revisions"}],"predecessor-version":[{"id":16670,"href":"https:\/\/www.zarmini.com\/fr\/wp-json\/wp\/v2\/pages\/586\/revisions\/16670"}],"wp:attachment":[{"href":"https:\/\/www.zarmini.com\/fr\/wp-json\/wp\/v2\/media?parent=586"}],"curies":[{"name":"wp","href":"https:\/\/api.w.org\/{rel}","templated":true}]}}