{"id":6167,"date":"2016-11-28T14:58:09","date_gmt":"2016-11-28T14:58:09","guid":{"rendered":"https:\/\/www.zarmini.com\/rib-3\/"},"modified":"2023-05-12T17:03:24","modified_gmt":"2023-05-12T16:03:24","slug":"lux","status":"publish","type":"page","link":"https:\/\/www.zarmini.com\/fr\/lux\/","title":{"rendered":"LUX"},"content":{"rendered":"\n<style type=\"text\/css\" data-created_by=\"avia_inline_auto\" id=\"style-css-av-kfh1qyu5-08cfe310e48e2386aee6426f170b4f44\">\n#top .av-special-heading.av-kfh1qyu5-08cfe310e48e2386aee6426f170b4f44{\npadding-bottom:10px;\n}\n.av-special-heading.av-kfh1qyu5-08cfe310e48e2386aee6426f170b4f44 .av-subheading{\nfont-size:15px;\n}\n<\/style>\n<div  class='av-special-heading av-kfh1qyu5-08cfe310e48e2386aee6426f170b4f44 av-special-heading-h1 blockquote modern-quote modern-centered  avia-builder-el-0  el_before_av_textblock  avia-builder-el-first  '><h1 class='av-special-heading-tag '  itemprop=\"headline\"  >ZAR mini &#8211; serie LUX<\/h1><div class='av-subheading av-subheading_below '><p>ALUMINIUM RIB TENDER &#8211; 3.50MT \u2192 5.50MT<br \/>\nequipped with V and double floor with bow locker<\/p>\n<\/div><div class='special-heading-border'><div class='special-heading-inner-border'><\/div><\/div><\/div>\n<section class=\"av_textblock_section \"  itemscope=\"itemscope\" itemtype=\"https:\/\/schema.org\/CreativeWork\" ><div class='avia_textblock  '   itemprop=\"text\" ><p>D\u00e9couvrez notre magnifique gamme ZAR mini\u2122 LUX avec ses diff\u00e9rentes tailles et versions. Tous les bateaux sont \u00e9quip\u00e9s d&rsquo;un coffre avant et d&rsquo;un double plancher plat. La coque et le cockpit ont \u00e9t\u00e9 con\u00e7us pour l&rsquo;autovidage. Les bateaux offrent en \u00e9quipement standard un plancher en PU design teck, un coussin et un dossier d&rsquo;\u00e9trave, une plaque de marche avant, un prot\u00e8ge-quille, un support de bimini, une console de pilotage de luxe et une coque renforc\u00e9e.<\/p>\n<div class=\"show_more\"><p class=\"wpsm-show\" style=\"color: #cc0000; font-size: 100%; text-align: left;\"> READ MORE<\/p><div class=\"wpsm-content\"><\/p>\n<p>En tant qu&rsquo;\u00e9quipement optionnel, vous pouvez choisir parmi une vari\u00e9t\u00e9 de toits ouvrants, de pompes de cale, de marches de bain et bien plus encore. Demandez \u00e0 votre revendeur ZAR mini\u2122 pour plus de d\u00e9tails.<\/p>\n<p>La ligne ZAR mini\u2122 LUX est capable de tracter des jouets nautiques, du ski nautique (\u00e0 partir de 30 ch) et des tubes gr\u00e2ce aux deux anneaux en D install\u00e9s sur le tableau arri\u00e8re. Vous pouvez \u00e9galement installer un m\u00e2t de remorquage derri\u00e8re le dossier pour faire du wakeboard.<\/p>\n<p>Chaque ZAR mini\u2122 dispose de quatre points de levage Davit. Deux \u00e0 l&rsquo;avant et deux \u00e0 l&rsquo;arri\u00e8re.<\/p>\n<p>Gr\u00e2ce \u00e0 sa coque en aluminium tr\u00e8s l\u00e9g\u00e8re, ce bateau peut aller tr\u00e8s vite et planer facilement avec un moteur plus petit. Contrairement aux coques en fibre de verre, la coque en aluminium ne rencontre aucun probl\u00e8me d&rsquo;Osmoses ou de d\u00e9fauts de gel coat. Elle est plus durable et ne devient pas plus lourde avec l&rsquo;utilisation. La coque en aluminium est sp\u00e9cialement fabriqu\u00e9e et rev\u00eatue de poudre pour r\u00e9sister \u00e0 la corrosion et \u00e0 l&rsquo;eau sal\u00e9e. Profitez pleinement de votre ZAR mini\u2122 RIB.<\/p>\n<p>Tous les pneumatiques RIB ZAR mini\u2122 jusqu&rsquo;\u00e0 RIB14 ont une qualit\u00e9 de PVC de 1,100 dtex renforc\u00e9 \u00e0 5 couches avec un poids de 1,050 g\/m2 et une \u00e9paisseur de 0,9 mm.<\/p>\n<p>Tous les pneumatiques RIB ZAR mini\u2122 \u00e0 partir de RIB15 ont une qualit\u00e9 de PVC de 1,100 dtex renforc\u00e9 \u00e0 5 couches avec un poids de 1,500 g\/m2 et une \u00e9paisseur de 1,2 mm.<\/p>\n<p>Tous les bateaux gonflables ZAR mini\u2122 sont \u00e9galement disponibles en CSM (anciennement connu sous le nom de Hypalon\u2122 de DuPont\u2122) avec un design sp\u00e9cial. Contactez votre revendeur ZAR mini\u2122 pour plus de d\u00e9tails. Le CSM est plus r\u00e9sistant aux rayons UV, aux acides, aux alcalis, \u00e0 l&rsquo;eau sal\u00e9e, \u00e0 la chaleur et au froid, et dure plus longtemps que le PVC. Nous utilisons le meilleur mat\u00e9riau sur le march\u00e9 mondial depuis 60 ans, le Hypatex\u2122.<\/p>\n<p>Toutes les chambres \u00e0 tubes ZAR mini\u2122 ont des rev\u00eatements en PVC soud\u00e9s*. Tous les bateaux disposent d&rsquo;une soupape de surpression en \u00e9quipement standard pour prot\u00e9ger votre tube lorsqu&rsquo;il est correctement gonfl\u00e9. Les mat\u00e9riaux de haute qualit\u00e9 associ\u00e9s \u00e0 une recherche et un d\u00e9veloppement constants sont la cl\u00e9 de notre succ\u00e8s.<\/p>\n<p>Chaque bateau pneumatique ZAR mini\u2122 subit un contr\u00f4le qualit\u00e9 rigoureux avant d&rsquo;\u00eatre livr\u00e9 \u00e0 nos clients. Et si, exceptionnellement, une erreur venait \u00e0 passer notre contr\u00f4le, notre garantie limit\u00e9e de 2 ans vous prot\u00e9gera apr\u00e8s l&rsquo;enregistrement de votre bateau chez nous.<\/p>\n<p>Gr\u00e2ce \u00e0 notre \u00e9quipement standard de qualit\u00e9 sup\u00e9rieure et \u00e0 notre design italien moderne, les structures gonflables ZAR mini\u2122 sont uniques en leur genre.<\/p>\n<p>Pour tous les sports nautiques, trouvez le ZAR mini\u2122 RIB correspondant \u00e0 vos attentes : ski nautique, croisi\u00e8re, plong\u00e9e sous-marine, p\u00eache ou en tant qu&rsquo;annexe pour votre yacht. ZAR mini\u2122 LUX est l\u00e0 pour vous satisfaire. <p class=\"wpsm-hide\" style=\"color: #cc0000; font-size: 100%; text-align: left;\"> CLOSE<\/p><\/div><\/div>\n<\/div><\/section>\n<div id='av-masonry-1' class='av-masonry av-21c3c4-1f5ff277171a08c9d0999266e4afe8cb noHover av-flex-size av-large-gap av-hover-overlay- av-masonry-animation-active av-masonry-col-2 av-caption-always av-caption-style- av-masonry-entries   '><div class=\"av-masonry-container isotope av-js-disabled\"><div class='av-masonry-entry isotope-item av-masonry-item-no-image all_sort lux-fr_sort '><\/div><a href=\"https:\/\/www.zarmini.com\/fr\/tender\/zar-mini-lux-rider-14\/\"  id='av-masonry-1-item-9810' data-av-masonry-item='9810' class='av-masonry-entry isotope-item post-9810 portfolio type-portfolio status-publish has-post-thumbnail hentry portfolio_entries-lux-fr all_sort lux-fr_sort  av-masonry-item-with-image' title=\"ZARMINI &#8211; LUX 14 (13)\"  itemscope=\"itemscope\" itemtype=\"https:\/\/schema.org\/CreativeWork\" ><div class='av-inner-masonry-sizer'><\/div><figure class='av-inner-masonry main_color'><div class=\"av-masonry-outerimage-container\"><div class='av-masonry-image-container'   ><img decoding=\"async\" width=\"705\" height=\"470\" class=\"wp-image-11578 avia-img-lazy-loading-not-11578\"  src=\"https:\/\/www.zarmini.com\/wp-content\/uploads\/2018\/09\/ZARMINI-LUX-14-13-705x470.jpg\" title=\"ZARMINI &#8211; LUX 14 (13)\" alt=\"\" srcset=\"https:\/\/www.zarmini.com\/wp-content\/uploads\/2018\/09\/ZARMINI-LUX-14-13-705x470.jpg 705w, https:\/\/www.zarmini.com\/wp-content\/uploads\/2018\/09\/ZARMINI-LUX-14-13-300x200.jpg 300w, https:\/\/www.zarmini.com\/wp-content\/uploads\/2018\/09\/ZARMINI-LUX-14-13-1030x687.jpg 1030w, https:\/\/www.zarmini.com\/wp-content\/uploads\/2018\/09\/ZARMINI-LUX-14-13-768x512.jpg 768w, https:\/\/www.zarmini.com\/wp-content\/uploads\/2018\/09\/ZARMINI-LUX-14-13.jpg 1500w\" sizes=\"(max-width: 705px) 100vw, 705px\" \/><\/div><\/div><figcaption class='av-inner-masonry-content site-background'><div class='av-inner-masonry-content-pos'><div class='av-inner-masonry-content-pos-content'><div class='avia-arrow'><\/div><h3 class='av-masonry-entry-title entry-title '  itemprop=\"headline\" >ZAR mini &#8211; LUX Rider 14<\/h3><div class='av-masonry-entry-content entry-content'  itemprop=\"text\" >Longueur HORS tout 420 cm <br \/>\r\nLargeur Hors Tout 210 cm <br \/>\r\nPuissance recommand\u00e9e  40HP<\/div><\/div><\/div><\/figcaption><\/figure><\/a><!--end av-masonry entry--><a href=\"https:\/\/www.zarmini.com\/fr\/tender\/zar-mini-lux-rider-15\/\"  id='av-masonry-1-item-9882' data-av-masonry-item='9882' class='av-masonry-entry isotope-item post-9882 portfolio type-portfolio status-publish has-post-thumbnail hentry portfolio_entries-lux-fr all_sort lux-fr_sort  av-masonry-item-with-image' title=\"Lux Rider 15 (9)\"  itemscope=\"itemscope\" itemtype=\"https:\/\/schema.org\/CreativeWork\" ><div class='av-inner-masonry-sizer'><\/div><figure class='av-inner-masonry main_color'><div class=\"av-masonry-outerimage-container\"><div class='av-masonry-image-container'   ><img decoding=\"async\" width=\"705\" height=\"470\" class=\"wp-image-12819 avia-img-lazy-loading-not-12819\"  src=\"https:\/\/www.zarmini.com\/wp-content\/uploads\/2018\/09\/Lux-Rider-15-9-705x470.jpg\" title=\"Lux Rider 15 (9)\" alt=\"\" srcset=\"https:\/\/www.zarmini.com\/wp-content\/uploads\/2018\/09\/Lux-Rider-15-9-705x470.jpg 705w, https:\/\/www.zarmini.com\/wp-content\/uploads\/2018\/09\/Lux-Rider-15-9-300x200.jpg 300w, https:\/\/www.zarmini.com\/wp-content\/uploads\/2018\/09\/Lux-Rider-15-9-1030x687.jpg 1030w, https:\/\/www.zarmini.com\/wp-content\/uploads\/2018\/09\/Lux-Rider-15-9-768x512.jpg 768w, https:\/\/www.zarmini.com\/wp-content\/uploads\/2018\/09\/Lux-Rider-15-9-1536x1024.jpg 1536w, https:\/\/www.zarmini.com\/wp-content\/uploads\/2018\/09\/Lux-Rider-15-9-1500x1000.jpg 1500w, https:\/\/www.zarmini.com\/wp-content\/uploads\/2018\/09\/Lux-Rider-15-9.jpg 1600w\" sizes=\"(max-width: 705px) 100vw, 705px\" \/><\/div><\/div><figcaption class='av-inner-masonry-content site-background'><div class='av-inner-masonry-content-pos'><div class='av-inner-masonry-content-pos-content'><div class='avia-arrow'><\/div><h3 class='av-masonry-entry-title entry-title '  itemprop=\"headline\" >ZAR mini &#8211; LUX Rider 15<\/h3><div class='av-masonry-entry-content entry-content'  itemprop=\"text\" >Longueur HORS tout \t460 cm <br \/>\r\nLargeur Hors Tout  210 cm <br \/>\r\nPuissance recommand\u00e9e  50HP<\/div><\/div><\/div><\/figcaption><\/figure><\/a><!--end av-masonry entry--><a href=\"https:\/\/www.zarmini.com\/fr\/tender\/zar-mini-lux-rider-16\/\"  id='av-masonry-1-item-9941' data-av-masonry-item='9941' class='av-masonry-entry isotope-item post-9941 portfolio type-portfolio status-publish has-post-thumbnail hentry portfolio_entries-lux-fr all_sort lux-fr_sort  av-masonry-item-with-image' title=\"RIDER16\"  itemscope=\"itemscope\" itemtype=\"https:\/\/schema.org\/CreativeWork\" ><div class='av-inner-masonry-sizer'><\/div><figure class='av-inner-masonry main_color'><div class=\"av-masonry-outerimage-container\"><div class='av-masonry-image-container'   ><img decoding=\"async\" width=\"705\" height=\"470\" class=\"wp-image-12740 avia-img-lazy-loading-not-12740\"  src=\"https:\/\/www.zarmini.com\/wp-content\/uploads\/2018\/09\/RIDER16-705x470.jpg\" title=\"RIDER16\" alt=\"\" srcset=\"https:\/\/www.zarmini.com\/wp-content\/uploads\/2018\/09\/RIDER16-705x470.jpg 705w, https:\/\/www.zarmini.com\/wp-content\/uploads\/2018\/09\/RIDER16-300x200.jpg 300w, https:\/\/www.zarmini.com\/wp-content\/uploads\/2018\/09\/RIDER16-1030x687.jpg 1030w, https:\/\/www.zarmini.com\/wp-content\/uploads\/2018\/09\/RIDER16-768x512.jpg 768w, https:\/\/www.zarmini.com\/wp-content\/uploads\/2018\/09\/RIDER16.jpg 1200w\" sizes=\"(max-width: 705px) 100vw, 705px\" \/><\/div><\/div><figcaption class='av-inner-masonry-content site-background'><div class='av-inner-masonry-content-pos'><div class='av-inner-masonry-content-pos-content'><div class='avia-arrow'><\/div><h3 class='av-masonry-entry-title entry-title '  itemprop=\"headline\" >ZAR mini &#8211; LUX Rider 16<\/h3><div class='av-masonry-entry-content entry-content'  itemprop=\"text\" >Longueur HORS tout \t500 cm <br \/>\r\nLargeur Hors Tout 224 cm <br \/>\r\nPuissance recommand\u00e9e  80HP<\/div><\/div><\/div><\/figcaption><\/figure><\/a><!--end av-masonry entry--><a href=\"https:\/\/www.zarmini.com\/fr\/tender\/zar-mini-lux-rider-18\/\"  id='av-masonry-1-item-9996' data-av-masonry-item='9996' class='av-masonry-entry isotope-item post-9996 portfolio type-portfolio status-publish has-post-thumbnail hentry portfolio_entries-lux-fr all_sort lux-fr_sort  av-masonry-item-with-image' title=\"2\"  itemscope=\"itemscope\" itemtype=\"https:\/\/schema.org\/CreativeWork\" ><div class='av-inner-masonry-sizer'><\/div><figure class='av-inner-masonry main_color'><div class=\"av-masonry-outerimage-container\"><div class='av-masonry-image-container'   ><img decoding=\"async\" width=\"705\" height=\"470\" class=\"wp-image-10182 avia-img-lazy-loading-not-10182\"  src=\"https:\/\/www.zarmini.com\/wp-content\/uploads\/2020\/09\/2-705x470.jpg\" title=\"2\" alt=\"\" srcset=\"https:\/\/www.zarmini.com\/wp-content\/uploads\/2020\/09\/2-705x470.jpg 705w, https:\/\/www.zarmini.com\/wp-content\/uploads\/2020\/09\/2-300x200.jpg 300w, https:\/\/www.zarmini.com\/wp-content\/uploads\/2020\/09\/2-1030x687.jpg 1030w, https:\/\/www.zarmini.com\/wp-content\/uploads\/2020\/09\/2-768x512.jpg 768w, https:\/\/www.zarmini.com\/wp-content\/uploads\/2020\/09\/2.jpg 1200w\" sizes=\"(max-width: 705px) 100vw, 705px\" \/><\/div><\/div><figcaption class='av-inner-masonry-content site-background'><div class='av-inner-masonry-content-pos'><div class='av-inner-masonry-content-pos-content'><div class='avia-arrow'><\/div><h3 class='av-masonry-entry-title entry-title '  itemprop=\"headline\" >ZAR mini &#8211; LUX Rider 18<\/h3><div class='av-masonry-entry-content entry-content'  itemprop=\"text\" >Longueur HORS tout \t550 cm <br \/>\r\nLargeur Hors Tout 235 cm <br \/>\r\nPuissance recommand\u00e9e  100HP<\/div><\/div><\/div><\/figcaption><\/figure><\/a><!--end av-masonry entry--><\/div><\/div>\n","protected":false},"excerpt":{"rendered":"","protected":false},"author":1,"featured_media":0,"parent":0,"menu_order":0,"comment_status":"closed","ping_status":"closed","template":"","meta":{"footnotes":""},"class_list":["post-6167","page","type-page","status-publish","hentry"],"_links":{"self":[{"href":"https:\/\/www.zarmini.com\/fr\/wp-json\/wp\/v2\/pages\/6167","targetHints":{"allow":["GET"]}}],"collection":[{"href":"https:\/\/www.zarmini.com\/fr\/wp-json\/wp\/v2\/pages"}],"about":[{"href":"https:\/\/www.zarmini.com\/fr\/wp-json\/wp\/v2\/types\/page"}],"author":[{"embeddable":true,"href":"https:\/\/www.zarmini.com\/fr\/wp-json\/wp\/v2\/users\/1"}],"replies":[{"embeddable":true,"href":"https:\/\/www.zarmini.com\/fr\/wp-json\/wp\/v2\/comments?post=6167"}],"version-history":[{"count":4,"href":"https:\/\/www.zarmini.com\/fr\/wp-json\/wp\/v2\/pages\/6167\/revisions"}],"predecessor-version":[{"id":16667,"href":"https:\/\/www.zarmini.com\/fr\/wp-json\/wp\/v2\/pages\/6167\/revisions\/16667"}],"wp:attachment":[{"href":"https:\/\/www.zarmini.com\/fr\/wp-json\/wp\/v2\/media?parent=6167"}],"curies":[{"name":"wp","href":"https:\/\/api.w.org\/{rel}","templated":true}]}}