{"id":12946,"date":"2021-07-05T08:46:17","date_gmt":"2021-07-05T07:46:17","guid":{"rendered":"https:\/\/www.zarmini.com\/job-offer-pvc-csm-processing-manufacturing-m-f\/"},"modified":"2021-07-05T08:54:27","modified_gmt":"2021-07-05T07:54:27","slug":"offerta-di-lavoro-lavorazione-produzione-pvc-csm-m-f","status":"publish","type":"page","link":"https:\/\/www.zarmini.com\/it\/offerta-di-lavoro-lavorazione-produzione-pvc-csm-m-f\/","title":{"rendered":"OFFERTA DI LAVORO \u2013 LAVORAZIONE \/ PRODUZIONE PVC, CSM (M\/F)"},"content":{"rendered":"\n<style type=\"text\/css\" data-created_by=\"avia_inline_auto\" id=\"style-css-av-kqqbr4xz-d156c1d15d6caa5a469bbdeba3fdc8d9\">\n#top .av-special-heading.av-kqqbr4xz-d156c1d15d6caa5a469bbdeba3fdc8d9{\npadding-bottom:10px;\n}\n<\/style>\n<div  class='av-special-heading av-kqqbr4xz-d156c1d15d6caa5a469bbdeba3fdc8d9 av-special-heading-h1 blockquote modern-quote modern-centered  avia-builder-el-0  el_before_av_textblock  avia-builder-el-first  '><h1 class='av-special-heading-tag '  itemprop=\"headline\"  >OFFERTA DI LAVORO \u2013 LAVORAZIONE \/ PRODUZIONE PVC, CSM (M\/F)<\/h1><div class='special-heading-border'><div class='special-heading-inner-border'><\/div><\/div><\/div>\n<section class=\"av_textblock_section \"  itemscope=\"itemscope\" itemtype=\"https:\/\/schema.org\/CreativeWork\" ><div class='avia_textblock  '   itemprop=\"text\" ><p>Hai elevate capacit\u00e0 manuali e sei sempre interessato a imparare cose nuove?<br \/>\nOppure hai gi\u00e0 avuto modo di acquisire esperienza nel settore e nella produzione nautica?<\/p>\n<p>Allora vi invitiamo cordialmente a conoscerci personalmente.<\/p>\n<p>Siamo MS Marine un produttore e importatore di tutto ci\u00f2 che riguarda gli sport acquatici con un focus su gommoni e gommoni rigidi.<\/p>\n<p>Per la nostra officina e settore produttivo stiamo cercando un nuovo dipendente presso la nostra sede di Postbauer-Heng, GERMANIA.<\/p>\n<p>Cerchiamo un dipendente orientato al team, impegnato e affidabile che sia felice di ampliare costantemente le sue conoscenze e che abbia molte capacit\u00e0 artigianali. In cambio, offriamo compiti entusiasmanti, libert\u00e0 per lo sviluppo personale, un team di specialisti amichevole e di successo, nonch\u00e9 una fase di formazione istruttiva ed efficiente.<\/p>\n<p>Nonostante l&#8217;attuale difficile situazione economica globale, stiamo crescendo costantemente e sviluppando ulteriormente ogni giorno. Entra a far parte della nostra azienda e raggiungi i tuoi obiettivi con noi.<\/p>\n<p>Abilit\u00e0 indispensabili:<br \/>\n\u2013 Lingua inglese fluente nel parlato e nella scrittura<\/p>\n<p>Abilit\u00e0 utili:<br \/>\n&#8211; Lingua italiana<br \/>\n&#8211; Lingua tedesca<br \/>\n\u2013 Conoscenza nella produzione di gommoni<br \/>\n\u2013 Conoscenza nella lavorazione del PVC e\/o CSM (HYPALON), in particolare dell&#8217;incollaggio<\/p>\n<p>Condizioni di lavoro:<br \/>\n\u2013 A tempo pieno, illimitato<br \/>\n\u2013 25 giorni di vacanza<br \/>\n\u2013 40h settimana<\/p>\n<p>Inviaci la tua candidatura con curriculum vitae, referenze e certificati, preferibilmente via e-mail, in modo da poter avere una prima impressione.<\/p>\n<p>Siamo lieti di conoscerti.<\/p>\n<p>Persona di contatto: Sig.ra Marlen Walter, marlen@ms-marine.de, 09188 3079896<\/p>\n<\/div><\/section>\n","protected":false},"excerpt":{"rendered":"","protected":false},"author":1,"featured_media":12936,"parent":0,"menu_order":0,"comment_status":"closed","ping_status":"closed","template":"","meta":{"footnotes":""},"class_list":["post-12946","page","type-page","status-publish","has-post-thumbnail","hentry"],"_links":{"self":[{"href":"https:\/\/www.zarmini.com\/it\/wp-json\/wp\/v2\/pages\/12946","targetHints":{"allow":["GET"]}}],"collection":[{"href":"https:\/\/www.zarmini.com\/it\/wp-json\/wp\/v2\/pages"}],"about":[{"href":"https:\/\/www.zarmini.com\/it\/wp-json\/wp\/v2\/types\/page"}],"author":[{"embeddable":true,"href":"https:\/\/www.zarmini.com\/it\/wp-json\/wp\/v2\/users\/1"}],"replies":[{"embeddable":true,"href":"https:\/\/www.zarmini.com\/it\/wp-json\/wp\/v2\/comments?post=12946"}],"version-history":[{"count":3,"href":"https:\/\/www.zarmini.com\/it\/wp-json\/wp\/v2\/pages\/12946\/revisions"}],"predecessor-version":[{"id":12960,"href":"https:\/\/www.zarmini.com\/it\/wp-json\/wp\/v2\/pages\/12946\/revisions\/12960"}],"wp:featuredmedia":[{"embeddable":true,"href":"https:\/\/www.zarmini.com\/it\/wp-json\/wp\/v2\/media\/12936"}],"wp:attachment":[{"href":"https:\/\/www.zarmini.com\/it\/wp-json\/wp\/v2\/media?parent=12946"}],"curies":[{"name":"wp","href":"https:\/\/api.w.org\/{rel}","templated":true}]}}