{"id":592,"date":"2016-11-28T15:08:51","date_gmt":"2016-11-28T15:08:51","guid":{"rendered":"https:\/\/www.zarmini.com\/?page_id=592"},"modified":"2023-06-08T16:17:23","modified_gmt":"2023-06-08T15:17:23","slug":"privacy","status":"publish","type":"page","link":"https:\/\/www.zarmini.com\/it\/privacy\/","title":{"rendered":"Privacy"},"content":{"rendered":"<p>Il titolare e responsabile in termini di leggi sulla protezione dei dati \u00e8:<\/p>\n<p><strong>MS Marine GmbH<\/strong><\/p>\n<p>Raccolta di informazioni generali<\/p>\n<p>Quando si accede al nostro sito Web, vengono registrate automaticamente informazioni di natura generale. Queste informazioni (file di registro del server) includono, ad esempio, il tipo di browser Web, il sistema operativo utilizzato, il nome di dominio del provider di servizi Internet e simili. Questa \u00e8 solo l&#8217;informazione che non consente conclusioni sulla tua persona. Queste informazioni sono tecnicamente necessarie per recapitare correttamente i contenuti delle pagine Web richieste dall&#8217;utente ed \u00e8 obbligatorio quando si utilizza Internet. Informazioni anonime di questo tipo sono statisticamente valutate da noi per ottimizzare la nostra presenza su Internet e la tecnologia sottostante.<\/p>\n<p><strong>Registrazione sul nostro sito web<\/strong><\/p>\n<p>Al momento della registrazione per l&#8217;uso dei nostri servizi personalizzati, verranno raccolte alcune informazioni personali, come nome, indirizzo, informazioni di contatto e di comunicazione quali numero di telefono e indirizzo e-mail. Se sei registrato con noi, puoi accedere a contenuti e servizi che offriamo solo agli utenti registrati. Gli utenti registrati hanno anche la possibilit\u00e0 di modificare o cancellare i dati specificati durante la registrazione in qualsiasi momento. Naturalmente, forniamo anche informazioni sui dati personali in nostro possesso in qualsiasi momento. Siamo lieti di rettificare o eliminare questi su vostra richiesta, per quanto non precludano requisiti di archiviazione obbligatori. Per contattarci in questo contesto, si prega di utilizzare i dati di contatto forniti alla fine di questa Informativa sulla privacy.<\/p>\n<p>Per proteggere la sicurezza dei dati durante la trasmissione, utilizziamo tecniche di crittografia all&#8217;avanguardia (come SSL) su HTTPS.<\/p>\n<p><strong>Contatto<\/strong><\/p>\n<p>Se ci contattate via e-mail o modulo di contatto, le informazioni fornite dall&#8217;utente verranno archiviate allo scopo di elaborare la richiesta e per eventuali domande di follow-up.<\/p>\n<p><strong>Cancellazione o blocco dei dati<\/strong><\/p>\n<p>Aderiamo ai principi dell&#8217;elusione dei dati e dell&#8217;economia dei dati. Pertanto, conserviamo i tuoi dati personali solo per il tempo necessario a raggiungere gli scopi indicati qui o come previsto dai vari periodi di conservazione previsti dalla legge. Dopo la cessazione del rispettivo scopo o la scadenza di questi termini, i dati corrispondenti saranno regolarmente e in conformit\u00e0 con le disposizioni di legge bloccate o cancellate.<\/p>\n<p><strong>Uso di Google Analytics<\/strong><\/p>\n<p>Questo sito web utilizza Google Analytics, un servizio di analisi web fornito da Google Inc. (&#8220;Google&#8221;). Google Analytics utilizza i cosiddetti &#8220;cookie&#8221;, file di testo che vengono memorizzati sul tuo computer e che consentono di analizzare l&#8217;utilizzo del sito web da parte tua. Le informazioni generate dal cookie sull&#8217;utilizzo di questo sito Web vengono solitamente trasmesse a un server di Google negli Stati Uniti e ivi archiviate. Tuttavia, a causa dell&#8217;attivazione dell&#8217;anonimizzazione IP su questi siti Web, il tuo indirizzo IP verr\u00e0 preventivamente abbreviato da Google negli stati membri dell&#8217;Unione Europea o in altri stati contraenti dell&#8217;Accordo sullo Spazio economico europeo. Solo in casi eccezionali l&#8217;indirizzo IP completo verr\u00e0 inviato a un server di Google negli Stati Uniti e abbreviato l\u00ec. Per conto dell&#8217;operatore di questo sito Web, Google utilizzer\u00e0 queste informazioni per valutare l&#8217;utilizzo del sito Web, compilare report sulle attivit\u00e0 del sito Web e fornire altri servizi relativi alle attivit\u00e0 del sito Web e all&#8217;utilizzo di Internet all&#8217;operatore del sito web. L&#8217;indirizzo IP fornito da Google Analytics come parte di Google Analytics non verr\u00e0 unito ad altri dati di Google. \u00c8 possibile impedire la memorizzazione dei cookie tramite un&#8217;impostazione corrispondente del software del browser; tuttavia, ti ricordiamo che in questo caso potresti non essere in grado di utilizzare tutte le funzioni di questo sito web per intero. Inoltre, \u00e8 possibile impedire la raccolta da parte di Google dei dati generati dal cookie e relativi all&#8217;utilizzo del sito Web (incluso il vostro indirizzo IP) nonch\u00e9 l&#8217;elaborazione di questi dati da parte di Google scaricando il plug-in del browser disponibile al seguente link e installare:<\/p>\n<p>Link: Browser <a href=\"https:\/\/tools.google.com\/dlpage\/gaoptout\">Add On per disattivare Google Analytics<\/a><\/p>\n<p>In aggiunta o in alternativa al componente aggiuntivo del browser, puoi impedire il monitoraggio di Google Analytics sulle nostre pagine facendo clic su questo link. Un cookie di opt-out verr\u00e0 installato sul tuo dispositivo. Ci\u00f2 impedir\u00e0 la raccolta di Google Analytics per questo sito Web e per questo browser in futuro, a condizione che il cookie rimanga installato nel browser.<\/p>\n<p><strong>Plugin sociali<\/strong><br \/>\nI nostri siti Web utilizzano i plug-in sociali dei provider elencati di seguito. I plugin possono essere riconosciuti dal fatto che sono contrassegnati con il logo appropriato.<\/p>\n<p>Questi plug-in possono essere utilizzati per inviare informazioni, che possono includere informazioni personali, al fornitore di servizi e possono essere utilizzate dal fornitore di servizi. Preveniamo la raccolta e trasmissione inconscia e indesiderata di dati al fornitore di servizi attraverso una soluzione a 2 clic. Per attivare un social plugin desiderato, \u00e8 necessario prima attivarlo facendo clic sul pulsante corrispondente. Solo attraverso questa attivazione del plug-in viene attivata l&#8217;individuazione delle informazioni e la loro trasmissione al fornitore di servizi. Non raccogliamo informazioni di identificazione personale tramite plug-in sociali o il loro utilizzo.<\/p>\n<p>Non abbiamo alcun controllo su quali dati raccoglie un plug-in abilitato e su come viene utilizzato dal provider. Allo stato attuale, si deve presumere che verr\u00e0 ampliata una connessione diretta ai servizi del provider e almeno l&#8217;indirizzo IP e le informazioni relative al dispositivo verranno raccolte e utilizzate. \u00c8 anche possibile che i fornitori di servizi tentino di salvare i cookie sul computer utilizzato. Si prega di fare riferimento alla politica sulla privacy del rispettivo fornitore di servizi per vedere quali dati specifici sono raccolti qui e come vengono utilizzati. Nota: se si accede a Facebook contemporaneamente, Facebook potrebbe identificarti come visitatore di una determinata pagina.<\/p>\n<p>Abbiamo integrato i pulsanti dei social media delle seguenti societ\u00e0 sul nostro sito Web:<br \/>\nFacebook Inc. (1601 S. California Ave &#8211; Palo Alto &#8211; CA 94304 &#8211; USA)<br \/>\nTwitter Inc. (795 Folsom St. &#8211; Suite 600 &#8211; San Francisco &#8211; CA 94107 &#8211; USA)<br \/>\nGoogle Plus \/ Google Inc. (1600 Amphitheatre Parkway &#8211; Mountain View &#8211; CA 94043 &#8211; USA)<br \/>\nWhatsapp<\/p>\n<p><strong>Cookie<\/strong><\/p>\n<p>Come molti altri siti web, utilizziamo anche i cosiddetti &#8220;cookie&#8221;. I cookie sono piccoli file di testo che vengono trasferiti da un server Web al tuo disco rigido. Questo ci fornisce automaticamente determinati dati, come ad esempio Indirizzo IP, browser utilizzato, sistema operativo dal tuo computer e connessione a Internet.<\/p>\n<p>I cookie non possono essere utilizzati per avviare programmi o trasferire virus su un computer. Sulla base delle informazioni contenute nei cookie, possiamo facilitare la navigazione e consentire la corretta visualizzazione dei nostri siti web.<\/p>\n<p>In nessun caso i dati da noi raccolti verranno trasmessi a terzi o verr\u00e0 stabilito un collegamento con dati personali senza il tuo consenso.<\/p>\n<p>Naturalmente, \u00e8 anche possibile visualizzare il nostro sito Web senza cookie. I browser Internet sono impostati regolarmente per accettare i cookie. Puoi disattivare l&#8217;uso dei cookie in qualsiasi momento tramite le impostazioni del tuo browser. Utilizzare le funzionalit\u00e0 di guida del proprio browser per scoprire come modificare queste impostazioni. Si noti che alcune funzionalit\u00e0 del nostro sito Web potrebbero non funzionare se si \u00e8 disabilitato l&#8217;uso dei cookie.<\/p>\n<p><strong>I tuoi diritti di informazione, correzione, sospensione, cancellazione e opposizione<\/strong><\/p>\n<p>Hai il diritto di ricevere informazioni sui tuoi dati personali memorizzati da noi in qualsiasi momento. Allo stesso modo, hai il diritto di correggere, bloccare o, a parte l&#8217;archiviazione dei dati prescritta per le transazioni commerciali, la cancellazione dei tuoi dati personali. Si prega di contattare il nostro responsabile della protezione dei dati. I dettagli di contatto possono essere trovati in fondo.<\/p>\n<p>Affinch\u00e9 un blocco dati venga preso in considerazione in ogni momento, questi dati devono essere memorizzati in un file di blocco a scopo di controllo. \u00c8 inoltre possibile richiedere la cancellazione dei dati, purch\u00e9 non vi sia alcun obbligo legale di archiviazione. Per quanto esiste un tale obbligo, blocciamo i tuoi dati su richiesta.<\/p>\n<p><strong>\u00c8 possibile apportare modifiche o revocare il consenso comunicandoci con effetto per il futuro.<\/strong><\/p>\n<p><strong>Modifica della nostra politica sulla privacy<\/strong><\/p>\n<p>Ci riserviamo il diritto di modificare la presente Informativa sulla privacy di volta in volta per garantire che sia conforme agli attuali requisiti legali o per implementare modifiche ai nostri servizi nell&#8217;Informativa sulla privacy, come ad esempio: Ad esempio, quando si introducono nuovi servizi. La tua nuova visita sar\u00e0 soggetta alla nuova politica sulla privacy.<\/p>\n<p><strong>Domande al responsabile della protezione dei dati<\/strong><\/p>\n<p>Se avete domande sulla protezione dei dati, scriveteci una e-mail o contattate direttamente il nostro responsabile trattamento dei dati:<\/p>\n<p>contattare: privacy@zarmini.com<\/p>\n<p>To manage the cookies and similar technologies used (tracking pixels, web beacons, etc.) and related consents, we use the consent tool &#8220;Real Cookie Banner&#8221;. Details on how &#8220;Real Cookie Banner&#8221; works can be found at &lt;a href=&#8221;https:\/\/devowl.io\/rcb\/data-processing\/&#8221; rel=&#8221;noreferrer&#8221; target=&#8221;_blank&#8221;&gt;https:\/\/devowl.io\/rcb\/data-processing\/&lt;\/a&gt;.<\/p>\n<p>The legal basis for the processing of personal data in this context are Art. 6 (1) lit. c GDPR and Art. 6 (1) lit. f GDPR. Our legitimate interest is the management of the cookies and similar technologies used and the related consents.<\/p>\n<p>The provision of personal data is neither contractually required nor necessary for the conclusion of a contract. You are not obliged to provide the personal data. If you do not provide the personal data, we will not be able to manage your consents.<\/p>\n","protected":false},"excerpt":{"rendered":"<p>Il titolare e responsabile in termini di leggi sulla protezione dei dati \u00e8: MS Marine GmbH Raccolta di informazioni generali Quando si accede al nostro sito Web, vengono registrate automaticamente informazioni di natura generale. Queste informazioni (file di registro del server) includono, ad esempio, il tipo di browser Web, il sistema operativo utilizzato, il nome [&hellip;]<\/p>\n","protected":false},"author":1,"featured_media":0,"parent":0,"menu_order":0,"comment_status":"closed","ping_status":"closed","template":"","meta":{"footnotes":""},"class_list":["post-592","page","type-page","status-publish","hentry"],"_links":{"self":[{"href":"https:\/\/www.zarmini.com\/it\/wp-json\/wp\/v2\/pages\/592","targetHints":{"allow":["GET"]}}],"collection":[{"href":"https:\/\/www.zarmini.com\/it\/wp-json\/wp\/v2\/pages"}],"about":[{"href":"https:\/\/www.zarmini.com\/it\/wp-json\/wp\/v2\/types\/page"}],"author":[{"embeddable":true,"href":"https:\/\/www.zarmini.com\/it\/wp-json\/wp\/v2\/users\/1"}],"replies":[{"embeddable":true,"href":"https:\/\/www.zarmini.com\/it\/wp-json\/wp\/v2\/comments?post=592"}],"version-history":[{"count":11,"href":"https:\/\/www.zarmini.com\/it\/wp-json\/wp\/v2\/pages\/592\/revisions"}],"predecessor-version":[{"id":16859,"href":"https:\/\/www.zarmini.com\/it\/wp-json\/wp\/v2\/pages\/592\/revisions\/16859"}],"wp:attachment":[{"href":"https:\/\/www.zarmini.com\/it\/wp-json\/wp\/v2\/media?parent=592"}],"curies":[{"name":"wp","href":"https:\/\/api.w.org\/{rel}","templated":true}]}}