{"id":5153,"date":"2018-03-06T15:40:10","date_gmt":"2018-03-06T15:40:10","guid":{"rendered":"https:\/\/www.zarmini.com\/?page_id=5153"},"modified":"2023-04-11T16:55:42","modified_gmt":"2023-04-11T15:55:42","slug":"rib","status":"publish","type":"page","link":"https:\/\/www.zarmini.com\/nb\/rib\/","title":{"rendered":"RIB"},"content":{"rendered":"\n<style type=\"text\/css\" data-created_by=\"avia_inline_auto\" id=\"style-css-av-av_heading-d80be30b6171441d9d5a7bc706bc5a9d\">\n#top .av-special-heading.av-av_heading-d80be30b6171441d9d5a7bc706bc5a9d{\npadding-bottom:10px;\n}\n.av-special-heading.av-av_heading-d80be30b6171441d9d5a7bc706bc5a9d .av-subheading{\nfont-size:15px;\n}\n<\/style>\n<div  class='av-special-heading av-av_heading-d80be30b6171441d9d5a7bc706bc5a9d av-special-heading-h1 blockquote modern-quote modern-centered  avia-builder-el-0  el_before_av_textblock  avia-builder-el-first  '><h1 class='av-special-heading-tag '  itemprop=\"headline\"  >ZAR mini &#8211; serie RIB<\/h1><div class='av-subheading av-subheading_below '><p>ALUMINIUM RIB TENDER &#8211; 2.40MT \u2192 5.00MT<br \/>\nequipped with V and double floor with bow locker<\/p>\n<\/div><div class='special-heading-border'><div class='special-heading-inner-border'><\/div><\/div><\/div>\n<section class=\"av_textblock_section \"  itemscope=\"itemscope\" itemtype=\"https:\/\/schema.org\/CreativeWork\" ><div class='avia_textblock  '   itemprop=\"text\" ><p>V\u00e5r ZAR mini\u2122 RIB-linje har to versjoner. RIB LITE og RIB DL med dobbelt gulv og bauglomme. RIB 8 og RIB 9 passer til en 12-liters bensintank. RIB10-12 passer til en 24-liters bensintank i bauglommen. RIB LITE er vektoptimert uten bauglomme eller flatt dobbeltgulv.<\/p>\n<p>Som valgfritt utstyr er det styrekonsoller og doble seter (fra RIB10 og kun for DL). Du kan ogs\u00e5 velge mellom en rekke soltak, lensepumper, puter og mye annet. Sp\u00f8r din ZAR mini\u2122-forhandler. Han kan hjelpe deg best. ZAR mini\u2122 RIB-linje kan enkelt trekke vannleker og r\u00f8r med de to installerte D-ringer p\u00e5 hekken.<\/p>\n<div class=\"show_more\"><p class=\"wpsm-show\" style=\"color: #cc0000; font-size: 100%; text-align: left;\"> LES MER<\/p><div class=\"wpsm-content\"><\/p>\n<p>Hver ZAR mini\u2122 har 3 l\u00f8ftepunkter for Davit. En i baugen og to p\u00e5 hekken. Hvis din ZAR mini\u2122 har en bauglomme (DL-versjon), vil du ha fire l\u00f8ftepunkter.<\/p>\n<p>P\u00e5 grunn av det sv\u00e6rt lette aluminiumsskroget kan den g\u00e5 veldig raskt og planlegge enkelt med en mindre motor. Skroget vil ikke ha noen problemer som et glassfiber-skrog. Det vil ogs\u00e5 vare lengre og ikke bli tyngre under bruk. Skroget er laget av spesiell aluminium og pulverlakkert for \u00e5 motst\u00e5 korrosjon og saltvann. Du vil ha mye moro med ZAR mini\u2122 RIB.<\/p>\n<p>Alle ZAR mini\u2122 RIB-b\u00e5ter er ogs\u00e5 tilgjengelige i CSM (tidligere kjent som HypalonTM fra DuPontTM) med en spesiell design. Vennligst sp\u00f8r din ZAR mini\u2122-forhandler for flere detaljer. CSM varer mye lengre enn PVC og er mer motstandsdyktig mot UV-lys, syre, alkalier, saltvann, varme og kulde. Vi bruker HypatexTM som er ett av de beste materialene p\u00e5 verdensmarkedet i dag. Det har blitt produsert i 60 \u00e5r.<\/p>\n<p>Alle PVC-s\u00f8mmene p\u00e5 v\u00e5re ZAR mini\u2122-tubekamre er sveist. Alle b\u00e5ter har en overtrykksventil som standard utstyr, som vil beskytte tuben din n\u00e5r den er riktig oppbl\u00e5st. H\u00f8ykvalitetsmaterialer sammen med kontinuerlig forskning og utvikling er n\u00f8kkelen til suksess.<\/p>\n<p>Hver enkelt ZAR mini\u2122 oppbl\u00e5sbare b\u00e5t passerer en sv\u00e6rt streng kvalitetskontroll f\u00f8r vi leverer den til v\u00e5re verdifulle kunder. Hvis det mot formodning skulle v\u00e6re en feil som g\u00e5r gjennom kvalitetskontrollen, vil du v\u00e6re beskyttet av v\u00e5r begrensede garanti etter \u00e5 ha registrert b\u00e5ten din hos oss.<\/p>\n<p> <p class=\"wpsm-hide\" style=\"color: #cc0000; font-size: 100%; text-align: left;\"> LUKK<\/p><\/div><\/div>\n<\/div><\/section>\n<div id='av-masonry-1' class='av-masonry av-av_masonry_entries-b753728d27182ec0a7c02f65515f80d9 noHover av-flex-size av-large-gap av-hover-overlay- av-masonry-animation-active av-masonry-col-2 av-caption-always av-caption-style- av-masonry-entries   '><div class=\"av-masonry-container isotope av-js-disabled\"><div class='av-masonry-entry isotope-item av-masonry-item-no-image all_sort rib-nb_sort '><\/div><a href=\"https:\/\/www.zarmini.com\/nb\/tender\/rib-8\/\"  id='av-masonry-1-item-4879' data-av-masonry-item='4879' class='av-masonry-entry isotope-item post-4879 portfolio type-portfolio status-publish has-post-thumbnail hentry portfolio_entries-rib-nb all_sort rib-nb_sort  av-masonry-item-with-image' title=\"ZARMINI-RIB8DL005\"  itemscope=\"itemscope\" itemtype=\"https:\/\/schema.org\/CreativeWork\" ><div class='av-inner-masonry-sizer'><\/div><figure class='av-inner-masonry main_color'><div class=\"av-masonry-outerimage-container\"><div class='av-masonry-image-container'   ><img decoding=\"async\" width=\"705\" height=\"470\" class=\"wp-image-7231 avia-img-lazy-loading-not-7231\"  src=\"https:\/\/www.zarmini.com\/wp-content\/uploads\/2016\/11\/ZARMINI-RIB8DL005-705x470.jpg\" title=\"ZARMINI-RIB8DL005\" alt=\"\" srcset=\"https:\/\/www.zarmini.com\/wp-content\/uploads\/2016\/11\/ZARMINI-RIB8DL005-705x470.jpg 705w, https:\/\/www.zarmini.com\/wp-content\/uploads\/2016\/11\/ZARMINI-RIB8DL005-300x200.jpg 300w, https:\/\/www.zarmini.com\/wp-content\/uploads\/2016\/11\/ZARMINI-RIB8DL005-768x512.jpg 768w, https:\/\/www.zarmini.com\/wp-content\/uploads\/2016\/11\/ZARMINI-RIB8DL005-1030x687.jpg 1030w, https:\/\/www.zarmini.com\/wp-content\/uploads\/2016\/11\/ZARMINI-RIB8DL005-450x300.jpg 450w, https:\/\/www.zarmini.com\/wp-content\/uploads\/2016\/11\/ZARMINI-RIB8DL005.jpg 1200w\" sizes=\"(max-width: 705px) 100vw, 705px\" \/><\/div><\/div><figcaption class='av-inner-masonry-content site-background'><div class='av-inner-masonry-content-pos'><div class='av-inner-masonry-content-pos-content'><div class='avia-arrow'><\/div><h3 class='av-masonry-entry-title entry-title '  itemprop=\"headline\" >RIB 8<\/h3><div class='av-masonry-entry-content entry-content'  itemprop=\"text\" >St\u00f8rste lengde 240 cm<br \/>\r\nSt\u00f8rste bredde 165 cm <br \/>\r\nAnbefalt motor 3.6 KW (5PS)<\/div><\/div><\/div><\/figcaption><\/figure><\/a><!--end av-masonry entry--><a href=\"https:\/\/www.zarmini.com\/nb\/tender\/rib-9\/\"  id='av-masonry-1-item-4955' data-av-masonry-item='4955' class='av-masonry-entry isotope-item post-4955 portfolio type-portfolio status-publish has-post-thumbnail hentry portfolio_entries-rib-nb all_sort rib-nb_sort  av-masonry-item-with-image' title=\"ZARMINI-RIB9DL-2019_008\"  itemscope=\"itemscope\" itemtype=\"https:\/\/schema.org\/CreativeWork\" ><div class='av-inner-masonry-sizer'><\/div><figure class='av-inner-masonry main_color'><div class=\"av-masonry-outerimage-container\"><div class='av-masonry-image-container'   ><img decoding=\"async\" width=\"705\" height=\"470\" class=\"wp-image-7721 avia-img-lazy-loading-not-7721\"  src=\"https:\/\/www.zarmini.com\/wp-content\/uploads\/2016\/11\/ZARMINI-RIB9DL-2019_008-705x470.jpg\" title=\"ZARMINI-RIB9DL-2019_008\" alt=\"\" srcset=\"https:\/\/www.zarmini.com\/wp-content\/uploads\/2016\/11\/ZARMINI-RIB9DL-2019_008-705x470.jpg 705w, https:\/\/www.zarmini.com\/wp-content\/uploads\/2016\/11\/ZARMINI-RIB9DL-2019_008-300x200.jpg 300w, https:\/\/www.zarmini.com\/wp-content\/uploads\/2016\/11\/ZARMINI-RIB9DL-2019_008-768x512.jpg 768w, https:\/\/www.zarmini.com\/wp-content\/uploads\/2016\/11\/ZARMINI-RIB9DL-2019_008-1030x687.jpg 1030w, https:\/\/www.zarmini.com\/wp-content\/uploads\/2016\/11\/ZARMINI-RIB9DL-2019_008-450x300.jpg 450w, https:\/\/www.zarmini.com\/wp-content\/uploads\/2016\/11\/ZARMINI-RIB9DL-2019_008.jpg 1200w\" sizes=\"(max-width: 705px) 100vw, 705px\" \/><\/div><\/div><figcaption class='av-inner-masonry-content site-background'><div class='av-inner-masonry-content-pos'><div class='av-inner-masonry-content-pos-content'><div class='avia-arrow'><\/div><h3 class='av-masonry-entry-title entry-title '  itemprop=\"headline\" >RIB 9<\/h3><div class='av-masonry-entry-content entry-content'  itemprop=\"text\" >St\u00f8rste lengde 270 cm<br \/>\r\nSt\u00f8rste bredde 171 cm <br \/>\r\nAnbefalt motor 3.6 kW (5HP)<\/div><\/div><\/div><\/figcaption><\/figure><\/a><!--end av-masonry entry--><a href=\"https:\/\/www.zarmini.com\/nb\/tender\/rib-10\/\"  id='av-masonry-1-item-4961' data-av-masonry-item='4961' class='av-masonry-entry isotope-item post-4961 portfolio type-portfolio status-publish has-post-thumbnail hentry portfolio_entries-rib-nb all_sort rib-nb_sort  av-masonry-item-with-image' title=\"ZARMINI-RIB10DL2019_002\"  itemscope=\"itemscope\" itemtype=\"https:\/\/schema.org\/CreativeWork\" ><div class='av-inner-masonry-sizer'><\/div><figure class='av-inner-masonry main_color'><div class=\"av-masonry-outerimage-container\"><div class='av-masonry-image-container'   ><img decoding=\"async\" width=\"705\" height=\"470\" class=\"wp-image-7871 avia-img-lazy-loading-not-7871\"  src=\"https:\/\/www.zarmini.com\/wp-content\/uploads\/2016\/11\/ZARMINI-RIB10DL2019_002-705x470.jpg\" title=\"ZARMINI-RIB10DL2019_002\" alt=\"\" srcset=\"https:\/\/www.zarmini.com\/wp-content\/uploads\/2016\/11\/ZARMINI-RIB10DL2019_002-705x470.jpg 705w, https:\/\/www.zarmini.com\/wp-content\/uploads\/2016\/11\/ZARMINI-RIB10DL2019_002-300x200.jpg 300w, https:\/\/www.zarmini.com\/wp-content\/uploads\/2016\/11\/ZARMINI-RIB10DL2019_002-768x512.jpg 768w, https:\/\/www.zarmini.com\/wp-content\/uploads\/2016\/11\/ZARMINI-RIB10DL2019_002-1030x687.jpg 1030w, https:\/\/www.zarmini.com\/wp-content\/uploads\/2016\/11\/ZARMINI-RIB10DL2019_002-450x300.jpg 450w, https:\/\/www.zarmini.com\/wp-content\/uploads\/2016\/11\/ZARMINI-RIB10DL2019_002.jpg 1200w\" sizes=\"(max-width: 705px) 100vw, 705px\" \/><\/div><\/div><figcaption class='av-inner-masonry-content site-background'><div class='av-inner-masonry-content-pos'><div class='av-inner-masonry-content-pos-content'><div class='avia-arrow'><\/div><h3 class='av-masonry-entry-title entry-title '  itemprop=\"headline\" >RIB 10<\/h3><div class='av-masonry-entry-content entry-content'  itemprop=\"text\" >St\u00f8rste lengde 300 cm<br \/>\r\nSt\u00f8rste bredde 171 cm <br \/>\r\nAnbefalt motor 7.3 kW (10HP)<\/div><\/div><\/div><\/figcaption><\/figure><\/a><!--end av-masonry entry--><a href=\"https:\/\/www.zarmini.com\/nb\/tender\/rib-11\/\"  id='av-masonry-1-item-4970' data-av-masonry-item='4970' class='av-masonry-entry isotope-item post-4970 portfolio type-portfolio status-publish has-post-thumbnail hentry portfolio_entries-rib-nb all_sort rib-nb_sort  av-masonry-item-with-image' title=\"ZARMINI-RIB11DL-2019_015\"  itemscope=\"itemscope\" itemtype=\"https:\/\/schema.org\/CreativeWork\" ><div class='av-inner-masonry-sizer'><\/div><figure class='av-inner-masonry main_color'><div class=\"av-masonry-outerimage-container\"><div class='av-masonry-image-container'   ><img decoding=\"async\" width=\"705\" height=\"470\" class=\"wp-image-7789 avia-img-lazy-loading-not-7789\"  src=\"https:\/\/www.zarmini.com\/wp-content\/uploads\/2016\/11\/ZARMINI-RIB11DL-2019_015-705x470.jpg\" title=\"ZARMINI-RIB11DL-2019_015\" alt=\"\" srcset=\"https:\/\/www.zarmini.com\/wp-content\/uploads\/2016\/11\/ZARMINI-RIB11DL-2019_015-705x470.jpg 705w, https:\/\/www.zarmini.com\/wp-content\/uploads\/2016\/11\/ZARMINI-RIB11DL-2019_015-300x200.jpg 300w, https:\/\/www.zarmini.com\/wp-content\/uploads\/2016\/11\/ZARMINI-RIB11DL-2019_015-768x512.jpg 768w, https:\/\/www.zarmini.com\/wp-content\/uploads\/2016\/11\/ZARMINI-RIB11DL-2019_015-1030x687.jpg 1030w, https:\/\/www.zarmini.com\/wp-content\/uploads\/2016\/11\/ZARMINI-RIB11DL-2019_015-450x300.jpg 450w, https:\/\/www.zarmini.com\/wp-content\/uploads\/2016\/11\/ZARMINI-RIB11DL-2019_015.jpg 1200w\" sizes=\"(max-width: 705px) 100vw, 705px\" \/><\/div><\/div><figcaption class='av-inner-masonry-content site-background'><div class='av-inner-masonry-content-pos'><div class='av-inner-masonry-content-pos-content'><div class='avia-arrow'><\/div><h3 class='av-masonry-entry-title entry-title '  itemprop=\"headline\" >RIB 11<\/h3><div class='av-masonry-entry-content entry-content'  itemprop=\"text\" >St\u00f8rste lengde 330 cm <br \/>\r\nSt\u00f8rste bredde 171 cm <br \/>\r\nAnbefalt motor 7.3 kW (10HP)<\/div><\/div><\/div><\/figcaption><\/figure><\/a><!--end av-masonry entry--><a href=\"https:\/\/www.zarmini.com\/nb\/tender\/rib12\/\"  id='av-masonry-1-item-4977' data-av-masonry-item='4977' class='av-masonry-entry isotope-item post-4977 portfolio type-portfolio status-publish has-post-thumbnail hentry portfolio_entries-rib-nb all_sort rib-nb_sort  av-masonry-item-with-image' title=\"ZARMINI-RIB12DL-2019_005\"  itemscope=\"itemscope\" itemtype=\"https:\/\/schema.org\/CreativeWork\" ><div class='av-inner-masonry-sizer'><\/div><figure class='av-inner-masonry main_color'><div class=\"av-masonry-outerimage-container\"><div class='av-masonry-image-container'   ><img decoding=\"async\" width=\"705\" height=\"470\" class=\"wp-image-7805 avia-img-lazy-loading-not-7805\"  src=\"https:\/\/www.zarmini.com\/wp-content\/uploads\/2016\/11\/ZARMINI-RIB12DL-2019_005-705x470.jpg\" title=\"ZARMINI-RIB12DL-2019_005\" alt=\"\" srcset=\"https:\/\/www.zarmini.com\/wp-content\/uploads\/2016\/11\/ZARMINI-RIB12DL-2019_005-705x470.jpg 705w, https:\/\/www.zarmini.com\/wp-content\/uploads\/2016\/11\/ZARMINI-RIB12DL-2019_005-300x200.jpg 300w, https:\/\/www.zarmini.com\/wp-content\/uploads\/2016\/11\/ZARMINI-RIB12DL-2019_005-768x512.jpg 768w, https:\/\/www.zarmini.com\/wp-content\/uploads\/2016\/11\/ZARMINI-RIB12DL-2019_005-1030x687.jpg 1030w, https:\/\/www.zarmini.com\/wp-content\/uploads\/2016\/11\/ZARMINI-RIB12DL-2019_005-450x300.jpg 450w, https:\/\/www.zarmini.com\/wp-content\/uploads\/2016\/11\/ZARMINI-RIB12DL-2019_005.jpg 1200w\" sizes=\"(max-width: 705px) 100vw, 705px\" \/><\/div><\/div><figcaption class='av-inner-masonry-content site-background'><div class='av-inner-masonry-content-pos'><div class='av-inner-masonry-content-pos-content'><div class='avia-arrow'><\/div><h3 class='av-masonry-entry-title entry-title '  itemprop=\"headline\" >RIB12<\/h3><div class='av-masonry-entry-content entry-content'  itemprop=\"text\" >St\u00f8rste lengde 360 cm<br \/>\r\nSt\u00f8rste bredde 171 cm <br \/>\r\nAnbefalt motor 7.3 kW (10HP)<\/div><\/div><\/div><\/figcaption><\/figure><\/a><!--end av-masonry entry--><a href=\"https:\/\/www.zarmini.com\/nb\/tender\/zarmini-rescue\/\"  id='av-masonry-1-item-8689' data-av-masonry-item='8689' class='av-masonry-entry isotope-item post-8689 portfolio type-portfolio status-publish has-post-thumbnail hentry portfolio_entries-rib-nb all_sort rib-nb_sort  av-masonry-item-with-image' title=\"ZARMINI &#8211; RESCUE3\"  itemscope=\"itemscope\" itemtype=\"https:\/\/schema.org\/CreativeWork\" ><div class='av-inner-masonry-sizer'><\/div><figure class='av-inner-masonry main_color'><div class=\"av-masonry-outerimage-container\"><div class='av-masonry-image-container'   ><img decoding=\"async\" width=\"705\" height=\"470\" class=\"wp-image-8679 avia-img-lazy-loading-not-8679\"  src=\"https:\/\/www.zarmini.com\/wp-content\/uploads\/2019\/09\/ZARMINI-RESCUE3-705x470.jpg\" title=\"ZARMINI &#8211; RESCUE3\" alt=\"\" srcset=\"https:\/\/www.zarmini.com\/wp-content\/uploads\/2019\/09\/ZARMINI-RESCUE3-705x470.jpg 705w, https:\/\/www.zarmini.com\/wp-content\/uploads\/2019\/09\/ZARMINI-RESCUE3-300x200.jpg 300w, https:\/\/www.zarmini.com\/wp-content\/uploads\/2019\/09\/ZARMINI-RESCUE3-768x512.jpg 768w, https:\/\/www.zarmini.com\/wp-content\/uploads\/2019\/09\/ZARMINI-RESCUE3-1030x687.jpg 1030w, https:\/\/www.zarmini.com\/wp-content\/uploads\/2019\/09\/ZARMINI-RESCUE3-450x300.jpg 450w, https:\/\/www.zarmini.com\/wp-content\/uploads\/2019\/09\/ZARMINI-RESCUE3.jpg 1200w\" sizes=\"(max-width: 705px) 100vw, 705px\" \/><\/div><\/div><figcaption class='av-inner-masonry-content site-background'><div class='av-inner-masonry-content-pos'><div class='av-inner-masonry-content-pos-content'><div class='avia-arrow'><\/div><h3 class='av-masonry-entry-title entry-title '  itemprop=\"headline\" >ZARMINI &#8211; RESCUE<\/h3><\/div><\/div><\/figcaption><\/figure><\/a><!--end av-masonry entry--><\/div><\/div>\n","protected":false},"excerpt":{"rendered":"","protected":false},"author":1,"featured_media":0,"parent":0,"menu_order":0,"comment_status":"closed","ping_status":"closed","template":"","meta":{"footnotes":""},"class_list":["post-5153","page","type-page","status-publish","hentry"],"_links":{"self":[{"href":"https:\/\/www.zarmini.com\/nb\/wp-json\/wp\/v2\/pages\/5153","targetHints":{"allow":["GET"]}}],"collection":[{"href":"https:\/\/www.zarmini.com\/nb\/wp-json\/wp\/v2\/pages"}],"about":[{"href":"https:\/\/www.zarmini.com\/nb\/wp-json\/wp\/v2\/types\/page"}],"author":[{"embeddable":true,"href":"https:\/\/www.zarmini.com\/nb\/wp-json\/wp\/v2\/users\/1"}],"replies":[{"embeddable":true,"href":"https:\/\/www.zarmini.com\/nb\/wp-json\/wp\/v2\/comments?post=5153"}],"version-history":[{"count":4,"href":"https:\/\/www.zarmini.com\/nb\/wp-json\/wp\/v2\/pages\/5153\/revisions"}],"predecessor-version":[{"id":16553,"href":"https:\/\/www.zarmini.com\/nb\/wp-json\/wp\/v2\/pages\/5153\/revisions\/16553"}],"wp:attachment":[{"href":"https:\/\/www.zarmini.com\/nb\/wp-json\/wp\/v2\/media?parent=5153"}],"curies":[{"name":"wp","href":"https:\/\/api.w.org\/{rel}","templated":true}]}}