{"id":5163,"date":"2018-03-06T15:52:14","date_gmt":"2018-03-06T15:52:14","guid":{"rendered":"https:\/\/www.zarmini.com\/?page_id=5163"},"modified":"2023-05-02T12:08:42","modified_gmt":"2023-05-02T11:08:42","slug":"fun","status":"publish","type":"page","link":"https:\/\/www.zarmini.com\/nb\/fun\/","title":{"rendered":"FUN"},"content":{"rendered":"\n<style type=\"text\/css\" data-created_by=\"avia_inline_auto\" id=\"style-css-av-av_heading-818d77bacfbd7bccb3174adaefedb645\">\n#top .av-special-heading.av-av_heading-818d77bacfbd7bccb3174adaefedb645{\npadding-bottom:10px;\n}\n.av-special-heading.av-av_heading-818d77bacfbd7bccb3174adaefedb645 .av-subheading{\nfont-size:15px;\n}\n<\/style>\n<div  class='av-special-heading av-av_heading-818d77bacfbd7bccb3174adaefedb645 av-special-heading-h1 blockquote modern-quote modern-centered  avia-builder-el-0  el_before_av_layerslider  avia-builder-el-no-sibling  '><h1 class='av-special-heading-tag '  itemprop=\"headline\"  >ZAR mini &#8211; serie FUN<\/h1><div class='av-subheading av-subheading_below '><p>Slatted deck &#8211; Ultra light roll up- 1.80MT \u2192 2.40MT<\/p>\n<\/div><div class='special-heading-border'><div class='special-heading-inner-border'><\/div><\/div><\/div>\n<\/div><\/div><\/div><!-- close content main div --><\/div><\/div><div id='layer_slider_1'  class='avia-layerslider main_color avia-shadow  avia-builder-el-1  el_after_av_heading  el_before_av_masonry_entries  slider-not-first container_wrap fullsize'  style='height: 401px;'  ><\/div>\n<div id='av-masonry-1' class='av-masonry av-av_masonry_entries-2540865da1bb5e7e90a90a21c5bb5da5 noHover av-flex-size av-large-gap av-hover-overlay- av-masonry-animation-active av-masonry-col-2 av-caption-always av-caption-style- av-masonry-entries   '><div class=\"av-masonry-container isotope av-js-disabled\"><div class='av-masonry-entry isotope-item av-masonry-item-no-image all_sort fun-nb_sort '><\/div><a href=\"https:\/\/www.zarmini.com\/nb\/tender\/fun-8\/\"  id='av-masonry-1-item-5110' data-av-masonry-item='5110' class='av-masonry-entry isotope-item post-5110 portfolio type-portfolio status-publish has-post-thumbnail hentry portfolio_entries-fun-nb all_sort fun-nb_sort  av-masonry-item-with-image' title=\"DSC_1091\"  itemscope=\"itemscope\" itemtype=\"https:\/\/schema.org\/CreativeWork\" ><div class='av-inner-masonry-sizer'><\/div><figure class='av-inner-masonry main_color'><div class=\"av-masonry-outerimage-container\"><div class='av-masonry-image-container'   ><img decoding=\"async\" width=\"705\" height=\"470\" class=\"wp-image-7685 avia-img-lazy-loading-not-7685\"  src=\"https:\/\/www.zarmini.com\/wp-content\/uploads\/2016\/11\/DSC_1091-705x470.jpg\" title=\"DSC_1091\" alt=\"\" srcset=\"https:\/\/www.zarmini.com\/wp-content\/uploads\/2016\/11\/DSC_1091-705x470.jpg 705w, https:\/\/www.zarmini.com\/wp-content\/uploads\/2016\/11\/DSC_1091-300x200.jpg 300w, https:\/\/www.zarmini.com\/wp-content\/uploads\/2016\/11\/DSC_1091-768x512.jpg 768w, https:\/\/www.zarmini.com\/wp-content\/uploads\/2016\/11\/DSC_1091-1030x687.jpg 1030w, https:\/\/www.zarmini.com\/wp-content\/uploads\/2016\/11\/DSC_1091-450x300.jpg 450w, https:\/\/www.zarmini.com\/wp-content\/uploads\/2016\/11\/DSC_1091.jpg 1200w\" sizes=\"(max-width: 705px) 100vw, 705px\" \/><\/div><\/div><figcaption class='av-inner-masonry-content site-background'><div class='av-inner-masonry-content-pos'><div class='av-inner-masonry-content-pos-content'><div class='avia-arrow'><\/div><h3 class='av-masonry-entry-title entry-title '  itemprop=\"headline\" >FUN 8<\/h3><div class='av-masonry-entry-content entry-content'  itemprop=\"text\" >St\u00f8rste lengde\t240 cm (7\u201911\u2033)<br \/>\r\nSt\u00f8rste bredde 145 cm (4\u20199\u2033)<br \/>\r\nAnbefalt motor 2.2 kW (3HP)<\/div><\/div><\/div><\/figcaption><\/figure><\/a><!--end av-masonry entry--><a href=\"https:\/\/www.zarmini.com\/nb\/tender\/fun-7\/\"  id='av-masonry-1-item-5107' data-av-masonry-item='5107' class='av-masonry-entry isotope-item post-5107 portfolio type-portfolio status-publish has-post-thumbnail hentry portfolio_entries-fun-nb all_sort fun-nb_sort  av-masonry-item-with-image' title=\"DSC_1082\"  itemscope=\"itemscope\" itemtype=\"https:\/\/schema.org\/CreativeWork\" ><div class='av-inner-masonry-sizer'><\/div><figure class='av-inner-masonry main_color'><div class=\"av-masonry-outerimage-container\"><div class='av-masonry-image-container'   ><img decoding=\"async\" width=\"705\" height=\"470\" class=\"wp-image-7650 avia-img-lazy-loading-not-7650\"  src=\"https:\/\/www.zarmini.com\/wp-content\/uploads\/2016\/11\/DSC_1082-705x470.jpg\" title=\"DSC_1082\" alt=\"\" srcset=\"https:\/\/www.zarmini.com\/wp-content\/uploads\/2016\/11\/DSC_1082-705x470.jpg 705w, https:\/\/www.zarmini.com\/wp-content\/uploads\/2016\/11\/DSC_1082-300x200.jpg 300w, https:\/\/www.zarmini.com\/wp-content\/uploads\/2016\/11\/DSC_1082-768x512.jpg 768w, https:\/\/www.zarmini.com\/wp-content\/uploads\/2016\/11\/DSC_1082-1030x687.jpg 1030w, https:\/\/www.zarmini.com\/wp-content\/uploads\/2016\/11\/DSC_1082-450x300.jpg 450w, https:\/\/www.zarmini.com\/wp-content\/uploads\/2016\/11\/DSC_1082.jpg 1200w\" sizes=\"(max-width: 705px) 100vw, 705px\" \/><\/div><\/div><figcaption class='av-inner-masonry-content site-background'><div class='av-inner-masonry-content-pos'><div class='av-inner-masonry-content-pos-content'><div class='avia-arrow'><\/div><h3 class='av-masonry-entry-title entry-title '  itemprop=\"headline\" >FUN 7<\/h3><div class='av-masonry-entry-content entry-content'  itemprop=\"text\" >St\u00f8rste lengde\t210 cm (6\u201911\u2033)<br \/>\r\nSt\u00f8rste bredde 145 cm (4\u20199\u2033)<br \/>\r\nAnbefalt motor 2.2 kW (3HP)<\/div><\/div><\/div><\/figcaption><\/figure><\/a><!--end av-masonry entry--><a href=\"https:\/\/www.zarmini.com\/nb\/tender\/fun-6\/\"  id='av-masonry-1-item-5104' data-av-masonry-item='5104' class='av-masonry-entry isotope-item post-5104 portfolio type-portfolio status-publish has-post-thumbnail hentry portfolio_entries-fun-nb all_sort fun-nb_sort  av-masonry-item-with-image' title=\"DSC_1021\"  itemscope=\"itemscope\" itemtype=\"https:\/\/schema.org\/CreativeWork\" ><div class='av-inner-masonry-sizer'><\/div><figure class='av-inner-masonry main_color'><div class=\"av-masonry-outerimage-container\"><div class='av-masonry-image-container'   ><img decoding=\"async\" width=\"705\" height=\"470\" class=\"wp-image-7616 avia-img-lazy-loading-not-7616\"  src=\"https:\/\/www.zarmini.com\/wp-content\/uploads\/2016\/11\/DSC_1021-705x470.jpg\" title=\"DSC_1021\" alt=\"\" srcset=\"https:\/\/www.zarmini.com\/wp-content\/uploads\/2016\/11\/DSC_1021-705x470.jpg 705w, https:\/\/www.zarmini.com\/wp-content\/uploads\/2016\/11\/DSC_1021-300x200.jpg 300w, https:\/\/www.zarmini.com\/wp-content\/uploads\/2016\/11\/DSC_1021-768x512.jpg 768w, https:\/\/www.zarmini.com\/wp-content\/uploads\/2016\/11\/DSC_1021-1030x687.jpg 1030w, https:\/\/www.zarmini.com\/wp-content\/uploads\/2016\/11\/DSC_1021-450x300.jpg 450w, https:\/\/www.zarmini.com\/wp-content\/uploads\/2016\/11\/DSC_1021.jpg 1200w\" sizes=\"(max-width: 705px) 100vw, 705px\" \/><\/div><\/div><figcaption class='av-inner-masonry-content site-background'><div class='av-inner-masonry-content-pos'><div class='av-inner-masonry-content-pos-content'><div class='avia-arrow'><\/div><h3 class='av-masonry-entry-title entry-title '  itemprop=\"headline\" >FUN 6<\/h3><div class='av-masonry-entry-content entry-content'  itemprop=\"text\" >St\u00f8rste lengde\t180 cm (5\u201911\u2033)<br \/>\r\nSt\u00f8rste bredde 145 cm (4\u20199\u2033)<br \/>\r\nAnbefalt motor 2.2 kW (3HP)<\/div><\/div><\/div><\/figcaption><\/figure><\/a><!--end av-masonry entry--><\/div><\/div>\n<section class=\"av_textblock_section \"  itemscope=\"itemscope\" itemtype=\"https:\/\/schema.org\/CreativeWork\" ><div class='avia_textblock  '   itemprop=\"text\" ><p>ZAR miniTM FUN-serien tilbyr en p\u00e5litelig og kompakt l\u00f8sning for oppbl\u00e5sbare b\u00e5ter for de som s\u00f8ker en liten, sammenleggbar b\u00e5t. Den er designet som en lett tender for sm\u00e5 motor- og seilyachter og er utrolig enkel \u00e5 montere og lagre bort.<\/p>\n<p>Den laminerte tredekket kan raskt rulles opp, slik at alt er lett og enkelt i bruk. Faktisk er det \u00e5 bl\u00e5se opp og t\u00f8mme tubene praktisk talt alt du trenger \u00e5 gj\u00f8re. V\u00e5re FUN oppbl\u00e5sbare b\u00e5ter har 5 lag med forsterket h\u00f8ykvalitets 1.100 dtex PVC-materiale, med en vekt p\u00e5 1.050 g\/m2 og en tykkelse p\u00e5 0,9 mm. PVC-s\u00f8mmene p\u00e5 ZAR miniTM-tube-kamrene v\u00e5re er sveiset for \u00f8kt holdbarhet.<\/p>\n<p>B\u00e5tene v\u00e5re er utstyrt med en overtrykksventil for \u00e5 beskytte tuben n\u00e5r den er riktig oppbl\u00e5st. Vi utsjekker n\u00f8ye hvert ZAR miniTM oppbl\u00e5sbare b\u00e5t f\u00f8r levering og tilbyr en begrenset 2-\u00e5rs garanti i tilfelle produksjonsfeil.<\/p>\n<p>Med et moderne italiensk design og en ekstra bred baug, er v\u00e5re oppbl\u00e5sbare b\u00e5ter b\u00e5de stilige og funksjonelle. ZAR miniTM FUN-serien er ideell for korte avstander og lagring p\u00e5 sm\u00e5 yacht- eller bilplasser.<\/p>\n<\/div><\/section>\n","protected":false},"excerpt":{"rendered":"","protected":false},"author":1,"featured_media":0,"parent":0,"menu_order":0,"comment_status":"closed","ping_status":"closed","template":"","meta":{"footnotes":""},"class_list":["post-5163","page","type-page","status-publish","hentry"],"_links":{"self":[{"href":"https:\/\/www.zarmini.com\/nb\/wp-json\/wp\/v2\/pages\/5163","targetHints":{"allow":["GET"]}}],"collection":[{"href":"https:\/\/www.zarmini.com\/nb\/wp-json\/wp\/v2\/pages"}],"about":[{"href":"https:\/\/www.zarmini.com\/nb\/wp-json\/wp\/v2\/types\/page"}],"author":[{"embeddable":true,"href":"https:\/\/www.zarmini.com\/nb\/wp-json\/wp\/v2\/users\/1"}],"replies":[{"embeddable":true,"href":"https:\/\/www.zarmini.com\/nb\/wp-json\/wp\/v2\/comments?post=5163"}],"version-history":[{"count":3,"href":"https:\/\/www.zarmini.com\/nb\/wp-json\/wp\/v2\/pages\/5163\/revisions"}],"predecessor-version":[{"id":16628,"href":"https:\/\/www.zarmini.com\/nb\/wp-json\/wp\/v2\/pages\/5163\/revisions\/16628"}],"wp:attachment":[{"href":"https:\/\/www.zarmini.com\/nb\/wp-json\/wp\/v2\/media?parent=5163"}],"curies":[{"name":"wp","href":"https:\/\/api.w.org\/{rel}","templated":true}]}}