{"id":5166,"date":"2018-03-06T15:53:14","date_gmt":"2018-03-06T15:53:14","guid":{"rendered":"https:\/\/www.zarmini.com\/?page_id=5166"},"modified":"2023-05-02T12:14:38","modified_gmt":"2023-05-02T11:14:38","slug":"alu","status":"publish","type":"page","link":"https:\/\/www.zarmini.com\/nb\/alu\/","title":{"rendered":"ALU"},"content":{"rendered":"\n<style type=\"text\/css\" data-created_by=\"avia_inline_auto\" id=\"style-css-av-av_heading-c9f1f0263ecfe4af0467653336bceb1d\">\n#top .av-special-heading.av-av_heading-c9f1f0263ecfe4af0467653336bceb1d{\npadding-bottom:10px;\n}\n.av-special-heading.av-av_heading-c9f1f0263ecfe4af0467653336bceb1d .av-subheading{\nfont-size:15px;\n}\n<\/style>\n<div  class='av-special-heading av-av_heading-c9f1f0263ecfe4af0467653336bceb1d av-special-heading-h1 blockquote modern-quote modern-centered  avia-builder-el-0  el_before_av_layerslider  avia-builder-el-no-sibling  '><h1 class='av-special-heading-tag '  itemprop=\"headline\"  >ZAR mini &#8211; serie ALU<\/h1><div class='av-subheading av-subheading_below '><p>Foldables with aluminium floorboards and keel &#8211; 2.70MT \u2192 4.60MT<br \/>\nCLASSIC: ALU 9, ALU 10, ALU 11, ALU 12<br \/>\nALU with speedtuber: ALU 13, ALU 14, ALU 15<\/p>\n<\/div><div class='special-heading-border'><div class='special-heading-inner-border'><\/div><\/div><\/div>\n<\/div><\/div><\/div><!-- close content main div --><\/div><\/div><div id='layer_slider_1'  class='avia-layerslider main_color avia-shadow  avia-builder-el-1  el_after_av_heading  el_before_av_masonry_entries  slider-not-first container_wrap fullsize'  style='height: 401px;'  ><\/div>\n<div id='av-masonry-1' class='av-masonry av-av_masonry_entries-7abeb39cbef978bb24948dc446d8b072 noHover av-flex-size av-large-gap av-hover-overlay- av-masonry-animation-active av-masonry-col-2 av-caption-always av-caption-style- av-masonry-entries   '><div class=\"av-masonry-container isotope av-js-disabled\"><div class='av-masonry-entry isotope-item av-masonry-item-no-image all_sort alu-nb_sort '><\/div><a href=\"https:\/\/www.zarmini.com\/nb\/tender\/alu-15\/\"  id='av-masonry-1-item-5138' data-av-masonry-item='5138' class='av-masonry-entry isotope-item post-5138 portfolio type-portfolio status-publish has-post-thumbnail hentry portfolio_entries-alu-nb all_sort alu-nb_sort  av-masonry-item-with-image' title=\"DSC_1051\"  itemscope=\"itemscope\" itemtype=\"https:\/\/schema.org\/CreativeWork\" ><div class='av-inner-masonry-sizer'><\/div><figure class='av-inner-masonry main_color'><div class=\"av-masonry-outerimage-container\"><div class='av-masonry-image-container'   ><img decoding=\"async\" width=\"705\" height=\"470\" class=\"wp-image-8421 avia-img-lazy-loading-not-8421\"  src=\"https:\/\/www.zarmini.com\/wp-content\/uploads\/2016\/11\/DSC_1051-1-705x470.jpg\" title=\"DSC_1051\" alt=\"\" srcset=\"https:\/\/www.zarmini.com\/wp-content\/uploads\/2016\/11\/DSC_1051-1-705x470.jpg 705w, https:\/\/www.zarmini.com\/wp-content\/uploads\/2016\/11\/DSC_1051-1-300x200.jpg 300w, https:\/\/www.zarmini.com\/wp-content\/uploads\/2016\/11\/DSC_1051-1-768x512.jpg 768w, https:\/\/www.zarmini.com\/wp-content\/uploads\/2016\/11\/DSC_1051-1-1030x687.jpg 1030w, https:\/\/www.zarmini.com\/wp-content\/uploads\/2016\/11\/DSC_1051-1-450x300.jpg 450w, https:\/\/www.zarmini.com\/wp-content\/uploads\/2016\/11\/DSC_1051-1.jpg 1200w\" sizes=\"(max-width: 705px) 100vw, 705px\" \/><\/div><\/div><figcaption class='av-inner-masonry-content site-background'><div class='av-inner-masonry-content-pos'><div class='av-inner-masonry-content-pos-content'><div class='avia-arrow'><\/div><h3 class='av-masonry-entry-title entry-title '  itemprop=\"headline\" >ALU 15<\/h3><div class='av-masonry-entry-content entry-content'  itemprop=\"text\" >St\u00f8rste lengde\t460 cm (15\u20192\u2033)<br \/>\r\nSt\u00f8rste bredde 216 cm (7\u20191\u2033)<br \/>\r\nAnbefalt motor  22 kW (30HP)<\/div><\/div><\/div><\/figcaption><\/figure><\/a><!--end av-masonry entry--><a href=\"https:\/\/www.zarmini.com\/nb\/tender\/alu-14\/\"  id='av-masonry-1-item-5135' data-av-masonry-item='5135' class='av-masonry-entry isotope-item post-5135 portfolio type-portfolio status-publish has-post-thumbnail hentry portfolio_entries-alu-nb all_sort alu-nb_sort  av-masonry-item-with-image' title=\"DSC_1051\"  itemscope=\"itemscope\" itemtype=\"https:\/\/schema.org\/CreativeWork\" ><div class='av-inner-masonry-sizer'><\/div><figure class='av-inner-masonry main_color'><div class=\"av-masonry-outerimage-container\"><div class='av-masonry-image-container'   ><img decoding=\"async\" width=\"705\" height=\"470\" class=\"wp-image-8421 avia-img-lazy-loading-not-8421\"  src=\"https:\/\/www.zarmini.com\/wp-content\/uploads\/2016\/11\/DSC_1051-1-705x470.jpg\" title=\"DSC_1051\" alt=\"\" srcset=\"https:\/\/www.zarmini.com\/wp-content\/uploads\/2016\/11\/DSC_1051-1-705x470.jpg 705w, https:\/\/www.zarmini.com\/wp-content\/uploads\/2016\/11\/DSC_1051-1-300x200.jpg 300w, https:\/\/www.zarmini.com\/wp-content\/uploads\/2016\/11\/DSC_1051-1-768x512.jpg 768w, https:\/\/www.zarmini.com\/wp-content\/uploads\/2016\/11\/DSC_1051-1-1030x687.jpg 1030w, https:\/\/www.zarmini.com\/wp-content\/uploads\/2016\/11\/DSC_1051-1-450x300.jpg 450w, https:\/\/www.zarmini.com\/wp-content\/uploads\/2016\/11\/DSC_1051-1.jpg 1200w\" sizes=\"(max-width: 705px) 100vw, 705px\" \/><\/div><\/div><figcaption class='av-inner-masonry-content site-background'><div class='av-inner-masonry-content-pos'><div class='av-inner-masonry-content-pos-content'><div class='avia-arrow'><\/div><h3 class='av-masonry-entry-title entry-title '  itemprop=\"headline\" >ALU 14<\/h3><div class='av-masonry-entry-content entry-content'  itemprop=\"text\" >St\u00f8rste lengde\t420 cm (13\u201910\u2033)<br \/>\r\nSt\u00f8rste bredde 195 cm (6\u20195\u2033)<br \/>\r\nAnbefalt motor  22 kW (30HP)<\/div><\/div><\/div><\/figcaption><\/figure><\/a><!--end av-masonry entry--><a href=\"https:\/\/www.zarmini.com\/nb\/tender\/alu-13\/\"  id='av-masonry-1-item-5132' data-av-masonry-item='5132' class='av-masonry-entry isotope-item post-5132 portfolio type-portfolio status-publish has-post-thumbnail hentry portfolio_entries-alu-nb all_sort alu-nb_sort  av-masonry-item-with-image' title=\"DSC_1048\"  itemscope=\"itemscope\" itemtype=\"https:\/\/schema.org\/CreativeWork\" ><div class='av-inner-masonry-sizer'><\/div><figure class='av-inner-masonry main_color'><div class=\"av-masonry-outerimage-container\"><div class='av-masonry-image-container'   ><img decoding=\"async\" width=\"705\" height=\"470\" class=\"wp-image-7567 avia-img-lazy-loading-not-7567\"  src=\"https:\/\/www.zarmini.com\/wp-content\/uploads\/2016\/11\/DSC_1048-705x470.jpg\" title=\"DSC_1048\" alt=\"\" srcset=\"https:\/\/www.zarmini.com\/wp-content\/uploads\/2016\/11\/DSC_1048-705x470.jpg 705w, https:\/\/www.zarmini.com\/wp-content\/uploads\/2016\/11\/DSC_1048-300x200.jpg 300w, https:\/\/www.zarmini.com\/wp-content\/uploads\/2016\/11\/DSC_1048-768x512.jpg 768w, https:\/\/www.zarmini.com\/wp-content\/uploads\/2016\/11\/DSC_1048-1030x687.jpg 1030w, https:\/\/www.zarmini.com\/wp-content\/uploads\/2016\/11\/DSC_1048-450x300.jpg 450w, https:\/\/www.zarmini.com\/wp-content\/uploads\/2016\/11\/DSC_1048.jpg 1200w\" sizes=\"(max-width: 705px) 100vw, 705px\" \/><\/div><\/div><figcaption class='av-inner-masonry-content site-background'><div class='av-inner-masonry-content-pos'><div class='av-inner-masonry-content-pos-content'><div class='avia-arrow'><\/div><h3 class='av-masonry-entry-title entry-title '  itemprop=\"headline\" >ALU 13<\/h3><div class='av-masonry-entry-content entry-content'  itemprop=\"text\" >St\u00f8rste lengde 390 cm (13\u201910\u2033)<br \/>\r\nSt\u00f8rste bredde 195 cm (6\u20195\u2033)<br \/>\r\nAnbefalt motor 18.3 kW (25HP)<\/div><\/div><\/div><\/figcaption><\/figure><\/a><!--end av-masonry entry--><a href=\"https:\/\/www.zarmini.com\/nb\/tender\/alu-12\/\"  id='av-masonry-1-item-5128' data-av-masonry-item='5128' class='av-masonry-entry isotope-item post-5128 portfolio type-portfolio status-publish has-post-thumbnail hentry portfolio_entries-alu-nb all_sort alu-nb_sort  av-masonry-item-with-image' title=\"DSC_1039\"  itemscope=\"itemscope\" itemtype=\"https:\/\/schema.org\/CreativeWork\" ><div class='av-inner-masonry-sizer'><\/div><figure class='av-inner-masonry main_color'><div class=\"av-masonry-outerimage-container\"><div class='av-masonry-image-container'   ><img decoding=\"async\" width=\"705\" height=\"470\" class=\"wp-image-7521 avia-img-lazy-loading-not-7521\"  src=\"https:\/\/www.zarmini.com\/wp-content\/uploads\/2016\/11\/DSC_1039-705x470.jpg\" title=\"DSC_1039\" alt=\"\" srcset=\"https:\/\/www.zarmini.com\/wp-content\/uploads\/2016\/11\/DSC_1039-705x470.jpg 705w, https:\/\/www.zarmini.com\/wp-content\/uploads\/2016\/11\/DSC_1039-300x200.jpg 300w, https:\/\/www.zarmini.com\/wp-content\/uploads\/2016\/11\/DSC_1039-768x512.jpg 768w, https:\/\/www.zarmini.com\/wp-content\/uploads\/2016\/11\/DSC_1039-1030x687.jpg 1030w, https:\/\/www.zarmini.com\/wp-content\/uploads\/2016\/11\/DSC_1039-450x300.jpg 450w, https:\/\/www.zarmini.com\/wp-content\/uploads\/2016\/11\/DSC_1039.jpg 1200w\" sizes=\"(max-width: 705px) 100vw, 705px\" \/><\/div><\/div><figcaption class='av-inner-masonry-content site-background'><div class='av-inner-masonry-content-pos'><div class='av-inner-masonry-content-pos-content'><div class='avia-arrow'><\/div><h3 class='av-masonry-entry-title entry-title '  itemprop=\"headline\" >ALU 12<\/h3><div class='av-masonry-entry-content entry-content'  itemprop=\"text\" >St\u00f8rste lengde 360 cm (11'10'')<br \/>\r\nSt\u00f8rste bredde 195 cm (6'5'')<br \/>\r\nAnbefalt motor 14.7 kW (20HP)<\/div><\/div><\/div><\/figcaption><\/figure><\/a><!--end av-masonry entry--><a href=\"https:\/\/www.zarmini.com\/nb\/tender\/alu-11\/\"  id='av-masonry-1-item-5125' data-av-masonry-item='5125' class='av-masonry-entry isotope-item post-5125 portfolio type-portfolio status-publish has-post-thumbnail hentry portfolio_entries-alu-nb all_sort alu-nb_sort  av-masonry-item-with-image' title=\"alu11\"  itemscope=\"itemscope\" itemtype=\"https:\/\/schema.org\/CreativeWork\" ><div class='av-inner-masonry-sizer'><\/div><figure class='av-inner-masonry main_color'><div class=\"av-masonry-outerimage-container\"><div class='av-masonry-image-container'   ><img decoding=\"async\" width=\"705\" height=\"470\" class=\"wp-image-8601 avia-img-lazy-loading-not-8601\"  src=\"https:\/\/www.zarmini.com\/wp-content\/uploads\/2016\/11\/alu11-705x470.jpg\" title=\"alu11\" alt=\"\" srcset=\"https:\/\/www.zarmini.com\/wp-content\/uploads\/2016\/11\/alu11-705x470.jpg 705w, https:\/\/www.zarmini.com\/wp-content\/uploads\/2016\/11\/alu11-300x200.jpg 300w, https:\/\/www.zarmini.com\/wp-content\/uploads\/2016\/11\/alu11-768x512.jpg 768w, https:\/\/www.zarmini.com\/wp-content\/uploads\/2016\/11\/alu11-1030x687.jpg 1030w, https:\/\/www.zarmini.com\/wp-content\/uploads\/2016\/11\/alu11-450x300.jpg 450w, https:\/\/www.zarmini.com\/wp-content\/uploads\/2016\/11\/alu11.jpg 1200w\" sizes=\"(max-width: 705px) 100vw, 705px\" \/><\/div><\/div><figcaption class='av-inner-masonry-content site-background'><div class='av-inner-masonry-content-pos'><div class='av-inner-masonry-content-pos-content'><div class='avia-arrow'><\/div><h3 class='av-masonry-entry-title entry-title '  itemprop=\"headline\" >ALU 11<\/h3><div class='av-masonry-entry-content entry-content'  itemprop=\"text\" >St\u00f8rste lengde 330 cm (10'10'')<br \/>\r\nSt\u00f8rste bredde 170 cm (5'7'')<br \/>\r\nAnbefalt motor 14.7 kW (20HP)<\/div><\/div><\/div><\/figcaption><\/figure><\/a><!--end av-masonry entry--><a href=\"https:\/\/www.zarmini.com\/nb\/tender\/alu-10\/\"  id='av-masonry-1-item-5122' data-av-masonry-item='5122' class='av-masonry-entry isotope-item post-5122 portfolio type-portfolio status-publish has-post-thumbnail hentry portfolio_entries-alu-nb all_sort alu-nb_sort  av-masonry-item-with-image' title=\"DSC_1024\"  itemscope=\"itemscope\" itemtype=\"https:\/\/schema.org\/CreativeWork\" ><div class='av-inner-masonry-sizer'><\/div><figure class='av-inner-masonry main_color'><div class=\"av-masonry-outerimage-container\"><div class='av-masonry-image-container'   ><img decoding=\"async\" width=\"705\" height=\"470\" class=\"wp-image-7485 avia-img-lazy-loading-not-7485\"  src=\"https:\/\/www.zarmini.com\/wp-content\/uploads\/2016\/11\/DSC_1024-705x470.jpg\" title=\"DSC_1024\" alt=\"\" srcset=\"https:\/\/www.zarmini.com\/wp-content\/uploads\/2016\/11\/DSC_1024-705x470.jpg 705w, https:\/\/www.zarmini.com\/wp-content\/uploads\/2016\/11\/DSC_1024-300x200.jpg 300w, https:\/\/www.zarmini.com\/wp-content\/uploads\/2016\/11\/DSC_1024-768x512.jpg 768w, https:\/\/www.zarmini.com\/wp-content\/uploads\/2016\/11\/DSC_1024-1030x687.jpg 1030w, https:\/\/www.zarmini.com\/wp-content\/uploads\/2016\/11\/DSC_1024-450x300.jpg 450w, https:\/\/www.zarmini.com\/wp-content\/uploads\/2016\/11\/DSC_1024.jpg 1200w\" sizes=\"(max-width: 705px) 100vw, 705px\" \/><\/div><\/div><figcaption class='av-inner-masonry-content site-background'><div class='av-inner-masonry-content-pos'><div class='av-inner-masonry-content-pos-content'><div class='avia-arrow'><\/div><h3 class='av-masonry-entry-title entry-title '  itemprop=\"headline\" >ALU 10<\/h3><div class='av-masonry-entry-content entry-content'  itemprop=\"text\" >St\u00f8rste lengde 300 cm (9'11'')<br \/>\r\nSt\u00f8rste bredde 170 cm (5'7'')<br \/>\r\nAnbefalt motor 11.0 kW (15HP)<\/div><\/div><\/div><\/figcaption><\/figure><\/a><!--end av-masonry entry--><a href=\"https:\/\/www.zarmini.com\/nb\/tender\/alu-9\/\"  id='av-masonry-1-item-5119' data-av-masonry-item='5119' class='av-masonry-entry isotope-item post-5119 portfolio type-portfolio status-publish has-post-thumbnail hentry portfolio_entries-alu-nb all_sort alu-nb_sort  av-masonry-item-with-image' title=\"DSC_1103\"  itemscope=\"itemscope\" itemtype=\"https:\/\/schema.org\/CreativeWork\" ><div class='av-inner-masonry-sizer'><\/div><figure class='av-inner-masonry main_color'><div class=\"av-masonry-outerimage-container\"><div class='av-masonry-image-container'   ><img decoding=\"async\" width=\"705\" height=\"470\" class=\"wp-image-7450 avia-img-lazy-loading-not-7450\"  src=\"https:\/\/www.zarmini.com\/wp-content\/uploads\/2016\/11\/DSC_1103-705x470.jpg\" title=\"DSC_1103\" alt=\"\" srcset=\"https:\/\/www.zarmini.com\/wp-content\/uploads\/2016\/11\/DSC_1103-705x470.jpg 705w, https:\/\/www.zarmini.com\/wp-content\/uploads\/2016\/11\/DSC_1103-300x200.jpg 300w, https:\/\/www.zarmini.com\/wp-content\/uploads\/2016\/11\/DSC_1103-768x512.jpg 768w, https:\/\/www.zarmini.com\/wp-content\/uploads\/2016\/11\/DSC_1103-1030x687.jpg 1030w, https:\/\/www.zarmini.com\/wp-content\/uploads\/2016\/11\/DSC_1103-450x300.jpg 450w, https:\/\/www.zarmini.com\/wp-content\/uploads\/2016\/11\/DSC_1103.jpg 1200w\" sizes=\"(max-width: 705px) 100vw, 705px\" \/><\/div><\/div><figcaption class='av-inner-masonry-content site-background'><div class='av-inner-masonry-content-pos'><div class='av-inner-masonry-content-pos-content'><div class='avia-arrow'><\/div><h3 class='av-masonry-entry-title entry-title '  itemprop=\"headline\" >ALU 9<\/h3><div class='av-masonry-entry-content entry-content'  itemprop=\"text\" >St\u00f8rste lengde 270 cm (8'11'')<br \/>\r\nSt\u00f8rste bredde 170 cm (5'7'')br \/><br \/>\r\nAnbefalt motor 7.3 kW (10HP)<\/div><\/div><\/div><\/figcaption><\/figure><\/a><!--end av-masonry entry--><\/div><\/div>\n<section class=\"av_textblock_section \"  itemscope=\"itemscope\" itemtype=\"https:\/\/schema.org\/CreativeWork\" ><div class='avia_textblock  '   itemprop=\"text\" ><p>V\u00e5r ZAR miniTM ALU linje er den ideelle oppbl\u00e5sbare b\u00e5ten for personer som s\u00f8ker en p\u00e5litelig og sikker sammenleggbar b\u00e5t. Den er enkel \u00e5 montere og kan ta en motor p\u00e5 opptil 40 hk.<\/p>\n<p>ZAR miniTM ALU linjen kan enkelt trekke vannleker og r\u00f8r med de to installerte D-ringer p\u00e5 transom.<\/p>\n<p>Med v\u00e5re spesielt designede to-hastighets r\u00f8r installert under hovedr\u00f8ret p\u00e5 ALU13, ALU14 og ALU15, vil du oppleve en unik, rask og komfortabel tur. Det er virkelig moro!<\/p>\n<p>Alle sammenleggbare ALU oppbl\u00e5sbare b\u00e5ter fra ZAR miniTM har et 5-lags forsterket h\u00f8ykvalitets 1.100 dtex PVC-materiale med en vekt p\u00e5 1.050 g\/m2 og en tykkelse p\u00e5 0,9 mm. Alle PVC-s\u00f8mmer i v\u00e5re ZAR miniTM-r\u00f8rlige kamre er sveist*. For \u00e5 holde vekten nede, bruker vi et meget sterkt, men lett konstruert aluminiumsgulv som vi produserer i v\u00e5r produksjon. H\u00f8ykvalitets materiale sammen med kontinuerlig forskning og utvikling er n\u00f8kkelen til suksess.<\/p>\n<p>Alle b\u00e5ter har en overtrykksventil som standardutstyr, som vil beskytte r\u00f8ret ditt n\u00e5r det er riktig oppbl\u00e5st.<\/p>\n<p>Hver enkelt ZAR miniTM oppbl\u00e5sbare b\u00e5t g\u00e5r gjennom en sv\u00e6rt streng kvalitetskontroll f\u00f8r vi leverer den til v\u00e5re verdifulle kunder. Bare i tilfelle en feil g\u00e5r gjennom kvalitetskontrollen, vil du v\u00e6re beskyttet av v\u00e5r begrensede 2-\u00e5rs garanti etter \u00e5 ha registrert b\u00e5ten din hos oss.<\/p>\n<p>Med v\u00e5rt store standardutstyr og v\u00e5r moderne italienske design med en ekstra bred baug, er ZAR miniTM oppbl\u00e5sbare b\u00e5ter en av en kind.<\/p>\n<p>ZAR miniTM ALU linjen er ideell for \u00e5 trekke vannleker, dykking og fiske. Et absolutt must for hver ferie.<\/p>\n<\/div><\/section>\n","protected":false},"excerpt":{"rendered":"","protected":false},"author":1,"featured_media":0,"parent":0,"menu_order":0,"comment_status":"closed","ping_status":"closed","template":"","meta":{"footnotes":""},"class_list":["post-5166","page","type-page","status-publish","hentry"],"_links":{"self":[{"href":"https:\/\/www.zarmini.com\/nb\/wp-json\/wp\/v2\/pages\/5166","targetHints":{"allow":["GET"]}}],"collection":[{"href":"https:\/\/www.zarmini.com\/nb\/wp-json\/wp\/v2\/pages"}],"about":[{"href":"https:\/\/www.zarmini.com\/nb\/wp-json\/wp\/v2\/types\/page"}],"author":[{"embeddable":true,"href":"https:\/\/www.zarmini.com\/nb\/wp-json\/wp\/v2\/users\/1"}],"replies":[{"embeddable":true,"href":"https:\/\/www.zarmini.com\/nb\/wp-json\/wp\/v2\/comments?post=5166"}],"version-history":[{"count":3,"href":"https:\/\/www.zarmini.com\/nb\/wp-json\/wp\/v2\/pages\/5166\/revisions"}],"predecessor-version":[{"id":16647,"href":"https:\/\/www.zarmini.com\/nb\/wp-json\/wp\/v2\/pages\/5166\/revisions\/16647"}],"wp:attachment":[{"href":"https:\/\/www.zarmini.com\/nb\/wp-json\/wp\/v2\/media?parent=5166"}],"curies":[{"name":"wp","href":"https:\/\/api.w.org\/{rel}","templated":true}]}}