{"id":5171,"date":"2018-03-06T15:54:56","date_gmt":"2018-03-06T15:54:56","guid":{"rendered":"https:\/\/www.zarmini.com\/?page_id=5171"},"modified":"2023-04-28T16:29:12","modified_gmt":"2023-04-28T15:29:12","slug":"air","status":"publish","type":"page","link":"https:\/\/www.zarmini.com\/nb\/air\/","title":{"rendered":"AIR"},"content":{"rendered":"\n<style type=\"text\/css\" data-created_by=\"avia_inline_auto\" id=\"style-css-av-av_heading-502c350a56d17dbfe82c94060e6c28c7\">\n#top .av-special-heading.av-av_heading-502c350a56d17dbfe82c94060e6c28c7{\npadding-bottom:10px;\n}\n.av-special-heading.av-av_heading-502c350a56d17dbfe82c94060e6c28c7 .av-subheading{\nfont-size:15px;\n}\n<\/style>\n<div  class='av-special-heading av-av_heading-502c350a56d17dbfe82c94060e6c28c7 av-special-heading-h1 blockquote modern-quote modern-centered  avia-builder-el-0  el_before_av_layerslider  avia-builder-el-no-sibling  '><h1 class='av-special-heading-tag '  itemprop=\"headline\"  >ZAR mini &#8211; serie AIR<\/h1><div class='av-subheading av-subheading_below '><p>Foldable boats with airdeck and inflatable air keel &#8211; 2.40MT \u2192 3.00MT<\/p>\n<\/div><div class='special-heading-border'><div class='special-heading-inner-border'><\/div><\/div><\/div>\n<\/div><\/div><\/div><!-- close content main div --><\/div><\/div><div id='layer_slider_1'  class='avia-layerslider main_color avia-shadow  avia-builder-el-1  el_after_av_heading  el_before_av_masonry_entries  slider-not-first container_wrap fullsize'  style='height: 401px;'  ><\/div>\n<div id='av-masonry-1' class='av-masonry av-av_masonry_entries-c32a8a86399642324ca10d1cea608444 noHover av-flex-size av-large-gap av-hover-overlay- av-masonry-animation-active av-masonry-col-2 av-caption-always av-caption-style- av-masonry-entries   '><div class=\"av-masonry-container isotope av-js-disabled\"><div class='av-masonry-entry isotope-item av-masonry-item-no-image all_sort air-nb_sort '><\/div><a href=\"https:\/\/www.zarmini.com\/nb\/tender\/air-10\/\"  id='av-masonry-1-item-5101' data-av-masonry-item='5101' class='av-masonry-entry isotope-item post-5101 portfolio type-portfolio status-publish has-post-thumbnail hentry portfolio_entries-air-nb all_sort air-nb_sort  av-masonry-item-with-image' title=\"DSC_1076\"  itemscope=\"itemscope\" itemtype=\"https:\/\/schema.org\/CreativeWork\" ><div class='av-inner-masonry-sizer'><\/div><figure class='av-inner-masonry main_color'><div class=\"av-masonry-outerimage-container\"><div class='av-masonry-image-container'   ><img decoding=\"async\" width=\"705\" height=\"470\" class=\"wp-image-7378 avia-img-lazy-loading-not-7378\"  src=\"https:\/\/www.zarmini.com\/wp-content\/uploads\/2016\/11\/DSC_1076-705x470.jpg\" title=\"DSC_1076\" alt=\"\" srcset=\"https:\/\/www.zarmini.com\/wp-content\/uploads\/2016\/11\/DSC_1076-705x470.jpg 705w, https:\/\/www.zarmini.com\/wp-content\/uploads\/2016\/11\/DSC_1076-300x200.jpg 300w, https:\/\/www.zarmini.com\/wp-content\/uploads\/2016\/11\/DSC_1076-768x512.jpg 768w, https:\/\/www.zarmini.com\/wp-content\/uploads\/2016\/11\/DSC_1076-1030x687.jpg 1030w, https:\/\/www.zarmini.com\/wp-content\/uploads\/2016\/11\/DSC_1076-450x300.jpg 450w, https:\/\/www.zarmini.com\/wp-content\/uploads\/2016\/11\/DSC_1076.jpg 1200w\" sizes=\"(max-width: 705px) 100vw, 705px\" \/><\/div><\/div><figcaption class='av-inner-masonry-content site-background'><div class='av-inner-masonry-content-pos'><div class='av-inner-masonry-content-pos-content'><div class='avia-arrow'><\/div><h3 class='av-masonry-entry-title entry-title '  itemprop=\"headline\" >AIR 10<\/h3><div class='av-masonry-entry-content entry-content'  itemprop=\"text\" >St\u00f8rste lengde 300 cm (9'11'')<br \/>\r\nSt\u00f8rste bredde 170 cm (5'7'')<br \/>\r\nAnbefalt motor 11 kW (15HP)<\/div><\/div><\/div><\/figcaption><\/figure><\/a><!--end av-masonry entry--><a href=\"https:\/\/www.zarmini.com\/nb\/tender\/air-9\/\"  id='av-masonry-1-item-5098' data-av-masonry-item='5098' class='av-masonry-entry isotope-item post-5098 portfolio type-portfolio status-publish has-post-thumbnail hentry portfolio_entries-air-nb all_sort air-nb_sort  av-masonry-item-with-image' title=\"DSC_1069\"  itemscope=\"itemscope\" itemtype=\"https:\/\/schema.org\/CreativeWork\" ><div class='av-inner-masonry-sizer'><\/div><figure class='av-inner-masonry main_color'><div class=\"av-masonry-outerimage-container\"><div class='av-masonry-image-container'   ><img decoding=\"async\" width=\"705\" height=\"470\" class=\"wp-image-7332 avia-img-lazy-loading-not-7332\"  src=\"https:\/\/www.zarmini.com\/wp-content\/uploads\/2016\/11\/DSC_1069-705x470.jpg\" title=\"DSC_1069\" alt=\"\" srcset=\"https:\/\/www.zarmini.com\/wp-content\/uploads\/2016\/11\/DSC_1069-705x470.jpg 705w, https:\/\/www.zarmini.com\/wp-content\/uploads\/2016\/11\/DSC_1069-300x200.jpg 300w, https:\/\/www.zarmini.com\/wp-content\/uploads\/2016\/11\/DSC_1069-768x512.jpg 768w, https:\/\/www.zarmini.com\/wp-content\/uploads\/2016\/11\/DSC_1069-1030x687.jpg 1030w, https:\/\/www.zarmini.com\/wp-content\/uploads\/2016\/11\/DSC_1069-450x300.jpg 450w, https:\/\/www.zarmini.com\/wp-content\/uploads\/2016\/11\/DSC_1069.jpg 1200w\" sizes=\"(max-width: 705px) 100vw, 705px\" \/><\/div><\/div><figcaption class='av-inner-masonry-content site-background'><div class='av-inner-masonry-content-pos'><div class='av-inner-masonry-content-pos-content'><div class='avia-arrow'><\/div><h3 class='av-masonry-entry-title entry-title '  itemprop=\"headline\" >AIR 9<\/h3><div class='av-masonry-entry-content entry-content'  itemprop=\"text\" >St\u00f8rste lengde 270 cm (8'11'')<br \/>\r\nSt\u00f8rste bredde 170 cm (5'7'')<br \/>\r\nAnbefalt motor 7.3 kW (10HP)<\/div><\/div><\/div><\/figcaption><\/figure><\/a><!--end av-masonry entry--><a href=\"https:\/\/www.zarmini.com\/nb\/tender\/air-8\/\"  id='av-masonry-1-item-5095' data-av-masonry-item='5095' class='av-masonry-entry isotope-item post-5095 portfolio type-portfolio status-publish has-post-thumbnail hentry portfolio_entries-air-nb all_sort air-nb_sort  av-masonry-item-with-image' title=\"DSC_1097\"  itemscope=\"itemscope\" itemtype=\"https:\/\/schema.org\/CreativeWork\" ><div class='av-inner-masonry-sizer'><\/div><figure class='av-inner-masonry main_color'><div class=\"av-masonry-outerimage-container\"><div class='av-masonry-image-container'   ><img decoding=\"async\" width=\"705\" height=\"470\" class=\"wp-image-7314 avia-img-lazy-loading-not-7314\"  src=\"https:\/\/www.zarmini.com\/wp-content\/uploads\/2016\/11\/DSC_1097-705x470.jpg\" title=\"DSC_1097\" alt=\"\" srcset=\"https:\/\/www.zarmini.com\/wp-content\/uploads\/2016\/11\/DSC_1097-705x470.jpg 705w, https:\/\/www.zarmini.com\/wp-content\/uploads\/2016\/11\/DSC_1097-300x200.jpg 300w, https:\/\/www.zarmini.com\/wp-content\/uploads\/2016\/11\/DSC_1097-768x512.jpg 768w, https:\/\/www.zarmini.com\/wp-content\/uploads\/2016\/11\/DSC_1097-1030x687.jpg 1030w, https:\/\/www.zarmini.com\/wp-content\/uploads\/2016\/11\/DSC_1097-450x300.jpg 450w, https:\/\/www.zarmini.com\/wp-content\/uploads\/2016\/11\/DSC_1097.jpg 1200w\" sizes=\"(max-width: 705px) 100vw, 705px\" \/><\/div><\/div><figcaption class='av-inner-masonry-content site-background'><div class='av-inner-masonry-content-pos'><div class='av-inner-masonry-content-pos-content'><div class='avia-arrow'><\/div><h3 class='av-masonry-entry-title entry-title '  itemprop=\"headline\" >AIR 8<\/h3><div class='av-masonry-entry-content entry-content'  itemprop=\"text\" >St\u00f8rste lengde 240 cm (7'11'')<br \/>\r\nt\u00f8rste bredde 155 cm (5'1'')<br \/>\r\nAnbefalt motor 3.6 kW (5HP)<\/div><\/div><\/div><\/figcaption><\/figure><\/a><!--end av-masonry entry--><a href=\"https:\/\/www.zarmini.com\/nb\/tender\/air-7\/\"  id='av-masonry-1-item-5025' data-av-masonry-item='5025' class='av-masonry-entry isotope-item post-5025 portfolio type-portfolio status-publish has-post-thumbnail hentry portfolio_entries-air-nb all_sort air-nb_sort  av-masonry-item-with-image' title=\"DSC_1062\"  itemscope=\"itemscope\" itemtype=\"https:\/\/schema.org\/CreativeWork\" ><div class='av-inner-masonry-sizer'><\/div><figure class='av-inner-masonry main_color'><div class=\"av-masonry-outerimage-container\"><div class='av-masonry-image-container'   ><img decoding=\"async\" width=\"705\" height=\"470\" class=\"wp-image-7409 avia-img-lazy-loading-not-7409\"  src=\"https:\/\/www.zarmini.com\/wp-content\/uploads\/2016\/11\/DSC_1062-705x470.jpg\" title=\"DSC_1062\" alt=\"\" srcset=\"https:\/\/www.zarmini.com\/wp-content\/uploads\/2016\/11\/DSC_1062-705x470.jpg 705w, https:\/\/www.zarmini.com\/wp-content\/uploads\/2016\/11\/DSC_1062-300x200.jpg 300w, https:\/\/www.zarmini.com\/wp-content\/uploads\/2016\/11\/DSC_1062-768x512.jpg 768w, https:\/\/www.zarmini.com\/wp-content\/uploads\/2016\/11\/DSC_1062-1030x687.jpg 1030w, https:\/\/www.zarmini.com\/wp-content\/uploads\/2016\/11\/DSC_1062-450x300.jpg 450w, https:\/\/www.zarmini.com\/wp-content\/uploads\/2016\/11\/DSC_1062.jpg 1200w\" sizes=\"(max-width: 705px) 100vw, 705px\" \/><\/div><\/div><figcaption class='av-inner-masonry-content site-background'><div class='av-inner-masonry-content-pos'><div class='av-inner-masonry-content-pos-content'><div class='avia-arrow'><\/div><h3 class='av-masonry-entry-title entry-title '  itemprop=\"headline\" >AIR 7<\/h3><div class='av-masonry-entry-content entry-content'  itemprop=\"text\" >St\u00f8rste lengde 218 cm (..)<br \/>\r\nSt\u00f8rste bredde 158 cm (..)<br \/>\r\nAnbefalt motor 3.6 kW (5HP)<\/div><\/div><\/div><\/figcaption><\/figure><\/a><!--end av-masonry entry--><\/div><\/div>\n<section class=\"av_textblock_section \"  itemscope=\"itemscope\" itemtype=\"https:\/\/schema.org\/CreativeWork\" ><div class='avia_textblock  '   itemprop=\"text\" ><p>V\u00e5r ZAR mini AIR-serie er den ideelle oppbl\u00e5sbare b\u00e5ten for de som leter etter en p\u00e5litelig og liten sammenleggbar b\u00e5t. Den er enkel \u00e5 montere og lett \u00e5 lagre bort.<\/p>\n<p>ZAR mini AIR-serien ble designet som en tender for motor- og seilb\u00e5ter. Den er den ideelle jolla for daglig bruk.<\/p>\n<p>Den h\u00f8ye trykk-gulvet, laget med &laquo;drop-stitch&raquo; teknologi, kan oppbl\u00e5ses til 0,8 bar. Sammen med luftkj\u00f8len, som kan oppbl\u00e5ses til 0,35 bar, blir ZAR mini AIR sv\u00e6rt stiv og planer lett.<\/p>\n<p>Vi har valgt et flatt dobbelt gulv med luftkj\u00f8l fordi det gir fordelen at du fortsatt kan kj\u00f8re b\u00e5ten hvis det skulle oppst\u00e5 en lekkasje i det h\u00f8yttrykksgulvet.<\/p>\n<p>Alle sammenleggbare AIR-b\u00e5ter fra ZAR miniTM har et 5-lags forsterket h\u00f8ykvalitets PVC-materiale med 1.100 dtex. Materialet veier 1.050 g\/m2 og har en tykkelse p\u00e5 0,9 mm. Alle PVC-s\u00f8mmer p\u00e5 ZAR miniTM b\u00e5tene v\u00e5re er sveiset. H\u00f8y kvalitet p\u00e5 materialene og kontinuerlig forskning og utvikling er n\u00f8kkelen til suksess.<\/p>\n<p>Alle b\u00e5tene har en overtrykksventil som standard utstyr, som beskytter b\u00e5tens tube n\u00e5r den er riktig oppbl\u00e5st.<\/p>\n<p>Hver enkelt ZAR miniTM oppbl\u00e5sbare b\u00e5t gjennomg\u00e5r en streng kvalitetskontroll f\u00f8r vi leverer den til v\u00e5re verdifulle kunder. Hvis en feil skulle passere kvalitetskontrollen, vil du v\u00e6re beskyttet av v\u00e5r begrensede 2-\u00e5rs garanti etter at du har registrert b\u00e5ten hos oss.<\/p>\n<p>Med mye standardutstyr og v\u00e5rt moderne italienske design med en ekstra bred baug, er ZAR miniTM oppbl\u00e5sbare b\u00e5ter helt unike.<\/p>\n<p>ZAR miniTM AIR-serien er ideell for sm\u00e5 lagringsplasser i b\u00e5t eller bil.<\/p>\n<\/div><\/section>\n","protected":false},"excerpt":{"rendered":"","protected":false},"author":1,"featured_media":0,"parent":0,"menu_order":0,"comment_status":"closed","ping_status":"closed","template":"","meta":{"footnotes":""},"class_list":["post-5171","page","type-page","status-publish","hentry"],"_links":{"self":[{"href":"https:\/\/www.zarmini.com\/nb\/wp-json\/wp\/v2\/pages\/5171","targetHints":{"allow":["GET"]}}],"collection":[{"href":"https:\/\/www.zarmini.com\/nb\/wp-json\/wp\/v2\/pages"}],"about":[{"href":"https:\/\/www.zarmini.com\/nb\/wp-json\/wp\/v2\/types\/page"}],"author":[{"embeddable":true,"href":"https:\/\/www.zarmini.com\/nb\/wp-json\/wp\/v2\/users\/1"}],"replies":[{"embeddable":true,"href":"https:\/\/www.zarmini.com\/nb\/wp-json\/wp\/v2\/comments?post=5171"}],"version-history":[{"count":3,"href":"https:\/\/www.zarmini.com\/nb\/wp-json\/wp\/v2\/pages\/5171\/revisions"}],"predecessor-version":[{"id":16609,"href":"https:\/\/www.zarmini.com\/nb\/wp-json\/wp\/v2\/pages\/5171\/revisions\/16609"}],"wp:attachment":[{"href":"https:\/\/www.zarmini.com\/nb\/wp-json\/wp\/v2\/media?parent=5171"}],"curies":[{"name":"wp","href":"https:\/\/api.w.org\/{rel}","templated":true}]}}