{"id":6171,"date":"2016-11-28T14:58:09","date_gmt":"2016-11-28T14:58:09","guid":{"rendered":"https:\/\/www.zarmini.com\/rib-3\/"},"modified":"2023-04-11T16:59:56","modified_gmt":"2023-04-11T15:59:56","slug":"lux","status":"publish","type":"page","link":"https:\/\/www.zarmini.com\/nb\/lux\/","title":{"rendered":"LUX"},"content":{"rendered":"\n<style type=\"text\/css\" data-created_by=\"avia_inline_auto\" id=\"style-css-av-kfh1qyu5-08cfe310e48e2386aee6426f170b4f44\">\n#top .av-special-heading.av-kfh1qyu5-08cfe310e48e2386aee6426f170b4f44{\npadding-bottom:10px;\n}\n.av-special-heading.av-kfh1qyu5-08cfe310e48e2386aee6426f170b4f44 .av-subheading{\nfont-size:15px;\n}\n<\/style>\n<div  class='av-special-heading av-kfh1qyu5-08cfe310e48e2386aee6426f170b4f44 av-special-heading-h1 blockquote modern-quote modern-centered  avia-builder-el-0  el_before_av_textblock  avia-builder-el-first  '><h1 class='av-special-heading-tag '  itemprop=\"headline\"  >ZAR mini &#8211; serie LUX<\/h1><div class='av-subheading av-subheading_below '><p>ALUMINIUM RIB TENDER &#8211; 3.50MT \u2192 5.50MT<br \/>\nequipped with V and double floor with bow locker<\/p>\n<\/div><div class='special-heading-border'><div class='special-heading-inner-border'><\/div><\/div><\/div>\n<section class=\"av_textblock_section \"  itemscope=\"itemscope\" itemtype=\"https:\/\/schema.org\/CreativeWork\" ><div class='avia_textblock  '   itemprop=\"text\" ><p>V\u00e5r vakre ZAR mini\u2122 LUX-linje har forskjellige st\u00f8rrelser og versjoner \u00e5 tilby. Alle b\u00e5tene er utstyrt med baugskap og flatt dobbeltgulv. Utformingen av skroget og cockpiten er selvdrenerende. Som standardutstyr har alle b\u00e5tene Teak design PU-gulv, en baugpute, baugrygg, baugtrinnplate, kj\u00f8lbeskytter, biminiholder, luksuri\u00f8s styrekonsoll og et forsterket skrog.<\/p>\n<div class=\"show_more\"><p class=\"wpsm-show\" style=\"color: #cc0000; font-size: 100%; text-align: left;\"> READ MORE<\/p><div class=\"wpsm-content\"><\/p>\n<p>Du kan velge mellom en rekke soltak, lensepumper, badetrinn og mye annet som ekstrautstyr. Sp\u00f8r din ZAR mini-forhandler, han kan hjelpe deg best.<\/p>\n<p>ZAR mini\u2122 LUX-linjen kan enkelt trekke vannleker, vannski (fra 30 hk) og r\u00f8r med de to installerte D-ringene p\u00e5 akterspeilet. Du kan ogs\u00e5 installere en slepekast bak ryggst\u00f8tten, slik at du kan kj\u00f8re wakeboard.<\/p>\n<p>Hver ZAR mini\u2122 har fire Davit-l\u00f8ftepunkter; to i baugen og to p\u00e5 akterspeilet.<\/p>\n<p>Det sv\u00e6rt lette aluminiumsskroget gir h\u00f8y hastighet og enkel planlegging med mindre motor. Skroget vil ikke m\u00f8te problemer med osmose eller gelcoat-defekter som et glassfiberskrog. Aluminiumsskroget blir spesialprodusert og pulverlakkert for \u00e5 motst\u00e5 korrosjon og saltvann. Du vil f\u00e5 mye moro med din ZAR mini\u2122 RIB.<\/p>\n<p>Alle RIB gummib\u00e5ter fra ZAR mini\u2122 til RIB14 har et 5-lags forsterket PVC-materiale med en vekt p\u00e5 1.050g\/m2 og en tykkelse p\u00e5 0.9mm.<\/p>\n<p>Alle RIB gummib\u00e5ter fra ZAR mini\u2122 fra RIB15 har et 5-lags forsterket PVC-materiale med en vekt p\u00e5 1.500g\/m2 og en tykkelse p\u00e5 1.2mm.<\/p>\n<p>ZAR mini RIB gummib\u00e5ter er ogs\u00e5 tilgjengelige i CSM (formelt kjent som Hypalon\u2122 fra DuPont\u2122) med en spesiell design. Sp\u00f8r din ZAR mini\u2122-forhandler for ytterligere detaljer. CSM varer mye lenger enn PVC og er mer motstandsdyktig mot UV-lys, syre, alkalier, saltvann, varme og kulde. Vi bruker Hypatex\u2122 som er et av de beste materialene p\u00e5 verdensmarkedet i dag. Det har blitt produsert i 60 \u00e5r.<\/p>\n<p>Alle PVC-overflater i v\u00e5re ZAR mini\u2122 r\u00f8rkamre er sveiset*. Alle b\u00e5ter har en overtrykksventil som standardutstyr, som vil beskytte r\u00f8ret n\u00e5r det bl\u00e5ses opp riktig. Materialer av h\u00f8y kvalitet kombinert med konstant forskning og utvikling er n\u00f8kkelen til suksess.<\/p>\n<p>Hver enkelt ZAR mini\u2122 gummib\u00e5t gjennomg\u00e5r en sv\u00e6rt streng kvalitetskontroll f\u00f8r den leveres til v\u00e5re verdifulle kunder. Hvis det mot formodning skulle forekomme en feil som slipper gjennom kvalitetskontrollen, vil du v\u00e6re dekket av v\u00e5r begrensede 2-\u00e5rs garanti n\u00e5r du har registrert b\u00e5ten din hos oss.<\/p>\n<p>Med v\u00e5r omfattende standardutrustning og moderne, italienske design er ZAR mini\u2122 gummib\u00e5tene helt unike. Enten du driver med vannski, cruising, dykking, fiske eller bruker den som tender til din yacht, vil du finne en ZAR mini\u2122 RIB som passer dine behov. ZAR mini\u2122 LUX vil helt sikkert overg\u00e5 dine forventninger.<\/p>\n<p> <p class=\"wpsm-hide\" style=\"color: #cc0000; font-size: 100%; text-align: left;\"> CLOSE<\/p><\/div><\/div>\n<\/div><\/section>\n<div id='av-masonry-1' class='av-masonry av-21c3c4-1f5ff277171a08c9d0999266e4afe8cb noHover av-flex-size av-large-gap av-hover-overlay- av-masonry-animation-active av-masonry-col-2 av-caption-always av-caption-style- av-masonry-entries   '><div class=\"av-masonry-container isotope av-js-disabled\"><div class='av-masonry-entry isotope-item av-masonry-item-no-image all_sort lux-nb_sort '><\/div><a href=\"https:\/\/www.zarmini.com\/nb\/tender\/zar-mini-lux-rider-14\/\"  id='av-masonry-1-item-9813' data-av-masonry-item='9813' class='av-masonry-entry isotope-item post-9813 portfolio type-portfolio status-publish has-post-thumbnail hentry portfolio_entries-lux-nb all_sort lux-nb_sort  av-masonry-item-with-image' title=\"ZARMINI &#8211; LUX 14 (13)\"  itemscope=\"itemscope\" itemtype=\"https:\/\/schema.org\/CreativeWork\" ><div class='av-inner-masonry-sizer'><\/div><figure class='av-inner-masonry main_color'><div class=\"av-masonry-outerimage-container\"><div class='av-masonry-image-container'   ><img decoding=\"async\" width=\"705\" height=\"470\" class=\"wp-image-11582 avia-img-lazy-loading-not-11582\"  src=\"https:\/\/www.zarmini.com\/wp-content\/uploads\/2018\/09\/ZARMINI-LUX-14-13-705x470.jpg\" title=\"ZARMINI &#8211; LUX 14 (13)\" alt=\"\" srcset=\"https:\/\/www.zarmini.com\/wp-content\/uploads\/2018\/09\/ZARMINI-LUX-14-13-705x470.jpg 705w, https:\/\/www.zarmini.com\/wp-content\/uploads\/2018\/09\/ZARMINI-LUX-14-13-300x200.jpg 300w, https:\/\/www.zarmini.com\/wp-content\/uploads\/2018\/09\/ZARMINI-LUX-14-13-1030x687.jpg 1030w, https:\/\/www.zarmini.com\/wp-content\/uploads\/2018\/09\/ZARMINI-LUX-14-13-768x512.jpg 768w, https:\/\/www.zarmini.com\/wp-content\/uploads\/2018\/09\/ZARMINI-LUX-14-13.jpg 1500w\" sizes=\"(max-width: 705px) 100vw, 705px\" \/><\/div><\/div><figcaption class='av-inner-masonry-content site-background'><div class='av-inner-masonry-content-pos'><div class='av-inner-masonry-content-pos-content'><div class='avia-arrow'><\/div><h3 class='av-masonry-entry-title entry-title '  itemprop=\"headline\" >ZAR mini &#8211; LUX Rider 14<\/h3><div class='av-masonry-entry-content entry-content'  itemprop=\"text\" >St\u00f8rste lengde \t420 cm <br \/>\r\nSt\u00f8rste bredde  210 cm <br \/>\r\nAnbefalt motor   40HP<\/div><\/div><\/div><\/figcaption><\/figure><\/a><!--end av-masonry entry--><a href=\"https:\/\/www.zarmini.com\/nb\/tender\/zar-mini-lux-rider-15\/\"  id='av-masonry-1-item-9885' data-av-masonry-item='9885' class='av-masonry-entry isotope-item post-9885 portfolio type-portfolio status-publish has-post-thumbnail hentry portfolio_entries-lux-nb all_sort lux-nb_sort  av-masonry-item-with-image' title=\"Lux Rider 15 (9)\"  itemscope=\"itemscope\" itemtype=\"https:\/\/schema.org\/CreativeWork\" ><div class='av-inner-masonry-sizer'><\/div><figure class='av-inner-masonry main_color'><div class=\"av-masonry-outerimage-container\"><div class='av-masonry-image-container'   ><img decoding=\"async\" width=\"705\" height=\"470\" class=\"wp-image-12823 avia-img-lazy-loading-not-12823\"  src=\"https:\/\/www.zarmini.com\/wp-content\/uploads\/2018\/09\/Lux-Rider-15-9-705x470.jpg\" title=\"Lux Rider 15 (9)\" alt=\"\" srcset=\"https:\/\/www.zarmini.com\/wp-content\/uploads\/2018\/09\/Lux-Rider-15-9-705x470.jpg 705w, https:\/\/www.zarmini.com\/wp-content\/uploads\/2018\/09\/Lux-Rider-15-9-300x200.jpg 300w, https:\/\/www.zarmini.com\/wp-content\/uploads\/2018\/09\/Lux-Rider-15-9-1030x687.jpg 1030w, https:\/\/www.zarmini.com\/wp-content\/uploads\/2018\/09\/Lux-Rider-15-9-768x512.jpg 768w, https:\/\/www.zarmini.com\/wp-content\/uploads\/2018\/09\/Lux-Rider-15-9-1536x1024.jpg 1536w, https:\/\/www.zarmini.com\/wp-content\/uploads\/2018\/09\/Lux-Rider-15-9-1500x1000.jpg 1500w, https:\/\/www.zarmini.com\/wp-content\/uploads\/2018\/09\/Lux-Rider-15-9.jpg 1600w\" sizes=\"(max-width: 705px) 100vw, 705px\" \/><\/div><\/div><figcaption class='av-inner-masonry-content site-background'><div class='av-inner-masonry-content-pos'><div class='av-inner-masonry-content-pos-content'><div class='avia-arrow'><\/div><h3 class='av-masonry-entry-title entry-title '  itemprop=\"headline\" >ZAR mini &#8211; LUX Rider 15<\/h3><div class='av-masonry-entry-content entry-content'  itemprop=\"text\" >St\u00f8rste lengde \t460 cm <br \/>\r\nSt\u00f8rste bredde  210 cm <br \/>\r\nAnbefalt motor   50HP<\/div><\/div><\/div><\/figcaption><\/figure><\/a><!--end av-masonry entry--><a href=\"https:\/\/www.zarmini.com\/nb\/tender\/zar-mini-lux-rider-16\/\"  id='av-masonry-1-item-9944' data-av-masonry-item='9944' class='av-masonry-entry isotope-item post-9944 portfolio type-portfolio status-publish has-post-thumbnail hentry portfolio_entries-lux-nb all_sort lux-nb_sort  av-masonry-item-with-image' title=\"RIDER16\"  itemscope=\"itemscope\" itemtype=\"https:\/\/schema.org\/CreativeWork\" ><div class='av-inner-masonry-sizer'><\/div><figure class='av-inner-masonry main_color'><div class=\"av-masonry-outerimage-container\"><div class='av-masonry-image-container'   ><img decoding=\"async\" width=\"705\" height=\"470\" class=\"wp-image-12743 avia-img-lazy-loading-not-12743\"  src=\"https:\/\/www.zarmini.com\/wp-content\/uploads\/2018\/09\/RIDER16-705x470.jpg\" title=\"RIDER16\" alt=\"\" srcset=\"https:\/\/www.zarmini.com\/wp-content\/uploads\/2018\/09\/RIDER16-705x470.jpg 705w, https:\/\/www.zarmini.com\/wp-content\/uploads\/2018\/09\/RIDER16-300x200.jpg 300w, https:\/\/www.zarmini.com\/wp-content\/uploads\/2018\/09\/RIDER16-1030x687.jpg 1030w, https:\/\/www.zarmini.com\/wp-content\/uploads\/2018\/09\/RIDER16-768x512.jpg 768w, https:\/\/www.zarmini.com\/wp-content\/uploads\/2018\/09\/RIDER16.jpg 1200w\" sizes=\"(max-width: 705px) 100vw, 705px\" \/><\/div><\/div><figcaption class='av-inner-masonry-content site-background'><div class='av-inner-masonry-content-pos'><div class='av-inner-masonry-content-pos-content'><div class='avia-arrow'><\/div><h3 class='av-masonry-entry-title entry-title '  itemprop=\"headline\" >ZAR mini &#8211; LUX Rider 16<\/h3><div class='av-masonry-entry-content entry-content'  itemprop=\"text\" >St\u00f8rste lengde \t500 cm <br \/>\r\nSt\u00f8rste bredde  224 cm <br \/>\r\nAnbefalt motor   80HP<\/div><\/div><\/div><\/figcaption><\/figure><\/a><!--end av-masonry entry--><a href=\"https:\/\/www.zarmini.com\/nb\/tender\/zar-mini-lux-rider-18\/\"  id='av-masonry-1-item-10000' data-av-masonry-item='10000' class='av-masonry-entry isotope-item post-10000 portfolio type-portfolio status-publish has-post-thumbnail hentry portfolio_entries-lux-nb all_sort lux-nb_sort  av-masonry-item-with-image' title=\"2\"  itemscope=\"itemscope\" itemtype=\"https:\/\/schema.org\/CreativeWork\" ><div class='av-inner-masonry-sizer'><\/div><figure class='av-inner-masonry main_color'><div class=\"av-masonry-outerimage-container\"><div class='av-masonry-image-container'   ><img decoding=\"async\" width=\"705\" height=\"470\" class=\"wp-image-10186 avia-img-lazy-loading-not-10186\"  src=\"https:\/\/www.zarmini.com\/wp-content\/uploads\/2020\/09\/2-705x470.jpg\" title=\"2\" alt=\"\" srcset=\"https:\/\/www.zarmini.com\/wp-content\/uploads\/2020\/09\/2-705x470.jpg 705w, https:\/\/www.zarmini.com\/wp-content\/uploads\/2020\/09\/2-300x200.jpg 300w, https:\/\/www.zarmini.com\/wp-content\/uploads\/2020\/09\/2-1030x687.jpg 1030w, https:\/\/www.zarmini.com\/wp-content\/uploads\/2020\/09\/2-768x512.jpg 768w, https:\/\/www.zarmini.com\/wp-content\/uploads\/2020\/09\/2.jpg 1200w\" sizes=\"(max-width: 705px) 100vw, 705px\" \/><\/div><\/div><figcaption class='av-inner-masonry-content site-background'><div class='av-inner-masonry-content-pos'><div class='av-inner-masonry-content-pos-content'><div class='avia-arrow'><\/div><h3 class='av-masonry-entry-title entry-title '  itemprop=\"headline\" >ZAR mini &#8211; LUX Rider 18<\/h3><div class='av-masonry-entry-content entry-content'  itemprop=\"text\" >St\u00f8rste lengde\t550 cm <br \/>\r\nSt\u00f8rste bredde 235 cm <br \/>\r\nAnbefalt motor  100HP<\/div><\/div><\/div><\/figcaption><\/figure><\/a><!--end av-masonry entry--><\/div><\/div>\n","protected":false},"excerpt":{"rendered":"","protected":false},"author":1,"featured_media":0,"parent":0,"menu_order":0,"comment_status":"closed","ping_status":"closed","template":"","meta":{"footnotes":""},"class_list":["post-6171","page","type-page","status-publish","hentry"],"_links":{"self":[{"href":"https:\/\/www.zarmini.com\/nb\/wp-json\/wp\/v2\/pages\/6171","targetHints":{"allow":["GET"]}}],"collection":[{"href":"https:\/\/www.zarmini.com\/nb\/wp-json\/wp\/v2\/pages"}],"about":[{"href":"https:\/\/www.zarmini.com\/nb\/wp-json\/wp\/v2\/types\/page"}],"author":[{"embeddable":true,"href":"https:\/\/www.zarmini.com\/nb\/wp-json\/wp\/v2\/users\/1"}],"replies":[{"embeddable":true,"href":"https:\/\/www.zarmini.com\/nb\/wp-json\/wp\/v2\/comments?post=6171"}],"version-history":[{"count":4,"href":"https:\/\/www.zarmini.com\/nb\/wp-json\/wp\/v2\/pages\/6171\/revisions"}],"predecessor-version":[{"id":16564,"href":"https:\/\/www.zarmini.com\/nb\/wp-json\/wp\/v2\/pages\/6171\/revisions\/16564"}],"wp:attachment":[{"href":"https:\/\/www.zarmini.com\/nb\/wp-json\/wp\/v2\/media?parent=6171"}],"curies":[{"name":"wp","href":"https:\/\/api.w.org\/{rel}","templated":true}]}}