{"id":2752,"date":"2016-11-28T15:01:08","date_gmt":"2016-11-28T15:01:08","guid":{"rendered":"https:\/\/www.zarmini.com\/air\/"},"modified":"2023-04-28T16:28:27","modified_gmt":"2023-04-28T15:28:27","slug":"air","status":"publish","type":"page","link":"https:\/\/www.zarmini.com\/sr\/air\/","title":{"rendered":"AIR"},"content":{"rendered":"\n<style type=\"text\/css\" data-created_by=\"avia_inline_auto\" id=\"style-css-av-av_heading-502c350a56d17dbfe82c94060e6c28c7\">\n#top .av-special-heading.av-av_heading-502c350a56d17dbfe82c94060e6c28c7{\npadding-bottom:10px;\n}\n.av-special-heading.av-av_heading-502c350a56d17dbfe82c94060e6c28c7 .av-subheading{\nfont-size:15px;\n}\n<\/style>\n<div  class='av-special-heading av-av_heading-502c350a56d17dbfe82c94060e6c28c7 av-special-heading-h1 blockquote modern-quote modern-centered  avia-builder-el-0  el_before_av_layerslider  avia-builder-el-no-sibling  '><h1 class='av-special-heading-tag '  itemprop=\"headline\"  >ZAR mini &#8211; serie AIR<\/h1><div class='av-subheading av-subheading_below '><p>Foldable boats with airdeck and inflatable air keel &#8211; 2.40MT \u2192 3.00MT<\/p>\n<\/div><div class='special-heading-border'><div class='special-heading-inner-border'><\/div><\/div><\/div>\n<\/div><\/div><\/div><!-- close content main div --><\/div><\/div><div id='layer_slider_1'  class='avia-layerslider main_color avia-shadow  avia-builder-el-1  el_after_av_heading  el_before_av_masonry_entries  slider-not-first container_wrap fullsize'  style='height: 401px;'  ><\/div>\n<div id='av-masonry-1' class='av-masonry av-av_masonry_entries-c32a8a86399642324ca10d1cea608444 noHover av-flex-size av-large-gap av-hover-overlay- av-masonry-animation-active av-masonry-col-2 av-caption-always av-caption-style- av-masonry-entries   '><div class=\"av-masonry-container isotope av-js-disabled\"><div class='av-masonry-entry isotope-item av-masonry-item-no-image all_sort air-sr_sort '><\/div><a href=\"https:\/\/www.zarmini.com\/sr\/tender\/air-10\/\"  id='av-masonry-1-item-2714' data-av-masonry-item='2714' class='av-masonry-entry isotope-item post-2714 portfolio type-portfolio status-publish has-post-thumbnail hentry portfolio_entries-air-sr all_sort air-sr_sort  av-masonry-item-with-image' title=\"DSC_1076\"  itemscope=\"itemscope\" itemtype=\"https:\/\/schema.org\/CreativeWork\" ><div class='av-inner-masonry-sizer'><\/div><figure class='av-inner-masonry main_color'><div class=\"av-masonry-outerimage-container\"><div class='av-masonry-image-container'   ><img decoding=\"async\" width=\"705\" height=\"470\" class=\"wp-image-7379 avia-img-lazy-loading-not-7379\"  src=\"https:\/\/www.zarmini.com\/wp-content\/uploads\/2016\/11\/DSC_1076-705x470.jpg\" title=\"DSC_1076\" alt=\"\" srcset=\"https:\/\/www.zarmini.com\/wp-content\/uploads\/2016\/11\/DSC_1076-705x470.jpg 705w, https:\/\/www.zarmini.com\/wp-content\/uploads\/2016\/11\/DSC_1076-300x200.jpg 300w, https:\/\/www.zarmini.com\/wp-content\/uploads\/2016\/11\/DSC_1076-768x512.jpg 768w, https:\/\/www.zarmini.com\/wp-content\/uploads\/2016\/11\/DSC_1076-1030x687.jpg 1030w, https:\/\/www.zarmini.com\/wp-content\/uploads\/2016\/11\/DSC_1076-450x300.jpg 450w, https:\/\/www.zarmini.com\/wp-content\/uploads\/2016\/11\/DSC_1076.jpg 1200w\" sizes=\"(max-width: 705px) 100vw, 705px\" \/><\/div><\/div><figcaption class='av-inner-masonry-content site-background'><div class='av-inner-masonry-content-pos'><div class='av-inner-masonry-content-pos-content'><div class='avia-arrow'><\/div><h3 class='av-masonry-entry-title entry-title '  itemprop=\"headline\" >AIR 10<\/h3><\/div><\/div><\/figcaption><\/figure><\/a><!--end av-masonry entry--><a href=\"https:\/\/www.zarmini.com\/sr\/tender\/air-9\/\"  id='av-masonry-1-item-2716' data-av-masonry-item='2716' class='av-masonry-entry isotope-item post-2716 portfolio type-portfolio status-publish has-post-thumbnail hentry portfolio_entries-air-sr all_sort air-sr_sort  av-masonry-item-with-image' title=\"DSC_1069\"  itemscope=\"itemscope\" itemtype=\"https:\/\/schema.org\/CreativeWork\" ><div class='av-inner-masonry-sizer'><\/div><figure class='av-inner-masonry main_color'><div class=\"av-masonry-outerimage-container\"><div class='av-masonry-image-container'   ><img decoding=\"async\" width=\"705\" height=\"470\" class=\"wp-image-7333 avia-img-lazy-loading-not-7333\"  src=\"https:\/\/www.zarmini.com\/wp-content\/uploads\/2016\/11\/DSC_1069-705x470.jpg\" title=\"DSC_1069\" alt=\"\" srcset=\"https:\/\/www.zarmini.com\/wp-content\/uploads\/2016\/11\/DSC_1069-705x470.jpg 705w, https:\/\/www.zarmini.com\/wp-content\/uploads\/2016\/11\/DSC_1069-300x200.jpg 300w, https:\/\/www.zarmini.com\/wp-content\/uploads\/2016\/11\/DSC_1069-768x512.jpg 768w, https:\/\/www.zarmini.com\/wp-content\/uploads\/2016\/11\/DSC_1069-1030x687.jpg 1030w, https:\/\/www.zarmini.com\/wp-content\/uploads\/2016\/11\/DSC_1069-450x300.jpg 450w, https:\/\/www.zarmini.com\/wp-content\/uploads\/2016\/11\/DSC_1069.jpg 1200w\" sizes=\"(max-width: 705px) 100vw, 705px\" \/><\/div><\/div><figcaption class='av-inner-masonry-content site-background'><div class='av-inner-masonry-content-pos'><div class='av-inner-masonry-content-pos-content'><div class='avia-arrow'><\/div><h3 class='av-masonry-entry-title entry-title '  itemprop=\"headline\" >AIR 9<\/h3><\/div><\/div><\/figcaption><\/figure><\/a><!--end av-masonry entry--><a href=\"https:\/\/www.zarmini.com\/sr\/tender\/air-8\/\"  id='av-masonry-1-item-2718' data-av-masonry-item='2718' class='av-masonry-entry isotope-item post-2718 portfolio type-portfolio status-publish has-post-thumbnail hentry portfolio_entries-air-sr all_sort air-sr_sort  av-masonry-item-with-image' title=\"DSC_1097\"  itemscope=\"itemscope\" itemtype=\"https:\/\/schema.org\/CreativeWork\" ><div class='av-inner-masonry-sizer'><\/div><figure class='av-inner-masonry main_color'><div class=\"av-masonry-outerimage-container\"><div class='av-masonry-image-container'   ><img decoding=\"async\" width=\"705\" height=\"470\" class=\"wp-image-7315 avia-img-lazy-loading-not-7315\"  src=\"https:\/\/www.zarmini.com\/wp-content\/uploads\/2016\/11\/DSC_1097-705x470.jpg\" title=\"DSC_1097\" alt=\"\" srcset=\"https:\/\/www.zarmini.com\/wp-content\/uploads\/2016\/11\/DSC_1097-705x470.jpg 705w, https:\/\/www.zarmini.com\/wp-content\/uploads\/2016\/11\/DSC_1097-300x200.jpg 300w, https:\/\/www.zarmini.com\/wp-content\/uploads\/2016\/11\/DSC_1097-768x512.jpg 768w, https:\/\/www.zarmini.com\/wp-content\/uploads\/2016\/11\/DSC_1097-1030x687.jpg 1030w, https:\/\/www.zarmini.com\/wp-content\/uploads\/2016\/11\/DSC_1097-450x300.jpg 450w, https:\/\/www.zarmini.com\/wp-content\/uploads\/2016\/11\/DSC_1097.jpg 1200w\" sizes=\"(max-width: 705px) 100vw, 705px\" \/><\/div><\/div><figcaption class='av-inner-masonry-content site-background'><div class='av-inner-masonry-content-pos'><div class='av-inner-masonry-content-pos-content'><div class='avia-arrow'><\/div><h3 class='av-masonry-entry-title entry-title '  itemprop=\"headline\" >AIR 8<\/h3><\/div><\/div><\/figcaption><\/figure><\/a><!--end av-masonry entry--><a href=\"https:\/\/www.zarmini.com\/sr\/tender\/air-7\/\"  id='av-masonry-1-item-4864' data-av-masonry-item='4864' class='av-masonry-entry isotope-item post-4864 portfolio type-portfolio status-publish has-post-thumbnail hentry portfolio_entries-air-sr all_sort air-sr_sort  av-masonry-item-with-image' title=\"DSC_1062\"  itemscope=\"itemscope\" itemtype=\"https:\/\/schema.org\/CreativeWork\" ><div class='av-inner-masonry-sizer'><\/div><figure class='av-inner-masonry main_color'><div class=\"av-masonry-outerimage-container\"><div class='av-masonry-image-container'   ><img decoding=\"async\" width=\"705\" height=\"470\" class=\"wp-image-7410 avia-img-lazy-loading-not-7410\"  src=\"https:\/\/www.zarmini.com\/wp-content\/uploads\/2016\/11\/DSC_1062-705x470.jpg\" title=\"DSC_1062\" alt=\"\" srcset=\"https:\/\/www.zarmini.com\/wp-content\/uploads\/2016\/11\/DSC_1062-705x470.jpg 705w, https:\/\/www.zarmini.com\/wp-content\/uploads\/2016\/11\/DSC_1062-300x200.jpg 300w, https:\/\/www.zarmini.com\/wp-content\/uploads\/2016\/11\/DSC_1062-768x512.jpg 768w, https:\/\/www.zarmini.com\/wp-content\/uploads\/2016\/11\/DSC_1062-1030x687.jpg 1030w, https:\/\/www.zarmini.com\/wp-content\/uploads\/2016\/11\/DSC_1062-450x300.jpg 450w, https:\/\/www.zarmini.com\/wp-content\/uploads\/2016\/11\/DSC_1062.jpg 1200w\" sizes=\"(max-width: 705px) 100vw, 705px\" \/><\/div><\/div><figcaption class='av-inner-masonry-content site-background'><div class='av-inner-masonry-content-pos'><div class='av-inner-masonry-content-pos-content'><div class='avia-arrow'><\/div><h3 class='av-masonry-entry-title entry-title '  itemprop=\"headline\" >AIR 7<\/h3><div class='av-masonry-entry-content entry-content'  itemprop=\"text\" >Length overall 218 cm (..)<br \/>\r\nWidth overall 158 cm (..)<br \/>\r\nEngine recommended 3.6 kW (5HP)<\/div><\/div><\/div><\/figcaption><\/figure><\/a><!--end av-masonry entry--><\/div><\/div>\n<section class=\"av_textblock_section \"  itemscope=\"itemscope\" itemtype=\"https:\/\/schema.org\/CreativeWork\" ><div class='avia_textblock  '   itemprop=\"text\" ><p>ZAR mini AIR je idealan savitljivi gumenjak za vlasnike brodova koji tra\u017ee mali \u010damac koji se lako montira i savija za prenos.<\/p>\n<p>ZAR mini AIR je koncipiran kao najlak\u0161i pomo\u0107ni \u010damac za jedrilice i motorne brodove. Kao tender, idealan je za svakodnevnu upotrebu.<\/p>\n<p>Pod \u010damca je napravljen takozvanom &#8222;Drop-stich&#8220; tehnologijom i mo\u017ee se naduvati do 0,8 bara, \u0161to mu, zajedno sa vazdu\u0161nom kobilicom (naduvanom do 0,35 bara), daje veliku stabilnost i omogu\u0107uje brzo klizanje \u010damca po vodi.<\/p>\n<p>Za razliku od podova pod visokim pritiskom koji imaju V-oblik, na na\u0161em ravnom duplom podu mo\u017eete stabilno hodati. Ako se pod o\u0161teti, i dalje mo\u017eete koristiti va\u0161 ZAR miniTM.<\/p>\n<p>Svi savitljivi AIR ZAR miniTM gumenjaci imaju 5-slojeviti, poja\u010dani, visokokvalitetni PVC materijal 1.100 dtex, te\u017eak 1.050g\/m2 i debljine 0,9 mm. Svi \u0161avovi na PVC nose\u0107oj cevi na\u0161ih ZAR miniTM gumenjaka su zavareni, a ne lepljeni. Visoko kvalitetni materijali, redovna istra\u017eivanja i razvoj su klju\u010d za uspeh.<\/p>\n<p>Svi \u010damci imaju standardne ventile za prekora\u010denje pritiska, \u0161to \u0161titi gumenu cev i garantuje da je naduvena po propisu.<\/p>\n<p>Svaki pojedina\u010dni ZAR miniTM gumeni \u010damac prolazi strogu kontrolu kvaliteta pre nego \u0161to ga isporu\u010dimo cenjenim kupcima. U slu\u010daju da neka gre\u0161ka ostane neprime\u0107ena prilikom kontrole, bi\u0107ete za\u0161ti\u0107eni na\u0161om ograni\u010denom 2-godi\u0161njom garancijom nakon \u0161to registrovate va\u0161 \u010damac kod nas.<\/p>\n<p>Opse\u017ean serijski pribor i moderan talijanski dizajn \u010dine ZAR miniTM gumene \u010damce jedinstvenim.<\/p>\n<p>ZAR miniTM AIR Serija je optimalna ako imate malo prostora za prenos u va\u0161em.<\/p>\n<\/div><\/section>\n","protected":false},"excerpt":{"rendered":"","protected":false},"author":1,"featured_media":0,"parent":0,"menu_order":0,"comment_status":"closed","ping_status":"closed","template":"","meta":{"footnotes":""},"class_list":["post-2752","page","type-page","status-publish","hentry"],"_links":{"self":[{"href":"https:\/\/www.zarmini.com\/sr\/wp-json\/wp\/v2\/pages\/2752","targetHints":{"allow":["GET"]}}],"collection":[{"href":"https:\/\/www.zarmini.com\/sr\/wp-json\/wp\/v2\/pages"}],"about":[{"href":"https:\/\/www.zarmini.com\/sr\/wp-json\/wp\/v2\/types\/page"}],"author":[{"embeddable":true,"href":"https:\/\/www.zarmini.com\/sr\/wp-json\/wp\/v2\/users\/1"}],"replies":[{"embeddable":true,"href":"https:\/\/www.zarmini.com\/sr\/wp-json\/wp\/v2\/comments?post=2752"}],"version-history":[{"count":2,"href":"https:\/\/www.zarmini.com\/sr\/wp-json\/wp\/v2\/pages\/2752\/revisions"}],"predecessor-version":[{"id":16607,"href":"https:\/\/www.zarmini.com\/sr\/wp-json\/wp\/v2\/pages\/2752\/revisions\/16607"}],"wp:attachment":[{"href":"https:\/\/www.zarmini.com\/sr\/wp-json\/wp\/v2\/media?parent=2752"}],"curies":[{"name":"wp","href":"https:\/\/api.w.org\/{rel}","templated":true}]}}