{"id":2756,"date":"2016-11-28T15:03:23","date_gmt":"2016-11-28T15:03:23","guid":{"rendered":"https:\/\/www.zarmini.com\/alu\/"},"modified":"2023-05-02T12:14:16","modified_gmt":"2023-05-02T11:14:16","slug":"alu","status":"publish","type":"page","link":"https:\/\/www.zarmini.com\/sr\/alu\/","title":{"rendered":"ALU"},"content":{"rendered":"\n<style type=\"text\/css\" data-created_by=\"avia_inline_auto\" id=\"style-css-av-av_heading-c9f1f0263ecfe4af0467653336bceb1d\">\n#top .av-special-heading.av-av_heading-c9f1f0263ecfe4af0467653336bceb1d{\npadding-bottom:10px;\n}\n.av-special-heading.av-av_heading-c9f1f0263ecfe4af0467653336bceb1d .av-subheading{\nfont-size:15px;\n}\n<\/style>\n<div  class='av-special-heading av-av_heading-c9f1f0263ecfe4af0467653336bceb1d av-special-heading-h1 blockquote modern-quote modern-centered  avia-builder-el-0  el_before_av_layerslider  avia-builder-el-no-sibling  '><h1 class='av-special-heading-tag '  itemprop=\"headline\"  >ZAR mini &#8211; serie ALU<\/h1><div class='av-subheading av-subheading_below '><p>Foldables with aluminium floorboards and keel &#8211; 2.70MT \u2192 4.60MT<br \/>\nCLASSIC: ALU 9, ALU 10, ALU 11, ALU 12<br \/>\nALU with speedtuber: ALU 13, ALU 14, ALU 15<\/p>\n<\/div><div class='special-heading-border'><div class='special-heading-inner-border'><\/div><\/div><\/div>\n<\/div><\/div><\/div><!-- close content main div --><\/div><\/div><div id='layer_slider_1'  class='avia-layerslider main_color avia-shadow  avia-builder-el-1  el_after_av_heading  el_before_av_masonry_entries  slider-not-first container_wrap fullsize'  style='height: 401px;'  ><\/div>\n<div id='av-masonry-1' class='av-masonry av-av_masonry_entries-7abeb39cbef978bb24948dc446d8b072 noHover av-flex-size av-large-gap av-hover-overlay- av-masonry-animation-active av-masonry-col-2 av-caption-always av-caption-style- av-masonry-entries   '><div class=\"av-masonry-container isotope av-js-disabled\"><div class='av-masonry-entry isotope-item av-masonry-item-no-image all_sort alu-sr_sort '><\/div><a href=\"https:\/\/www.zarmini.com\/sr\/tender\/alu-15\/\"  id='av-masonry-1-item-2698' data-av-masonry-item='2698' class='av-masonry-entry isotope-item post-2698 portfolio type-portfolio status-publish has-post-thumbnail hentry portfolio_entries-alu-sr all_sort alu-sr_sort  av-masonry-item-with-image' title=\"DSC_1051\"  itemscope=\"itemscope\" itemtype=\"https:\/\/schema.org\/CreativeWork\" ><div class='av-inner-masonry-sizer'><\/div><figure class='av-inner-masonry main_color'><div class=\"av-masonry-outerimage-container\"><div class='av-masonry-image-container'   ><img decoding=\"async\" width=\"705\" height=\"470\" class=\"wp-image-8422 avia-img-lazy-loading-not-8422\"  src=\"https:\/\/www.zarmini.com\/wp-content\/uploads\/2016\/11\/DSC_1051-1-705x470.jpg\" title=\"DSC_1051\" alt=\"\" srcset=\"https:\/\/www.zarmini.com\/wp-content\/uploads\/2016\/11\/DSC_1051-1-705x470.jpg 705w, https:\/\/www.zarmini.com\/wp-content\/uploads\/2016\/11\/DSC_1051-1-300x200.jpg 300w, https:\/\/www.zarmini.com\/wp-content\/uploads\/2016\/11\/DSC_1051-1-768x512.jpg 768w, https:\/\/www.zarmini.com\/wp-content\/uploads\/2016\/11\/DSC_1051-1-1030x687.jpg 1030w, https:\/\/www.zarmini.com\/wp-content\/uploads\/2016\/11\/DSC_1051-1-450x300.jpg 450w, https:\/\/www.zarmini.com\/wp-content\/uploads\/2016\/11\/DSC_1051-1.jpg 1200w\" sizes=\"(max-width: 705px) 100vw, 705px\" \/><\/div><\/div><figcaption class='av-inner-masonry-content site-background'><div class='av-inner-masonry-content-pos'><div class='av-inner-masonry-content-pos-content'><div class='avia-arrow'><\/div><h3 class='av-masonry-entry-title entry-title '  itemprop=\"headline\" >ALU 15<\/h3><\/div><\/div><\/figcaption><\/figure><\/a><!--end av-masonry entry--><a href=\"https:\/\/www.zarmini.com\/sr\/tender\/alu-14\/\"  id='av-masonry-1-item-2700' data-av-masonry-item='2700' class='av-masonry-entry isotope-item post-2700 portfolio type-portfolio status-publish has-post-thumbnail hentry portfolio_entries-alu-sr all_sort alu-sr_sort  av-masonry-item-with-image' title=\"DSC_1051\"  itemscope=\"itemscope\" itemtype=\"https:\/\/schema.org\/CreativeWork\" ><div class='av-inner-masonry-sizer'><\/div><figure class='av-inner-masonry main_color'><div class=\"av-masonry-outerimage-container\"><div class='av-masonry-image-container'   ><img decoding=\"async\" width=\"705\" height=\"470\" class=\"wp-image-8422 avia-img-lazy-loading-not-8422\"  src=\"https:\/\/www.zarmini.com\/wp-content\/uploads\/2016\/11\/DSC_1051-1-705x470.jpg\" title=\"DSC_1051\" alt=\"\" srcset=\"https:\/\/www.zarmini.com\/wp-content\/uploads\/2016\/11\/DSC_1051-1-705x470.jpg 705w, https:\/\/www.zarmini.com\/wp-content\/uploads\/2016\/11\/DSC_1051-1-300x200.jpg 300w, https:\/\/www.zarmini.com\/wp-content\/uploads\/2016\/11\/DSC_1051-1-768x512.jpg 768w, https:\/\/www.zarmini.com\/wp-content\/uploads\/2016\/11\/DSC_1051-1-1030x687.jpg 1030w, https:\/\/www.zarmini.com\/wp-content\/uploads\/2016\/11\/DSC_1051-1-450x300.jpg 450w, https:\/\/www.zarmini.com\/wp-content\/uploads\/2016\/11\/DSC_1051-1.jpg 1200w\" sizes=\"(max-width: 705px) 100vw, 705px\" \/><\/div><\/div><figcaption class='av-inner-masonry-content site-background'><div class='av-inner-masonry-content-pos'><div class='av-inner-masonry-content-pos-content'><div class='avia-arrow'><\/div><h3 class='av-masonry-entry-title entry-title '  itemprop=\"headline\" >ALU 14<\/h3><\/div><\/div><\/figcaption><\/figure><\/a><!--end av-masonry entry--><a href=\"https:\/\/www.zarmini.com\/sr\/tender\/alu-13\/\"  id='av-masonry-1-item-2703' data-av-masonry-item='2703' class='av-masonry-entry isotope-item post-2703 portfolio type-portfolio status-publish has-post-thumbnail hentry portfolio_entries-alu-sr all_sort alu-sr_sort  av-masonry-item-with-image' title=\"DSC_1048\"  itemscope=\"itemscope\" itemtype=\"https:\/\/schema.org\/CreativeWork\" ><div class='av-inner-masonry-sizer'><\/div><figure class='av-inner-masonry main_color'><div class=\"av-masonry-outerimage-container\"><div class='av-masonry-image-container'   ><img decoding=\"async\" width=\"705\" height=\"470\" class=\"wp-image-7568 avia-img-lazy-loading-not-7568\"  src=\"https:\/\/www.zarmini.com\/wp-content\/uploads\/2016\/11\/DSC_1048-705x470.jpg\" title=\"DSC_1048\" alt=\"\" srcset=\"https:\/\/www.zarmini.com\/wp-content\/uploads\/2016\/11\/DSC_1048-705x470.jpg 705w, https:\/\/www.zarmini.com\/wp-content\/uploads\/2016\/11\/DSC_1048-300x200.jpg 300w, https:\/\/www.zarmini.com\/wp-content\/uploads\/2016\/11\/DSC_1048-768x512.jpg 768w, https:\/\/www.zarmini.com\/wp-content\/uploads\/2016\/11\/DSC_1048-1030x687.jpg 1030w, https:\/\/www.zarmini.com\/wp-content\/uploads\/2016\/11\/DSC_1048-450x300.jpg 450w, https:\/\/www.zarmini.com\/wp-content\/uploads\/2016\/11\/DSC_1048.jpg 1200w\" sizes=\"(max-width: 705px) 100vw, 705px\" \/><\/div><\/div><figcaption class='av-inner-masonry-content site-background'><div class='av-inner-masonry-content-pos'><div class='av-inner-masonry-content-pos-content'><div class='avia-arrow'><\/div><h3 class='av-masonry-entry-title entry-title '  itemprop=\"headline\" >ALU 13<\/h3><\/div><\/div><\/figcaption><\/figure><\/a><!--end av-masonry entry--><a href=\"https:\/\/www.zarmini.com\/sr\/tender\/alu-12\/\"  id='av-masonry-1-item-2705' data-av-masonry-item='2705' class='av-masonry-entry isotope-item post-2705 portfolio type-portfolio status-publish has-post-thumbnail hentry portfolio_entries-alu-sr all_sort alu-sr_sort  av-masonry-item-with-image' title=\"DSC_1039\"  itemscope=\"itemscope\" itemtype=\"https:\/\/schema.org\/CreativeWork\" ><div class='av-inner-masonry-sizer'><\/div><figure class='av-inner-masonry main_color'><div class=\"av-masonry-outerimage-container\"><div class='av-masonry-image-container'   ><img decoding=\"async\" width=\"705\" height=\"470\" class=\"wp-image-7522 avia-img-lazy-loading-not-7522\"  src=\"https:\/\/www.zarmini.com\/wp-content\/uploads\/2016\/11\/DSC_1039-705x470.jpg\" title=\"DSC_1039\" alt=\"\" srcset=\"https:\/\/www.zarmini.com\/wp-content\/uploads\/2016\/11\/DSC_1039-705x470.jpg 705w, https:\/\/www.zarmini.com\/wp-content\/uploads\/2016\/11\/DSC_1039-300x200.jpg 300w, https:\/\/www.zarmini.com\/wp-content\/uploads\/2016\/11\/DSC_1039-768x512.jpg 768w, https:\/\/www.zarmini.com\/wp-content\/uploads\/2016\/11\/DSC_1039-1030x687.jpg 1030w, https:\/\/www.zarmini.com\/wp-content\/uploads\/2016\/11\/DSC_1039-450x300.jpg 450w, https:\/\/www.zarmini.com\/wp-content\/uploads\/2016\/11\/DSC_1039.jpg 1200w\" sizes=\"(max-width: 705px) 100vw, 705px\" \/><\/div><\/div><figcaption class='av-inner-masonry-content site-background'><div class='av-inner-masonry-content-pos'><div class='av-inner-masonry-content-pos-content'><div class='avia-arrow'><\/div><h3 class='av-masonry-entry-title entry-title '  itemprop=\"headline\" >ALU 12<\/h3><\/div><\/div><\/figcaption><\/figure><\/a><!--end av-masonry entry--><a href=\"https:\/\/www.zarmini.com\/sr\/tender\/alu-11\/\"  id='av-masonry-1-item-2707' data-av-masonry-item='2707' class='av-masonry-entry isotope-item post-2707 portfolio type-portfolio status-publish has-post-thumbnail hentry portfolio_entries-alu-sr all_sort alu-sr_sort  av-masonry-item-with-image' title=\"alu11\"  itemscope=\"itemscope\" itemtype=\"https:\/\/schema.org\/CreativeWork\" ><div class='av-inner-masonry-sizer'><\/div><figure class='av-inner-masonry main_color'><div class=\"av-masonry-outerimage-container\"><div class='av-masonry-image-container'   ><img decoding=\"async\" width=\"705\" height=\"470\" class=\"wp-image-8602 avia-img-lazy-loading-not-8602\"  src=\"https:\/\/www.zarmini.com\/wp-content\/uploads\/2016\/11\/alu11-705x470.jpg\" title=\"alu11\" alt=\"\" srcset=\"https:\/\/www.zarmini.com\/wp-content\/uploads\/2016\/11\/alu11-705x470.jpg 705w, https:\/\/www.zarmini.com\/wp-content\/uploads\/2016\/11\/alu11-300x200.jpg 300w, https:\/\/www.zarmini.com\/wp-content\/uploads\/2016\/11\/alu11-768x512.jpg 768w, https:\/\/www.zarmini.com\/wp-content\/uploads\/2016\/11\/alu11-1030x687.jpg 1030w, https:\/\/www.zarmini.com\/wp-content\/uploads\/2016\/11\/alu11-450x300.jpg 450w, https:\/\/www.zarmini.com\/wp-content\/uploads\/2016\/11\/alu11.jpg 1200w\" sizes=\"(max-width: 705px) 100vw, 705px\" \/><\/div><\/div><figcaption class='av-inner-masonry-content site-background'><div class='av-inner-masonry-content-pos'><div class='av-inner-masonry-content-pos-content'><div class='avia-arrow'><\/div><h3 class='av-masonry-entry-title entry-title '  itemprop=\"headline\" >ALU 11<\/h3><\/div><\/div><\/figcaption><\/figure><\/a><!--end av-masonry entry--><a href=\"https:\/\/www.zarmini.com\/sr\/tender\/alu-10\/\"  id='av-masonry-1-item-2709' data-av-masonry-item='2709' class='av-masonry-entry isotope-item post-2709 portfolio type-portfolio status-publish has-post-thumbnail hentry portfolio_entries-alu-sr all_sort alu-sr_sort  av-masonry-item-with-image' title=\"DSC_1024\"  itemscope=\"itemscope\" itemtype=\"https:\/\/schema.org\/CreativeWork\" ><div class='av-inner-masonry-sizer'><\/div><figure class='av-inner-masonry main_color'><div class=\"av-masonry-outerimage-container\"><div class='av-masonry-image-container'   ><img decoding=\"async\" width=\"705\" height=\"470\" class=\"wp-image-7486 avia-img-lazy-loading-not-7486\"  src=\"https:\/\/www.zarmini.com\/wp-content\/uploads\/2016\/11\/DSC_1024-705x470.jpg\" title=\"DSC_1024\" alt=\"\" srcset=\"https:\/\/www.zarmini.com\/wp-content\/uploads\/2016\/11\/DSC_1024-705x470.jpg 705w, https:\/\/www.zarmini.com\/wp-content\/uploads\/2016\/11\/DSC_1024-300x200.jpg 300w, https:\/\/www.zarmini.com\/wp-content\/uploads\/2016\/11\/DSC_1024-768x512.jpg 768w, https:\/\/www.zarmini.com\/wp-content\/uploads\/2016\/11\/DSC_1024-1030x687.jpg 1030w, https:\/\/www.zarmini.com\/wp-content\/uploads\/2016\/11\/DSC_1024-450x300.jpg 450w, https:\/\/www.zarmini.com\/wp-content\/uploads\/2016\/11\/DSC_1024.jpg 1200w\" sizes=\"(max-width: 705px) 100vw, 705px\" \/><\/div><\/div><figcaption class='av-inner-masonry-content site-background'><div class='av-inner-masonry-content-pos'><div class='av-inner-masonry-content-pos-content'><div class='avia-arrow'><\/div><h3 class='av-masonry-entry-title entry-title '  itemprop=\"headline\" >ALU 10<\/h3><\/div><\/div><\/figcaption><\/figure><\/a><!--end av-masonry entry--><a href=\"https:\/\/www.zarmini.com\/sr\/tender\/alu-9\/\"  id='av-masonry-1-item-2711' data-av-masonry-item='2711' class='av-masonry-entry isotope-item post-2711 portfolio type-portfolio status-publish has-post-thumbnail hentry portfolio_entries-alu-sr all_sort alu-sr_sort  av-masonry-item-with-image' title=\"DSC_1103\"  itemscope=\"itemscope\" itemtype=\"https:\/\/schema.org\/CreativeWork\" ><div class='av-inner-masonry-sizer'><\/div><figure class='av-inner-masonry main_color'><div class=\"av-masonry-outerimage-container\"><div class='av-masonry-image-container'   ><img decoding=\"async\" width=\"705\" height=\"470\" class=\"wp-image-7451 avia-img-lazy-loading-not-7451\"  src=\"https:\/\/www.zarmini.com\/wp-content\/uploads\/2016\/11\/DSC_1103-705x470.jpg\" title=\"DSC_1103\" alt=\"\" srcset=\"https:\/\/www.zarmini.com\/wp-content\/uploads\/2016\/11\/DSC_1103-705x470.jpg 705w, https:\/\/www.zarmini.com\/wp-content\/uploads\/2016\/11\/DSC_1103-300x200.jpg 300w, https:\/\/www.zarmini.com\/wp-content\/uploads\/2016\/11\/DSC_1103-768x512.jpg 768w, https:\/\/www.zarmini.com\/wp-content\/uploads\/2016\/11\/DSC_1103-1030x687.jpg 1030w, https:\/\/www.zarmini.com\/wp-content\/uploads\/2016\/11\/DSC_1103-450x300.jpg 450w, https:\/\/www.zarmini.com\/wp-content\/uploads\/2016\/11\/DSC_1103.jpg 1200w\" sizes=\"(max-width: 705px) 100vw, 705px\" \/><\/div><\/div><figcaption class='av-inner-masonry-content site-background'><div class='av-inner-masonry-content-pos'><div class='av-inner-masonry-content-pos-content'><div class='avia-arrow'><\/div><h3 class='av-masonry-entry-title entry-title '  itemprop=\"headline\" >ALU 9<\/h3><\/div><\/div><\/figcaption><\/figure><\/a><!--end av-masonry entry--><\/div><\/div>\n<section class=\"av_textblock_section \"  itemscope=\"itemscope\" itemtype=\"https:\/\/schema.org\/CreativeWork\" ><div class='avia_textblock  '   itemprop=\"text\" ><p>Na\u0161a ZAR miniTM ALU linija je idealni napuhivaju\u0107i \u010damac za ljude koji tra\u017ee pouzdan i siguran preklopni \u010damac. Lako se sastavlja i mo\u017ee primiti motor do 40 KS.<\/p>\n<p>ZAR miniTM ALU linija lako vu\u010de igra\u010dke na vodi i tube s dva instalirana D-prstena na krmi.<\/p>\n<p>S na\u0161im posebno dizajniranim dvobrzinskim cijevima instaliranim ispod glavne cijevi ALU13, ALU14 i ALU15, u\u017eivat \u0107ete u vrlo jedinstvenoj brzoj i udobnoj vo\u017enji. To je stvarna zabava!<\/p>\n<p>Svi preklopni ALU napuhiva\u010di iz ZAR miniTM imaju 5-slojno oja\u010dan visokokvalitetni materijal od 1.100 dtex PVC-a te\u017eine 1.050 g\/m2 i debljine 0,9 mm. Sve PVC \u0161avove na\u0161ih ZAR miniTM komora cijevi su zavarene *. Kako bi se smanjila te\u017eina, koristimo vrlo sna\u017eno, ali lagano aluminijsko dno koje proizvodimo u na\u0161oj proizvodnji. Kvalitetan materijal uparen s konstantnim istra\u017eivanjem i razvojem klju\u010d je uspjeha.<\/p>\n<p>Svi \u010damci imaju prenaponski ventil kao standardnu opremu koji \u0107e za\u0161tititi va\u0161u cijev ako se pravilno napu\u0161e.<\/p>\n<p>Svaki pojedina\u010dni napuhiva\u010d ZAR miniTM prolazi kroz vrlo strogu kontrolu kvalitete prije nego \u0161to ga dostavimo na\u0161im dragocjenim kupcima. U slu\u010daju da pogre\u0161ka pro\u0111e kontrolu kvalitete, za\u0161ti\u0107eni ste na\u0161im ograni\u010denim jamstvom od 2 godine nakon registracije va\u0161eg \u010damca kod nas.<\/p>\n<p>Sa na\u0161om velikom standardnom opremom i modernim talijanskim dizajnom s dodatno \u0161irokim lukom, ZAR miniTM napuhiva\u010di su jedinstveni.<\/p>\n<p>ZAR miniTM ALU linija idealna je za vu\u010du igra\u010daka na vodi, ronjenje i ribolov. Apsolutno neophodno za svaki odmor.<\/p>\n<\/div><\/section>\n","protected":false},"excerpt":{"rendered":"","protected":false},"author":1,"featured_media":0,"parent":0,"menu_order":0,"comment_status":"closed","ping_status":"closed","template":"","meta":{"footnotes":""},"class_list":["post-2756","page","type-page","status-publish","hentry"],"_links":{"self":[{"href":"https:\/\/www.zarmini.com\/sr\/wp-json\/wp\/v2\/pages\/2756","targetHints":{"allow":["GET"]}}],"collection":[{"href":"https:\/\/www.zarmini.com\/sr\/wp-json\/wp\/v2\/pages"}],"about":[{"href":"https:\/\/www.zarmini.com\/sr\/wp-json\/wp\/v2\/types\/page"}],"author":[{"embeddable":true,"href":"https:\/\/www.zarmini.com\/sr\/wp-json\/wp\/v2\/users\/1"}],"replies":[{"embeddable":true,"href":"https:\/\/www.zarmini.com\/sr\/wp-json\/wp\/v2\/comments?post=2756"}],"version-history":[{"count":2,"href":"https:\/\/www.zarmini.com\/sr\/wp-json\/wp\/v2\/pages\/2756\/revisions"}],"predecessor-version":[{"id":16645,"href":"https:\/\/www.zarmini.com\/sr\/wp-json\/wp\/v2\/pages\/2756\/revisions\/16645"}],"wp:attachment":[{"href":"https:\/\/www.zarmini.com\/sr\/wp-json\/wp\/v2\/media?parent=2756"}],"curies":[{"name":"wp","href":"https:\/\/api.w.org\/{rel}","templated":true}]}}