{"id":2778,"date":"2016-11-28T15:07:15","date_gmt":"2016-11-28T15:07:15","guid":{"rendered":"https:\/\/www.zarmini.com\/fun\/"},"modified":"2023-05-02T12:08:16","modified_gmt":"2023-05-02T11:08:16","slug":"fun","status":"publish","type":"page","link":"https:\/\/www.zarmini.com\/sr\/fun\/","title":{"rendered":"FUN"},"content":{"rendered":"\n<style type=\"text\/css\" data-created_by=\"avia_inline_auto\" id=\"style-css-av-av_heading-818d77bacfbd7bccb3174adaefedb645\">\n#top .av-special-heading.av-av_heading-818d77bacfbd7bccb3174adaefedb645{\npadding-bottom:10px;\n}\n.av-special-heading.av-av_heading-818d77bacfbd7bccb3174adaefedb645 .av-subheading{\nfont-size:15px;\n}\n<\/style>\n<div  class='av-special-heading av-av_heading-818d77bacfbd7bccb3174adaefedb645 av-special-heading-h1 blockquote modern-quote modern-centered  avia-builder-el-0  el_before_av_layerslider  avia-builder-el-no-sibling  '><h1 class='av-special-heading-tag '  itemprop=\"headline\"  >ZAR mini &#8211; serie FUN<\/h1><div class='av-subheading av-subheading_below '><p>Slatted deck &#8211; Ultra light roll up- 1.80MT \u2192 2.40MT<\/p>\n<\/div><div class='special-heading-border'><div class='special-heading-inner-border'><\/div><\/div><\/div>\n<\/div><\/div><\/div><!-- close content main div --><\/div><\/div><div id='layer_slider_1'  class='avia-layerslider main_color avia-shadow  avia-builder-el-1  el_after_av_heading  el_before_av_masonry_entries  slider-not-first container_wrap fullsize'  style='height: 401px;'  ><\/div>\n<div id='av-masonry-1' class='av-masonry av-av_masonry_entries-2540865da1bb5e7e90a90a21c5bb5da5 noHover av-flex-size av-large-gap av-hover-overlay- av-masonry-animation-active av-masonry-col-2 av-caption-always av-caption-style- av-masonry-entries   '><div class=\"av-masonry-container isotope av-js-disabled\"><div class='av-masonry-entry isotope-item av-masonry-item-no-image all_sort fun-sr_sort '><\/div><a href=\"https:\/\/www.zarmini.com\/sr\/tender\/fun-8\/\"  id='av-masonry-1-item-2672' data-av-masonry-item='2672' class='av-masonry-entry isotope-item post-2672 portfolio type-portfolio status-publish has-post-thumbnail hentry portfolio_entries-fun-sr all_sort fun-sr_sort  av-masonry-item-with-image' title=\"DSC_1091\"  itemscope=\"itemscope\" itemtype=\"https:\/\/schema.org\/CreativeWork\" ><div class='av-inner-masonry-sizer'><\/div><figure class='av-inner-masonry main_color'><div class=\"av-masonry-outerimage-container\"><div class='av-masonry-image-container'   ><img decoding=\"async\" width=\"705\" height=\"470\" class=\"wp-image-7686 avia-img-lazy-loading-not-7686\"  src=\"https:\/\/www.zarmini.com\/wp-content\/uploads\/2016\/11\/DSC_1091-705x470.jpg\" title=\"DSC_1091\" alt=\"\" srcset=\"https:\/\/www.zarmini.com\/wp-content\/uploads\/2016\/11\/DSC_1091-705x470.jpg 705w, https:\/\/www.zarmini.com\/wp-content\/uploads\/2016\/11\/DSC_1091-300x200.jpg 300w, https:\/\/www.zarmini.com\/wp-content\/uploads\/2016\/11\/DSC_1091-768x512.jpg 768w, https:\/\/www.zarmini.com\/wp-content\/uploads\/2016\/11\/DSC_1091-1030x687.jpg 1030w, https:\/\/www.zarmini.com\/wp-content\/uploads\/2016\/11\/DSC_1091-450x300.jpg 450w, https:\/\/www.zarmini.com\/wp-content\/uploads\/2016\/11\/DSC_1091.jpg 1200w\" sizes=\"(max-width: 705px) 100vw, 705px\" \/><\/div><\/div><figcaption class='av-inner-masonry-content site-background'><div class='av-inner-masonry-content-pos'><div class='av-inner-masonry-content-pos-content'><div class='avia-arrow'><\/div><h3 class='av-masonry-entry-title entry-title '  itemprop=\"headline\" >FUN 8<\/h3><\/div><\/div><\/figcaption><\/figure><\/a><!--end av-masonry entry--><a href=\"https:\/\/www.zarmini.com\/sr\/tender\/fun-7\/\"  id='av-masonry-1-item-2694' data-av-masonry-item='2694' class='av-masonry-entry isotope-item post-2694 portfolio type-portfolio status-publish has-post-thumbnail hentry portfolio_entries-fun-sr all_sort fun-sr_sort  av-masonry-item-with-image' title=\"DSC_1082\"  itemscope=\"itemscope\" itemtype=\"https:\/\/schema.org\/CreativeWork\" ><div class='av-inner-masonry-sizer'><\/div><figure class='av-inner-masonry main_color'><div class=\"av-masonry-outerimage-container\"><div class='av-masonry-image-container'   ><img decoding=\"async\" width=\"705\" height=\"470\" class=\"wp-image-7651 avia-img-lazy-loading-not-7651\"  src=\"https:\/\/www.zarmini.com\/wp-content\/uploads\/2016\/11\/DSC_1082-705x470.jpg\" title=\"DSC_1082\" alt=\"\" srcset=\"https:\/\/www.zarmini.com\/wp-content\/uploads\/2016\/11\/DSC_1082-705x470.jpg 705w, https:\/\/www.zarmini.com\/wp-content\/uploads\/2016\/11\/DSC_1082-300x200.jpg 300w, https:\/\/www.zarmini.com\/wp-content\/uploads\/2016\/11\/DSC_1082-768x512.jpg 768w, https:\/\/www.zarmini.com\/wp-content\/uploads\/2016\/11\/DSC_1082-1030x687.jpg 1030w, https:\/\/www.zarmini.com\/wp-content\/uploads\/2016\/11\/DSC_1082-450x300.jpg 450w, https:\/\/www.zarmini.com\/wp-content\/uploads\/2016\/11\/DSC_1082.jpg 1200w\" sizes=\"(max-width: 705px) 100vw, 705px\" \/><\/div><\/div><figcaption class='av-inner-masonry-content site-background'><div class='av-inner-masonry-content-pos'><div class='av-inner-masonry-content-pos-content'><div class='avia-arrow'><\/div><h3 class='av-masonry-entry-title entry-title '  itemprop=\"headline\" >FUN 7<\/h3><\/div><\/div><\/figcaption><\/figure><\/a><!--end av-masonry entry--><a href=\"https:\/\/www.zarmini.com\/sr\/tender\/fun-6\/\"  id='av-masonry-1-item-2696' data-av-masonry-item='2696' class='av-masonry-entry isotope-item post-2696 portfolio type-portfolio status-publish has-post-thumbnail hentry portfolio_entries-fun-sr all_sort fun-sr_sort  av-masonry-item-with-image' title=\"DSC_1021\"  itemscope=\"itemscope\" itemtype=\"https:\/\/schema.org\/CreativeWork\" ><div class='av-inner-masonry-sizer'><\/div><figure class='av-inner-masonry main_color'><div class=\"av-masonry-outerimage-container\"><div class='av-masonry-image-container'   ><img decoding=\"async\" width=\"705\" height=\"470\" class=\"wp-image-7617 avia-img-lazy-loading-not-7617\"  src=\"https:\/\/www.zarmini.com\/wp-content\/uploads\/2016\/11\/DSC_1021-705x470.jpg\" title=\"DSC_1021\" alt=\"\" srcset=\"https:\/\/www.zarmini.com\/wp-content\/uploads\/2016\/11\/DSC_1021-705x470.jpg 705w, https:\/\/www.zarmini.com\/wp-content\/uploads\/2016\/11\/DSC_1021-300x200.jpg 300w, https:\/\/www.zarmini.com\/wp-content\/uploads\/2016\/11\/DSC_1021-768x512.jpg 768w, https:\/\/www.zarmini.com\/wp-content\/uploads\/2016\/11\/DSC_1021-1030x687.jpg 1030w, https:\/\/www.zarmini.com\/wp-content\/uploads\/2016\/11\/DSC_1021-450x300.jpg 450w, https:\/\/www.zarmini.com\/wp-content\/uploads\/2016\/11\/DSC_1021.jpg 1200w\" sizes=\"(max-width: 705px) 100vw, 705px\" \/><\/div><\/div><figcaption class='av-inner-masonry-content site-background'><div class='av-inner-masonry-content-pos'><div class='av-inner-masonry-content-pos-content'><div class='avia-arrow'><\/div><h3 class='av-masonry-entry-title entry-title '  itemprop=\"headline\" >FUN 6<\/h3><\/div><\/div><\/figcaption><\/figure><\/a><!--end av-masonry entry--><\/div><\/div>\n<section class=\"av_textblock_section \"  itemscope=\"itemscope\" itemtype=\"https:\/\/schema.org\/CreativeWork\" ><div class='avia_textblock  '   itemprop=\"text\" ><p>ZAR miniTM FUN linija nudi pouzdano i kompaktno re\u0161enje za napuhavanje \u010damaca za one koji tra\u017ee malen, preklopni \u010damac. Ovaj gumeni \u010damac je dizajniran kao lak tender za male motornjake i jedrilice, izuzetno lagan za monta\u017eu i skladi\u0161tenje.<\/p>\n<p>Drveni letvasti pod se mo\u017ee brzo smotati, \u010dine\u0107i sve laganim i jednostavnim za upotrebu. U su\u0161tini, potrebno je samo napuhati i ispustiti cevi. Na\u0161i FUN naduvni \u010damci imaju 5 slojeva oja\u010danog, visokokvalitetnog PVC materijala 1.100 dtex sa te\u017einom od 1.050g\/m2 i debljinom od 0,9mm. PVC \u0161avovi na\u0161ih ZAR miniTM trupova su zavareni za dodatnu trajnost.<\/p>\n<p>Na\u0161a plovila dolaze opremljena ventilom za prekomerni pritisak kako bi se za\u0161titio va\u0161 trup pri pravilnom napuhavanju. Svakom ZAR miniTM naduvnom \u010damcu podvrgavamo strogu kontrolu kvaliteta pre isporuke i nudimo ograni\u010denu garanciju od 2 godine u slu\u010daju bilo kakvih proizvodnih nedostataka.<\/p>\n<p>S modernim italijanskim dizajnom i dodatno \u0161irokim pramcem, na\u0161i naduvni \u010damci su i stilski i funkcionalni. ZAR miniTM FUN linija je idealna za kratke udaljenosti i skladi\u0161tenje u malim prostorima jedrilica ili automobila.<\/p>\n<\/div><\/section>\n","protected":false},"excerpt":{"rendered":"","protected":false},"author":1,"featured_media":0,"parent":0,"menu_order":0,"comment_status":"closed","ping_status":"closed","template":"","meta":{"footnotes":""},"class_list":["post-2778","page","type-page","status-publish","hentry"],"_links":{"self":[{"href":"https:\/\/www.zarmini.com\/sr\/wp-json\/wp\/v2\/pages\/2778","targetHints":{"allow":["GET"]}}],"collection":[{"href":"https:\/\/www.zarmini.com\/sr\/wp-json\/wp\/v2\/pages"}],"about":[{"href":"https:\/\/www.zarmini.com\/sr\/wp-json\/wp\/v2\/types\/page"}],"author":[{"embeddable":true,"href":"https:\/\/www.zarmini.com\/sr\/wp-json\/wp\/v2\/users\/1"}],"replies":[{"embeddable":true,"href":"https:\/\/www.zarmini.com\/sr\/wp-json\/wp\/v2\/comments?post=2778"}],"version-history":[{"count":2,"href":"https:\/\/www.zarmini.com\/sr\/wp-json\/wp\/v2\/pages\/2778\/revisions"}],"predecessor-version":[{"id":16626,"href":"https:\/\/www.zarmini.com\/sr\/wp-json\/wp\/v2\/pages\/2778\/revisions\/16626"}],"wp:attachment":[{"href":"https:\/\/www.zarmini.com\/sr\/wp-json\/wp\/v2\/media?parent=2778"}],"curies":[{"name":"wp","href":"https:\/\/api.w.org\/{rel}","templated":true}]}}