{"id":2791,"date":"2016-11-28T14:58:09","date_gmt":"2016-11-28T14:58:09","guid":{"rendered":"https:\/\/www.zarmini.com\/rib\/"},"modified":"2023-04-11T16:55:07","modified_gmt":"2023-04-11T15:55:07","slug":"rib","status":"publish","type":"page","link":"https:\/\/www.zarmini.com\/sr\/rib\/","title":{"rendered":"RIB"},"content":{"rendered":"\n<style type=\"text\/css\" data-created_by=\"avia_inline_auto\" id=\"style-css-av-av_heading-d80be30b6171441d9d5a7bc706bc5a9d\">\n#top .av-special-heading.av-av_heading-d80be30b6171441d9d5a7bc706bc5a9d{\npadding-bottom:10px;\n}\n.av-special-heading.av-av_heading-d80be30b6171441d9d5a7bc706bc5a9d .av-subheading{\nfont-size:15px;\n}\n<\/style>\n<div  class='av-special-heading av-av_heading-d80be30b6171441d9d5a7bc706bc5a9d av-special-heading-h1 blockquote modern-quote modern-centered  avia-builder-el-0  el_before_av_textblock  avia-builder-el-first  '><h1 class='av-special-heading-tag '  itemprop=\"headline\"  >ZAR mini &#8211; serie RIB<\/h1><div class='av-subheading av-subheading_below '><p>ALUMINIUM RIB TENDER &#8211; 2.40MT \u2192 5.00MT<br \/>\nequipped with V and double floor with bow locker<\/p>\n<\/div><div class='special-heading-border'><div class='special-heading-inner-border'><\/div><\/div><\/div>\n<section class=\"av_textblock_section \"  itemscope=\"itemscope\" itemtype=\"https:\/\/schema.org\/CreativeWork\" ><div class='avia_textblock  '   itemprop=\"text\" ><p>Na\u0161a ZAR mini\u2122 RIB linija ima dve verzije: RIB LITE i RIB DL sa duplim dnom i prednjim spremnikom. RIB 8 i RIB 9 imaju prostor za rezervoar od 12l. RIB 10-12 imaju prostor za rezervoar od 24l u prednjem spremniku. RIB LITE je optimizovan po te\u017eini i nema prednji spremnik ili duplo dno.<\/p>\n<div class=\"show_more\"><p class=\"wpsm-show\" style=\"color: #cc0000; font-size: 100%; text-align: left;\"> READ MORE<\/p><div class=\"wpsm-content\"><\/p>\n<p>Kao opcionalna oprema dostupni su upravlja\u010dki paneli i dupla sedi\u0161ta (po\u010dev\u0161i od RIB 10 i samo za DL). Tako\u0111e mo\u017eete odabrati razli\u010dite tende za sunce, pumpe za ispumpavanje vode, jastuke i jo\u0161 mnogo toga. Molimo Vas da se obratite svom ZAR mini\u2122 prodavcu. On \u0107e Vam najbolje slu\u017eiti. Linija ZAR mini\u2122 RIB lako mo\u017ee vu\u0107i igra\u010dke i tubuse s dva instalirana D-obru\u010da na krmi.<\/p>\n<p>Svaki ZAR mini\u2122 ima 3 ta\u010dke za podizanje dizalom. Jednu napred i dve na krmi. Ako Va\u0161 ZAR mini\u2122 ima prednji spremnik (DL verzija), ima\u0107ete \u010detiri ta\u010dke za podizanje.<\/p>\n<p>Zahvaljuju\u0107i veoma lakom aluminijumskom trupu, ovaj \u010damac mo\u017ee lako i brzo da plovi s manjim motorom. Trup ne\u0107e imati problema poput trupa od stakloplastike. Tako\u0111e \u0107e trajati du\u017ee i ne\u0107e postajati te\u017ei tokom upotrebe. Trupovi su napravljeni od posebnog aluminijuma i presvu\u010deni posebnim prahom kako bi se izdr\u017eali korozija i morska voda. U\u017eiva\u0107ete u vo\u017enji na va\u0161em ZAR mini\u2122 RIB-u.<\/p>\n<p>Svi ZAR mini\u2122 RIB gumenci su tako\u0111e dostupni u CSM materijalu (formalno poznat kao HypalonTM od DuPontTM) s posebnim dizajnom. Molimo Vas da se obratite svom ZAR mini\u2122 prodavcu za dodatne detalje. CSM traje mnogo du\u017ee od PVC-a i otporniji je na UV zra\u010denje, kiseline, alkalije, morsku vodu, toplotu i hladno\u0107u. Koristimo HypatexTM, jedan od najboljih materijala na svetskom tr\u017ei\u0161tu koji se proizvodi ve\u0107 60 godina.<\/p>\n<p>Svi PVC \u0161avovi na na\u0161im ZAR mini\u2122 gumicama su zavareni, a ne lepljeni. Svi \u010damci imaju ventil za prekomerni pritisak kao standardnu opremu koji \u0161titi va\u0161u gumenu gumu i garantuje da je pravilno napumpana. Kvalitetni materijali i stalno istra\u017eivanje i razvoj su klju\u010d uspeha.<\/p>\n<p>Svaki pojedina\u010dni ZAR mini\u2122 napuhavaju\u0107i \u010damac prolazi kroz vrlo strogu kontrolu kvaliteta pre nego \u0161to ga isporu\u010dimo na\u0161im cenjenim kupcima. U slu\u010daju da se neka gre\u0161ka ipak dogodi, bi\u0107ete za\u0161ti\u0107eni na\u0161om ograni\u010denom garancijom nakon registracije Va\u0161eg \u010damca kod nas.<\/p>\n<p> <p class=\"wpsm-hide\" style=\"color: #cc0000; font-size: 100%; text-align: left;\"> CLOSE<\/p><\/div><\/div>\n<\/div><\/section>\n<div id='av-masonry-1' class='av-masonry av-av_masonry_entries-b753728d27182ec0a7c02f65515f80d9 noHover av-flex-size av-large-gap av-hover-overlay- av-masonry-animation-active av-masonry-col-2 av-caption-always av-caption-style- av-masonry-entries   '><div class=\"av-masonry-container isotope av-js-disabled\"><div class='av-masonry-entry isotope-item av-masonry-item-no-image all_sort rib-sr_sort '><\/div><a href=\"https:\/\/www.zarmini.com\/sr\/tender\/rib-8\/\"  id='av-masonry-1-item-2736' data-av-masonry-item='2736' class='av-masonry-entry isotope-item post-2736 portfolio type-portfolio status-publish has-post-thumbnail hentry portfolio_entries-rib-sr all_sort rib-sr_sort  av-masonry-item-with-image' title=\"ZARMINI-RIB8DL005\"  itemscope=\"itemscope\" itemtype=\"https:\/\/schema.org\/CreativeWork\" ><div class='av-inner-masonry-sizer'><\/div><figure class='av-inner-masonry main_color'><div class=\"av-masonry-outerimage-container\"><div class='av-masonry-image-container'   ><img decoding=\"async\" width=\"705\" height=\"470\" class=\"wp-image-7232 avia-img-lazy-loading-not-7232\"  src=\"https:\/\/www.zarmini.com\/wp-content\/uploads\/2016\/11\/ZARMINI-RIB8DL005-705x470.jpg\" title=\"ZARMINI-RIB8DL005\" alt=\"\" srcset=\"https:\/\/www.zarmini.com\/wp-content\/uploads\/2016\/11\/ZARMINI-RIB8DL005-705x470.jpg 705w, https:\/\/www.zarmini.com\/wp-content\/uploads\/2016\/11\/ZARMINI-RIB8DL005-300x200.jpg 300w, https:\/\/www.zarmini.com\/wp-content\/uploads\/2016\/11\/ZARMINI-RIB8DL005-768x512.jpg 768w, https:\/\/www.zarmini.com\/wp-content\/uploads\/2016\/11\/ZARMINI-RIB8DL005-1030x687.jpg 1030w, https:\/\/www.zarmini.com\/wp-content\/uploads\/2016\/11\/ZARMINI-RIB8DL005-450x300.jpg 450w, https:\/\/www.zarmini.com\/wp-content\/uploads\/2016\/11\/ZARMINI-RIB8DL005.jpg 1200w\" sizes=\"(max-width: 705px) 100vw, 705px\" \/><\/div><\/div><figcaption class='av-inner-masonry-content site-background'><div class='av-inner-masonry-content-pos'><div class='av-inner-masonry-content-pos-content'><div class='avia-arrow'><\/div><h3 class='av-masonry-entry-title entry-title '  itemprop=\"headline\" >RIB 8<\/h3><\/div><\/div><\/figcaption><\/figure><\/a><!--end av-masonry entry--><a href=\"https:\/\/www.zarmini.com\/sr\/tender\/rib-9\/\"  id='av-masonry-1-item-2734' data-av-masonry-item='2734' class='av-masonry-entry isotope-item post-2734 portfolio type-portfolio status-publish has-post-thumbnail hentry portfolio_entries-rib-sr all_sort rib-sr_sort  av-masonry-item-with-image' title=\"ZARMINI-RIB9DL-2019_008\"  itemscope=\"itemscope\" itemtype=\"https:\/\/schema.org\/CreativeWork\" ><div class='av-inner-masonry-sizer'><\/div><figure class='av-inner-masonry main_color'><div class=\"av-masonry-outerimage-container\"><div class='av-masonry-image-container'   ><img decoding=\"async\" width=\"705\" height=\"470\" class=\"wp-image-7722 avia-img-lazy-loading-not-7722\"  src=\"https:\/\/www.zarmini.com\/wp-content\/uploads\/2016\/11\/ZARMINI-RIB9DL-2019_008-705x470.jpg\" title=\"ZARMINI-RIB9DL-2019_008\" alt=\"\" srcset=\"https:\/\/www.zarmini.com\/wp-content\/uploads\/2016\/11\/ZARMINI-RIB9DL-2019_008-705x470.jpg 705w, https:\/\/www.zarmini.com\/wp-content\/uploads\/2016\/11\/ZARMINI-RIB9DL-2019_008-300x200.jpg 300w, https:\/\/www.zarmini.com\/wp-content\/uploads\/2016\/11\/ZARMINI-RIB9DL-2019_008-768x512.jpg 768w, https:\/\/www.zarmini.com\/wp-content\/uploads\/2016\/11\/ZARMINI-RIB9DL-2019_008-1030x687.jpg 1030w, https:\/\/www.zarmini.com\/wp-content\/uploads\/2016\/11\/ZARMINI-RIB9DL-2019_008-450x300.jpg 450w, https:\/\/www.zarmini.com\/wp-content\/uploads\/2016\/11\/ZARMINI-RIB9DL-2019_008.jpg 1200w\" sizes=\"(max-width: 705px) 100vw, 705px\" \/><\/div><\/div><figcaption class='av-inner-masonry-content site-background'><div class='av-inner-masonry-content-pos'><div class='av-inner-masonry-content-pos-content'><div class='avia-arrow'><\/div><h3 class='av-masonry-entry-title entry-title '  itemprop=\"headline\" >RIB 9<\/h3><\/div><\/div><\/figcaption><\/figure><\/a><!--end av-masonry entry--><a href=\"https:\/\/www.zarmini.com\/sr\/tender\/rib-10\/\"  id='av-masonry-1-item-2732' data-av-masonry-item='2732' class='av-masonry-entry isotope-item post-2732 portfolio type-portfolio status-publish has-post-thumbnail hentry portfolio_entries-rib-sr all_sort rib-sr_sort  av-masonry-item-with-image' title=\"ZARMINI-RIB10DL2019_002\"  itemscope=\"itemscope\" itemtype=\"https:\/\/schema.org\/CreativeWork\" ><div class='av-inner-masonry-sizer'><\/div><figure class='av-inner-masonry main_color'><div class=\"av-masonry-outerimage-container\"><div class='av-masonry-image-container'   ><img decoding=\"async\" width=\"705\" height=\"470\" class=\"wp-image-7872 avia-img-lazy-loading-not-7872\"  src=\"https:\/\/www.zarmini.com\/wp-content\/uploads\/2016\/11\/ZARMINI-RIB10DL2019_002-705x470.jpg\" title=\"ZARMINI-RIB10DL2019_002\" alt=\"\" srcset=\"https:\/\/www.zarmini.com\/wp-content\/uploads\/2016\/11\/ZARMINI-RIB10DL2019_002-705x470.jpg 705w, https:\/\/www.zarmini.com\/wp-content\/uploads\/2016\/11\/ZARMINI-RIB10DL2019_002-300x200.jpg 300w, https:\/\/www.zarmini.com\/wp-content\/uploads\/2016\/11\/ZARMINI-RIB10DL2019_002-768x512.jpg 768w, https:\/\/www.zarmini.com\/wp-content\/uploads\/2016\/11\/ZARMINI-RIB10DL2019_002-1030x687.jpg 1030w, https:\/\/www.zarmini.com\/wp-content\/uploads\/2016\/11\/ZARMINI-RIB10DL2019_002-450x300.jpg 450w, https:\/\/www.zarmini.com\/wp-content\/uploads\/2016\/11\/ZARMINI-RIB10DL2019_002.jpg 1200w\" sizes=\"(max-width: 705px) 100vw, 705px\" \/><\/div><\/div><figcaption class='av-inner-masonry-content site-background'><div class='av-inner-masonry-content-pos'><div class='av-inner-masonry-content-pos-content'><div class='avia-arrow'><\/div><h3 class='av-masonry-entry-title entry-title '  itemprop=\"headline\" >RIB 10<\/h3><\/div><\/div><\/figcaption><\/figure><\/a><!--end av-masonry entry--><a href=\"https:\/\/www.zarmini.com\/sr\/tender\/rib-11\/\"  id='av-masonry-1-item-2730' data-av-masonry-item='2730' class='av-masonry-entry isotope-item post-2730 portfolio type-portfolio status-publish has-post-thumbnail hentry portfolio_entries-rib-sr all_sort rib-sr_sort  av-masonry-item-with-image' title=\"ZARMINI-RIB11DL-2019_015\"  itemscope=\"itemscope\" itemtype=\"https:\/\/schema.org\/CreativeWork\" ><div class='av-inner-masonry-sizer'><\/div><figure class='av-inner-masonry main_color'><div class=\"av-masonry-outerimage-container\"><div class='av-masonry-image-container'   ><img decoding=\"async\" width=\"705\" height=\"470\" class=\"wp-image-7790 avia-img-lazy-loading-not-7790\"  src=\"https:\/\/www.zarmini.com\/wp-content\/uploads\/2016\/11\/ZARMINI-RIB11DL-2019_015-705x470.jpg\" title=\"ZARMINI-RIB11DL-2019_015\" alt=\"\" srcset=\"https:\/\/www.zarmini.com\/wp-content\/uploads\/2016\/11\/ZARMINI-RIB11DL-2019_015-705x470.jpg 705w, https:\/\/www.zarmini.com\/wp-content\/uploads\/2016\/11\/ZARMINI-RIB11DL-2019_015-300x200.jpg 300w, https:\/\/www.zarmini.com\/wp-content\/uploads\/2016\/11\/ZARMINI-RIB11DL-2019_015-768x512.jpg 768w, https:\/\/www.zarmini.com\/wp-content\/uploads\/2016\/11\/ZARMINI-RIB11DL-2019_015-1030x687.jpg 1030w, https:\/\/www.zarmini.com\/wp-content\/uploads\/2016\/11\/ZARMINI-RIB11DL-2019_015-450x300.jpg 450w, https:\/\/www.zarmini.com\/wp-content\/uploads\/2016\/11\/ZARMINI-RIB11DL-2019_015.jpg 1200w\" sizes=\"(max-width: 705px) 100vw, 705px\" \/><\/div><\/div><figcaption class='av-inner-masonry-content site-background'><div class='av-inner-masonry-content-pos'><div class='av-inner-masonry-content-pos-content'><div class='avia-arrow'><\/div><h3 class='av-masonry-entry-title entry-title '  itemprop=\"headline\" >RIB 11<\/h3><\/div><\/div><\/figcaption><\/figure><\/a><!--end av-masonry entry--><a href=\"https:\/\/www.zarmini.com\/sr\/tender\/rib12\/\"  id='av-masonry-1-item-2728' data-av-masonry-item='2728' class='av-masonry-entry isotope-item post-2728 portfolio type-portfolio status-publish has-post-thumbnail hentry portfolio_entries-rib-sr all_sort rib-sr_sort  av-masonry-item-with-image' title=\"ZARMINI-RIB12DL-2019_005\"  itemscope=\"itemscope\" itemtype=\"https:\/\/schema.org\/CreativeWork\" ><div class='av-inner-masonry-sizer'><\/div><figure class='av-inner-masonry main_color'><div class=\"av-masonry-outerimage-container\"><div class='av-masonry-image-container'   ><img decoding=\"async\" width=\"705\" height=\"470\" class=\"wp-image-7806 avia-img-lazy-loading-not-7806\"  src=\"https:\/\/www.zarmini.com\/wp-content\/uploads\/2016\/11\/ZARMINI-RIB12DL-2019_005-705x470.jpg\" title=\"ZARMINI-RIB12DL-2019_005\" alt=\"\" srcset=\"https:\/\/www.zarmini.com\/wp-content\/uploads\/2016\/11\/ZARMINI-RIB12DL-2019_005-705x470.jpg 705w, https:\/\/www.zarmini.com\/wp-content\/uploads\/2016\/11\/ZARMINI-RIB12DL-2019_005-300x200.jpg 300w, https:\/\/www.zarmini.com\/wp-content\/uploads\/2016\/11\/ZARMINI-RIB12DL-2019_005-768x512.jpg 768w, https:\/\/www.zarmini.com\/wp-content\/uploads\/2016\/11\/ZARMINI-RIB12DL-2019_005-1030x687.jpg 1030w, https:\/\/www.zarmini.com\/wp-content\/uploads\/2016\/11\/ZARMINI-RIB12DL-2019_005-450x300.jpg 450w, https:\/\/www.zarmini.com\/wp-content\/uploads\/2016\/11\/ZARMINI-RIB12DL-2019_005.jpg 1200w\" sizes=\"(max-width: 705px) 100vw, 705px\" \/><\/div><\/div><figcaption class='av-inner-masonry-content site-background'><div class='av-inner-masonry-content-pos'><div class='av-inner-masonry-content-pos-content'><div class='avia-arrow'><\/div><h3 class='av-masonry-entry-title entry-title '  itemprop=\"headline\" >RIB12<\/h3><\/div><\/div><\/figcaption><\/figure><\/a><!--end av-masonry entry--><a href=\"https:\/\/www.zarmini.com\/sr\/tender\/zarmini-rescue\/\"  id='av-masonry-1-item-8690' data-av-masonry-item='8690' class='av-masonry-entry isotope-item post-8690 portfolio type-portfolio status-publish has-post-thumbnail hentry portfolio_entries-rib-sr all_sort rib-sr_sort  av-masonry-item-with-image' title=\"ZARMINI &#8211; RESCUE3\"  itemscope=\"itemscope\" itemtype=\"https:\/\/schema.org\/CreativeWork\" ><div class='av-inner-masonry-sizer'><\/div><figure class='av-inner-masonry main_color'><div class=\"av-masonry-outerimage-container\"><div class='av-masonry-image-container'   ><img decoding=\"async\" width=\"705\" height=\"470\" class=\"wp-image-8680 avia-img-lazy-loading-not-8680\"  src=\"https:\/\/www.zarmini.com\/wp-content\/uploads\/2019\/09\/ZARMINI-RESCUE3-705x470.jpg\" title=\"ZARMINI &#8211; RESCUE3\" alt=\"\" srcset=\"https:\/\/www.zarmini.com\/wp-content\/uploads\/2019\/09\/ZARMINI-RESCUE3-705x470.jpg 705w, https:\/\/www.zarmini.com\/wp-content\/uploads\/2019\/09\/ZARMINI-RESCUE3-300x200.jpg 300w, https:\/\/www.zarmini.com\/wp-content\/uploads\/2019\/09\/ZARMINI-RESCUE3-768x512.jpg 768w, https:\/\/www.zarmini.com\/wp-content\/uploads\/2019\/09\/ZARMINI-RESCUE3-1030x687.jpg 1030w, https:\/\/www.zarmini.com\/wp-content\/uploads\/2019\/09\/ZARMINI-RESCUE3-450x300.jpg 450w, https:\/\/www.zarmini.com\/wp-content\/uploads\/2019\/09\/ZARMINI-RESCUE3.jpg 1200w\" sizes=\"(max-width: 705px) 100vw, 705px\" \/><\/div><\/div><figcaption class='av-inner-masonry-content site-background'><div class='av-inner-masonry-content-pos'><div class='av-inner-masonry-content-pos-content'><div class='avia-arrow'><\/div><h3 class='av-masonry-entry-title entry-title '  itemprop=\"headline\" >ZARMINI &#8211; RESCUE<\/h3><\/div><\/div><\/figcaption><\/figure><\/a><!--end av-masonry entry--><\/div><\/div>\n","protected":false},"excerpt":{"rendered":"","protected":false},"author":1,"featured_media":0,"parent":0,"menu_order":0,"comment_status":"closed","ping_status":"closed","template":"","meta":{"footnotes":""},"class_list":["post-2791","page","type-page","status-publish","hentry"],"_links":{"self":[{"href":"https:\/\/www.zarmini.com\/sr\/wp-json\/wp\/v2\/pages\/2791","targetHints":{"allow":["GET"]}}],"collection":[{"href":"https:\/\/www.zarmini.com\/sr\/wp-json\/wp\/v2\/pages"}],"about":[{"href":"https:\/\/www.zarmini.com\/sr\/wp-json\/wp\/v2\/types\/page"}],"author":[{"embeddable":true,"href":"https:\/\/www.zarmini.com\/sr\/wp-json\/wp\/v2\/users\/1"}],"replies":[{"embeddable":true,"href":"https:\/\/www.zarmini.com\/sr\/wp-json\/wp\/v2\/comments?post=2791"}],"version-history":[{"count":2,"href":"https:\/\/www.zarmini.com\/sr\/wp-json\/wp\/v2\/pages\/2791\/revisions"}],"predecessor-version":[{"id":16551,"href":"https:\/\/www.zarmini.com\/sr\/wp-json\/wp\/v2\/pages\/2791\/revisions\/16551"}],"wp:attachment":[{"href":"https:\/\/www.zarmini.com\/sr\/wp-json\/wp\/v2\/media?parent=2791"}],"curies":[{"name":"wp","href":"https:\/\/api.w.org\/{rel}","templated":true}]}}