{"id":5459,"date":"2018-03-24T08:57:36","date_gmt":"2018-03-24T08:57:36","guid":{"rendered":"https:\/\/www.zarmini.com\/about-us\/"},"modified":"2018-03-28T14:38:43","modified_gmt":"2018-03-28T14:38:43","slug":"about-us","status":"publish","type":"page","link":"https:\/\/www.zarmini.com\/sr\/about-us\/","title":{"rendered":"About us"},"content":{"rendered":"\n<style type=\"text\/css\" data-created_by=\"avia_inline_auto\" id=\"style-css-av-av_section-a2746c73c0d002b05b83e7fd2831fc42\">\n.avia-section.av-av_section-a2746c73c0d002b05b83e7fd2831fc42{\nbackground-repeat:no-repeat;\nbackground-image:url(https:\/\/www.zarmini.com\/wp-content\/uploads\/2018\/03\/mini3.jpg);\nbackground-position:50% 100%;\nbackground-attachment:fixed;\n}\n<\/style>\n<div id='av_section_1'  class='avia-section av-av_section-a2746c73c0d002b05b83e7fd2831fc42 main_color avia-section-default avia-no-shadow  avia-builder-el-0  el_before_av_one_full  avia-builder-el-first  avia-full-stretch avia-bg-style-fixed  av-minimum-height av-minimum-height-50  container_wrap fullsize'  data-section-bg-repeat='stretch' data-av_minimum_height_pc='50'><div class='container av-section-cont-open' ><main  role=\"main\" itemprop=\"mainContentOfPage\"  class='template-page content  av-content-full alpha units'><div class='post-entry post-entry-type-page post-entry-5459'><div class='entry-content-wrapper clearfix'><\/div><\/div><\/main><!-- close content main element --><\/div><\/div><div id='after_section_1'  class='main_color av_default_container_wrap container_wrap fullsize'  ><div class='container av-section-cont-open' ><div class='template-page content  av-content-full alpha units'><div class='post-entry post-entry-type-page post-entry-5459'><div class='entry-content-wrapper clearfix'>\n\n<style type=\"text\/css\" data-created_by=\"avia_inline_auto\" id=\"style-css-av-av_one_full-eb0ac6fadd4d89d4bc2305c78fe4bb25\">\n.flex_column.av-av_one_full-eb0ac6fadd4d89d4bc2305c78fe4bb25{\nborder-width:1px;\nborder-color:#e8e8e8;\nborder-style:solid;\nborder-radius:10px 10px 10px 10px;\n-webkit-border-radius:10px 10px 10px 10px;\n-moz-border-radius:10px 10px 10px 10px;\npadding:10px 10px 10px 10px;\nbackground-color:#f4f4f4;\n}\n<\/style>\n<div class='flex_column av-av_one_full-eb0ac6fadd4d89d4bc2305c78fe4bb25 av_one_full  avia-builder-el-1  el_after_av_section  el_before_av_one_third  avia-builder-el-first  first flex_column_div  av-animated-generic fade-in '   ><section class=\"av_textblock_section \"  itemscope=\"itemscope\" itemtype=\"https:\/\/schema.org\/CreativeWork\" ><div class='avia_textblock  '   itemprop=\"text\" ><p class=\"Text\"><span lang=\"DE\" style=\"font-size: 12.0pt;\"><strong>ZARMINI<\/strong> je njema\u010dka kompanija, specijalizovana za konstrukciju i izradu sklopivih aluminijskih RIB \u010damaca. Kao jedna od vode\u0107ih kompanija na tom polju, mi stavljamo te\u017ei\u0161te na kvalitet na\u0161ih produkata i te\u017eimo da na\u0161i proizvodi budu uvek \u0161to bolji. Zadovoljstvo na\u0161ih kupaca je na\u0161a primarna te\u017enja. Svi na\u0161i \u010damci su konstruisani u Italiji i isprobani u Nema\u010dkoj, pre nego \u0161to ih pustimo u serijsku proizvodnju. Nema\u010dka preciznost, te italijanska volja za lep dizajn, \u010dini da su na\u0161i \u010damci tra\u017eeni na celom svetu. Korak po korak, uvek slede\u0107i filozofiju firme <strong>ZAR &#8211; Formenti<\/strong>, sve od 1979 godine mi smo se iz godine u godinu razvijali i nikad nismo prestali \u017eeleti biti bolji i jo\u0161 bolji.<\/span><\/p>\n<\/div><\/section><\/div>\n\n<style type=\"text\/css\" data-created_by=\"avia_inline_auto\" id=\"style-css-av-av_one_third-65cf57445bbb006b1c751b81268563ca\">\n.flex_column.av-av_one_third-65cf57445bbb006b1c751b81268563ca{\nborder-radius:0px 0px 0px 0px;\n-webkit-border-radius:0px 0px 0px 0px;\n-moz-border-radius:0px 0px 0px 0px;\npadding:5px 5px 5px 5px;\n}\n<\/style>\n<div class='flex_column av-av_one_third-65cf57445bbb006b1c751b81268563ca av_one_third  avia-builder-el-3  el_after_av_one_full  el_before_av_one_third  first flex_column_div column-top-margin'   ><section class=\"av_textblock_section \"  itemscope=\"itemscope\" itemtype=\"https:\/\/schema.org\/CreativeWork\" ><div class='avia_textblock  '   itemprop=\"text\" ><ul>\n<li>Nema\u010dka kompanija<\/li>\n<li>Jedna od najve\u0107ih nema\u010dkih proizvo\u0111a\u0107a \u010damaca ( po broju proizvedenih \u010damaca)<\/li>\n<li>Evropska tehnologija i izrada<\/li>\n<li>Italijanski dizajn<\/li>\n<li>Mi ugradjujemo samo najbolje materijale koji su sada na tr\u017ei\u0161tu*<\/li>\n<\/ul>\n<\/div><\/section><\/div>\n\n<style type=\"text\/css\" data-created_by=\"avia_inline_auto\" id=\"style-css-av-av_one_third-ca61d0f5c8c082614265b9c3d45cf562\">\n.flex_column.av-av_one_third-ca61d0f5c8c082614265b9c3d45cf562{\nborder-radius:0px 0px 0px 0px;\n-webkit-border-radius:0px 0px 0px 0px;\n-moz-border-radius:0px 0px 0px 0px;\npadding:5px 5px 5px 5px;\n}\n<\/style>\n<div class='flex_column av-av_one_third-ca61d0f5c8c082614265b9c3d45cf562 av_one_third  avia-builder-el-5  el_after_av_one_third  el_before_av_one_third  flex_column_div column-top-margin'   ><section class=\"av_textblock_section \"  itemscope=\"itemscope\" itemtype=\"https:\/\/schema.org\/CreativeWork\" ><div class='avia_textblock  '   itemprop=\"text\" ><ul>\n<li>CE testiranje u Nema\u010dkoj kod HPI ( za evropsko tr\u017ei\u0161te )<\/li>\n<li>US Coast Guard registrirani kao proizvo\u0111a\u0107i za evropsku nautiku<\/li>\n<li>Koristimo spezifi\u010dnu tehnologiju firme ZAR Formenti za produkciju gumenih cijevi<\/li>\n<li>Izvozimo na sva glavna globalna tr\u017ei\u0161ta<\/li>\n<\/ul>\n<\/div><\/section><\/div>\n\n<style type=\"text\/css\" data-created_by=\"avia_inline_auto\" id=\"style-css-av-av_one_third-ca61d0f5c8c082614265b9c3d45cf562\">\n.flex_column.av-av_one_third-ca61d0f5c8c082614265b9c3d45cf562{\nborder-radius:0px 0px 0px 0px;\n-webkit-border-radius:0px 0px 0px 0px;\n-moz-border-radius:0px 0px 0px 0px;\npadding:5px 5px 5px 5px;\n}\n<\/style>\n<div class='flex_column av-av_one_third-ca61d0f5c8c082614265b9c3d45cf562 av_one_third  avia-builder-el-7  el_after_av_one_third  el_before_av_textblock  flex_column_div column-top-margin'   ><section class=\"av_textblock_section \"  itemscope=\"itemscope\" itemtype=\"https:\/\/schema.org\/CreativeWork\" ><div class='avia_textblock  '   itemprop=\"text\" ><ul>\n<li>CAD 3D dizajn i konstrukcija<\/li>\n<li>Proizvodnja u Evropi i aziji<\/li>\n<li>\u010clanica BVWW ( Dr\u017eavni biro za vodene sportove i ekonomiju )<\/li>\n<li>Yamaha OEM partner<\/li>\n<\/ul>\n<\/div><\/section><\/div>\n<section class=\"av_textblock_section \"  itemscope=\"itemscope\" itemtype=\"https:\/\/schema.org\/CreativeWork\" ><div class='avia_textblock  '   itemprop=\"text\" ><p class=\"Text\"><span lang=\"DE\" style=\"font-size: 12.0pt;\">Naru\u010dite va\u0161 ZAR mini kod najbli\u017eeg prodavca za ZAR mini i budite sigurni da \u0107ete imati najbolji \u010damac koji mo\u017ee dobiti za tu cenu.<\/span><span style=\"font-size: 12pt;\">\u00a0<\/span><\/p>\n<p class=\"Text\"><strong><span lang=\"DE\" style=\"font-size: 12.0pt;\">Kupi kvalitet &#8211; kupi ZAR mini<\/span><\/strong><\/p>\n<\/div><\/section>\n","protected":false},"excerpt":{"rendered":"","protected":false},"author":1,"featured_media":0,"parent":0,"menu_order":0,"comment_status":"closed","ping_status":"closed","template":"","meta":{"footnotes":""},"class_list":["post-5459","page","type-page","status-publish","hentry"],"_links":{"self":[{"href":"https:\/\/www.zarmini.com\/sr\/wp-json\/wp\/v2\/pages\/5459","targetHints":{"allow":["GET"]}}],"collection":[{"href":"https:\/\/www.zarmini.com\/sr\/wp-json\/wp\/v2\/pages"}],"about":[{"href":"https:\/\/www.zarmini.com\/sr\/wp-json\/wp\/v2\/types\/page"}],"author":[{"embeddable":true,"href":"https:\/\/www.zarmini.com\/sr\/wp-json\/wp\/v2\/users\/1"}],"replies":[{"embeddable":true,"href":"https:\/\/www.zarmini.com\/sr\/wp-json\/wp\/v2\/comments?post=5459"}],"version-history":[{"count":3,"href":"https:\/\/www.zarmini.com\/sr\/wp-json\/wp\/v2\/pages\/5459\/revisions"}],"predecessor-version":[{"id":5468,"href":"https:\/\/www.zarmini.com\/sr\/wp-json\/wp\/v2\/pages\/5459\/revisions\/5468"}],"wp:attachment":[{"href":"https:\/\/www.zarmini.com\/sr\/wp-json\/wp\/v2\/media?parent=5459"}],"curies":[{"name":"wp","href":"https:\/\/api.w.org\/{rel}","templated":true}]}}