{"id":6170,"date":"2016-11-28T14:58:09","date_gmt":"2016-11-28T14:58:09","guid":{"rendered":"https:\/\/www.zarmini.com\/rib-3\/"},"modified":"2023-04-11T17:00:36","modified_gmt":"2023-04-11T16:00:36","slug":"lux","status":"publish","type":"page","link":"https:\/\/www.zarmini.com\/sr\/lux\/","title":{"rendered":"LUX"},"content":{"rendered":"\n<style type=\"text\/css\" data-created_by=\"avia_inline_auto\" id=\"style-css-av-kfh1qyu5-08cfe310e48e2386aee6426f170b4f44\">\n#top .av-special-heading.av-kfh1qyu5-08cfe310e48e2386aee6426f170b4f44{\npadding-bottom:10px;\n}\n.av-special-heading.av-kfh1qyu5-08cfe310e48e2386aee6426f170b4f44 .av-subheading{\nfont-size:15px;\n}\n<\/style>\n<div  class='av-special-heading av-kfh1qyu5-08cfe310e48e2386aee6426f170b4f44 av-special-heading-h1 blockquote modern-quote modern-centered  avia-builder-el-0  el_before_av_textblock  avia-builder-el-first  '><h1 class='av-special-heading-tag '  itemprop=\"headline\"  >ZAR mini &#8211; serie LUX<\/h1><div class='av-subheading av-subheading_below '><p>ALUMINIUM RIB TENDER &#8211; 3.50MT \u2192 5.50MT<br \/>\nequipped with V and double floor with bow locker<\/p>\n<\/div><div class='special-heading-border'><div class='special-heading-inner-border'><\/div><\/div><\/div>\n<section class=\"av_textblock_section \"  itemscope=\"itemscope\" itemtype=\"https:\/\/schema.org\/CreativeWork\" ><div class='avia_textblock  '   itemprop=\"text\" ><p>Nakon pregleda teksta, uo\u010dila sam samo nekoliko sitnih stvari koje bi mogle da se optimizuju. Evo predloga:<\/p>\n<p>Na\u0161a prelepa ZAR mini\u2122 LUKS linija nudi razli\u010dite veli\u010dine i verzije. Svi \u010damci su opremljeni pram\u010danim ormari\u0107em i ravnim duplim podom. Dizajn trupa i kokpita je samopraznec\u0301i. Svi \u010damci kao standardnu opremu nude pod od tikovine, pram\u010dani jastuk, pram\u010dani naslon, pram\u010danu stepenicu, \u0161titnik za kobilicu, bimini dr\u017ea\u010d, luksuznu upravlja\u010dku konzolu i oja\u010dani trup.<\/p>\n<div class=\"show_more\"><p class=\"wpsm-show\" style=\"color: #cc0000; font-size: 100%; text-align: left;\"> READ MORE<\/p><div class=\"wpsm-content\"><\/p>\n<p>Kao opcionu opremu mo\u017eete birati izme\u0111u raznih krovova, kalju\u017enih pumpi, stepenica za kupanje i mnogih drugih stvari. Molimo Vas da pitajte svog ZAR mini dilera. On Vam mo\u017ee najbolje poslu\u017eiti.<\/p>\n<p>ZAR mini\u2122 LUKS linija mo\u017ee lako da povu\u010de igra\u010dke za vodu, skije na vodi (od 30 KS) i cevi sa dva instalirana D-prstena na krmenoj gredi, ali tako\u0111e mo\u017eete da instalirate jarbol za vu\u010du iza naslona, tako da mo\u017eete da radite i vakeboard.<\/p>\n<p>Svaki ZAR mini\u2122 ima \u010detiri Davit ta\u010dke za podizanje. Dva na pramcu i dva na krmenoj traci.<\/p>\n<p>Zbog veoma laganih aluminijumskih trupova, \u010damci mogu lako da postignu visoku brzinu i da planiraju sa manjim motorom. Trupovi se ne\u0107e suo\u010diti sa problemima osmoze ili o\u0161te\u0107enja gel premaza kao \u0161to je slu\u010daj kod trupova od fiberglasa. Tako\u0111e \u0107e trajati du\u017ee i ne\u0107e postati te\u017ei tokom upotrebe. Aluminijumski trupovi su specijalno proizvedeni i premazani prahom kako bi se odupirali koroziji i slanoj vodi. U\u017eiva\u0107ete u vo\u017enji sa svojim ZAR mini\u2122 RIB-om.<\/p>\n<p>Svi RIB gumenjaci od ZAR mini\u2122 do RIB14 imaju 5-slojni oja\u010dan PVC materijal visokog kvaliteta od 1.100 dtex te\u017eine 1.050 g\/m2 i debljine 0,9 mm.<\/p>\n<p>Svi RIB gumenjaci iz ZAR mini\u2122 po\u010dev\u0161i od RIB15 imaju 5-slojni oja\u010dan visokokvalitetni PVC materijal od 1.100 dtex te\u017eine 1.500 g\/m2 i debljine 1,2 mm.<\/p>\n<p>Svi ZAR mini RIB gumenjaci su dostupni u CSM-u (formalno poznat kao Hipalon\u2122 od DuPont\u2122) sa posebnim dizajnom. Za vi\u0161e detalja, pitajte svog ZAR mini prodavca. CSM je izdr\u017eljiviji od PVC-a i otporniji na UV svetlost, kiseline, alkalije, slanu vodu, toplotu i hladnoc\u0301u. Koristimo Hipatek\u2122, jedan od najboljih materijala na svetskom tr\u017ei\u0161tu koji se proizvodi ve\u0107 60 godina.<\/p>\n<p>Sve cevne komore na\u0161ih ZAR mini\u2122 gumenjaka su zavarene od PVC-a. Svi \u010damci dolaze sa ventilom za nadpritisak koji \u0161titi cev kada se pravilno naduva. Visokokvalitetni materijali upareni sa stalnim istra\u017eivanjem i razvojem su klju\u010d uspeha.<\/p>\n<p>Svaki ZAR mini\u2122 \u010damac na naduvavanje prolazi veoma strogu kontrolu kvaliteta pre isporuke kupcu. U slu\u010daju da se gre\u0161ka ipak dogodi, imate na\u0161u ograni\u010denu garanciju od 2 godine nakon registracije plovila kod nas.<\/p>\n<p>Sa na\u0161om standardnom opremom i modernim italijanskim dizajnom, ZAR mini\u2122 gumenjaci su jedinstveni.<\/p>\n<p>Za sve vrste vodenih sportova mo\u017eete prona\u0107i odgovaraju\u0107i ZAR mini\u2122 RIB, od skijanja na vodi do ronjenja. ZAR mini\u2122 LUKS linija mo\u017ee ispuniti sva va\u0161a o\u010dekivanja.<\/p>\n<p> <p class=\"wpsm-hide\" style=\"color: #cc0000; font-size: 100%; text-align: left;\"> CLOSE<\/p><\/div><\/div>\n<\/div><\/section>\n<div id='av-masonry-1' class='av-masonry av-21c3c4-1f5ff277171a08c9d0999266e4afe8cb noHover av-flex-size av-large-gap av-hover-overlay- av-masonry-animation-active av-masonry-col-2 av-caption-always av-caption-style- av-masonry-entries   '><div class=\"av-masonry-container isotope av-js-disabled\"><div class='av-masonry-entry isotope-item av-masonry-item-no-image all_sort lux-sr_sort '><\/div><a href=\"https:\/\/www.zarmini.com\/sr\/tender\/zar-mini-lux-rider-14\/\"  id='av-masonry-1-item-9814' data-av-masonry-item='9814' class='av-masonry-entry isotope-item post-9814 portfolio type-portfolio status-publish has-post-thumbnail hentry portfolio_entries-lux-sr all_sort lux-sr_sort  av-masonry-item-with-image' title=\"ZARMINI &#8211; LUX 14 (13)\"  itemscope=\"itemscope\" itemtype=\"https:\/\/schema.org\/CreativeWork\" ><div class='av-inner-masonry-sizer'><\/div><figure class='av-inner-masonry main_color'><div class=\"av-masonry-outerimage-container\"><div class='av-masonry-image-container'   ><img decoding=\"async\" width=\"705\" height=\"470\" class=\"wp-image-11583 avia-img-lazy-loading-not-11583\"  src=\"https:\/\/www.zarmini.com\/wp-content\/uploads\/2018\/09\/ZARMINI-LUX-14-13-705x470.jpg\" title=\"ZARMINI &#8211; LUX 14 (13)\" alt=\"\" srcset=\"https:\/\/www.zarmini.com\/wp-content\/uploads\/2018\/09\/ZARMINI-LUX-14-13-705x470.jpg 705w, https:\/\/www.zarmini.com\/wp-content\/uploads\/2018\/09\/ZARMINI-LUX-14-13-300x200.jpg 300w, https:\/\/www.zarmini.com\/wp-content\/uploads\/2018\/09\/ZARMINI-LUX-14-13-1030x687.jpg 1030w, https:\/\/www.zarmini.com\/wp-content\/uploads\/2018\/09\/ZARMINI-LUX-14-13-768x512.jpg 768w, https:\/\/www.zarmini.com\/wp-content\/uploads\/2018\/09\/ZARMINI-LUX-14-13.jpg 1500w\" sizes=\"(max-width: 705px) 100vw, 705px\" \/><\/div><\/div><figcaption class='av-inner-masonry-content site-background'><div class='av-inner-masonry-content-pos'><div class='av-inner-masonry-content-pos-content'><div class='avia-arrow'><\/div><h3 class='av-masonry-entry-title entry-title '  itemprop=\"headline\" >ZAR mini &#8211; LUX Rider 14<\/h3><div class='av-masonry-entry-content entry-content'  itemprop=\"text\" >Length overall\t420 cm <br \/>\r\nWidth overall 210 cm <br \/>\r\nEngine recommended  40HP<\/div><\/div><\/div><\/figcaption><\/figure><\/a><!--end av-masonry entry--><a href=\"https:\/\/www.zarmini.com\/sr\/tender\/zar-mini-lux-rider-15\/\"  id='av-masonry-1-item-9886' data-av-masonry-item='9886' class='av-masonry-entry isotope-item post-9886 portfolio type-portfolio status-publish has-post-thumbnail hentry portfolio_entries-lux-sr all_sort lux-sr_sort  av-masonry-item-with-image' title=\"Lux Rider 15 (9)\"  itemscope=\"itemscope\" itemtype=\"https:\/\/schema.org\/CreativeWork\" ><div class='av-inner-masonry-sizer'><\/div><figure class='av-inner-masonry main_color'><div class=\"av-masonry-outerimage-container\"><div class='av-masonry-image-container'   ><img decoding=\"async\" width=\"705\" height=\"470\" class=\"wp-image-12824 avia-img-lazy-loading-not-12824\"  src=\"https:\/\/www.zarmini.com\/wp-content\/uploads\/2018\/09\/Lux-Rider-15-9-705x470.jpg\" title=\"Lux Rider 15 (9)\" alt=\"\" srcset=\"https:\/\/www.zarmini.com\/wp-content\/uploads\/2018\/09\/Lux-Rider-15-9-705x470.jpg 705w, https:\/\/www.zarmini.com\/wp-content\/uploads\/2018\/09\/Lux-Rider-15-9-300x200.jpg 300w, https:\/\/www.zarmini.com\/wp-content\/uploads\/2018\/09\/Lux-Rider-15-9-1030x687.jpg 1030w, https:\/\/www.zarmini.com\/wp-content\/uploads\/2018\/09\/Lux-Rider-15-9-768x512.jpg 768w, https:\/\/www.zarmini.com\/wp-content\/uploads\/2018\/09\/Lux-Rider-15-9-1536x1024.jpg 1536w, https:\/\/www.zarmini.com\/wp-content\/uploads\/2018\/09\/Lux-Rider-15-9-1500x1000.jpg 1500w, https:\/\/www.zarmini.com\/wp-content\/uploads\/2018\/09\/Lux-Rider-15-9.jpg 1600w\" sizes=\"(max-width: 705px) 100vw, 705px\" \/><\/div><\/div><figcaption class='av-inner-masonry-content site-background'><div class='av-inner-masonry-content-pos'><div class='av-inner-masonry-content-pos-content'><div class='avia-arrow'><\/div><h3 class='av-masonry-entry-title entry-title '  itemprop=\"headline\" >ZAR mini &#8211; LUX Rider 15<\/h3><div class='av-masonry-entry-content entry-content'  itemprop=\"text\" >Length overall\t460 cm <br \/>\r\nWidth overall 210 cm <br \/>\r\nEngine recommended  50HP<\/div><\/div><\/div><\/figcaption><\/figure><\/a><!--end av-masonry entry--><a href=\"https:\/\/www.zarmini.com\/sr\/tender\/zar-mini-lux-rider-16\/\"  id='av-masonry-1-item-9945' data-av-masonry-item='9945' class='av-masonry-entry isotope-item post-9945 portfolio type-portfolio status-publish has-post-thumbnail hentry portfolio_entries-lux-sr all_sort lux-sr_sort  av-masonry-item-with-image' title=\"RIDER16\"  itemscope=\"itemscope\" itemtype=\"https:\/\/schema.org\/CreativeWork\" ><div class='av-inner-masonry-sizer'><\/div><figure class='av-inner-masonry main_color'><div class=\"av-masonry-outerimage-container\"><div class='av-masonry-image-container'   ><img decoding=\"async\" width=\"705\" height=\"470\" class=\"wp-image-12744 avia-img-lazy-loading-not-12744\"  src=\"https:\/\/www.zarmini.com\/wp-content\/uploads\/2018\/09\/RIDER16-705x470.jpg\" title=\"RIDER16\" alt=\"\" srcset=\"https:\/\/www.zarmini.com\/wp-content\/uploads\/2018\/09\/RIDER16-705x470.jpg 705w, https:\/\/www.zarmini.com\/wp-content\/uploads\/2018\/09\/RIDER16-300x200.jpg 300w, https:\/\/www.zarmini.com\/wp-content\/uploads\/2018\/09\/RIDER16-1030x687.jpg 1030w, https:\/\/www.zarmini.com\/wp-content\/uploads\/2018\/09\/RIDER16-768x512.jpg 768w, https:\/\/www.zarmini.com\/wp-content\/uploads\/2018\/09\/RIDER16.jpg 1200w\" sizes=\"(max-width: 705px) 100vw, 705px\" \/><\/div><\/div><figcaption class='av-inner-masonry-content site-background'><div class='av-inner-masonry-content-pos'><div class='av-inner-masonry-content-pos-content'><div class='avia-arrow'><\/div><h3 class='av-masonry-entry-title entry-title '  itemprop=\"headline\" >ZAR mini &#8211; LUX Rider 16<\/h3><div class='av-masonry-entry-content entry-content'  itemprop=\"text\" >Length overall\t500 cm <br \/>\r\nWidth overall 224 cm <br \/>\r\nEngine recommended  80HP<\/div><\/div><\/div><\/figcaption><\/figure><\/a><!--end av-masonry entry--><a href=\"https:\/\/www.zarmini.com\/sr\/tender\/zar-mini-lux-rider-18\/\"  id='av-masonry-1-item-10001' data-av-masonry-item='10001' class='av-masonry-entry isotope-item post-10001 portfolio type-portfolio status-publish has-post-thumbnail hentry portfolio_entries-lux-sr all_sort lux-sr_sort  av-masonry-item-with-image' title=\"2\"  itemscope=\"itemscope\" itemtype=\"https:\/\/schema.org\/CreativeWork\" ><div class='av-inner-masonry-sizer'><\/div><figure class='av-inner-masonry main_color'><div class=\"av-masonry-outerimage-container\"><div class='av-masonry-image-container'   ><img decoding=\"async\" width=\"705\" height=\"470\" class=\"wp-image-10187 avia-img-lazy-loading-not-10187\"  src=\"https:\/\/www.zarmini.com\/wp-content\/uploads\/2020\/09\/2-705x470.jpg\" title=\"2\" alt=\"\" srcset=\"https:\/\/www.zarmini.com\/wp-content\/uploads\/2020\/09\/2-705x470.jpg 705w, https:\/\/www.zarmini.com\/wp-content\/uploads\/2020\/09\/2-300x200.jpg 300w, https:\/\/www.zarmini.com\/wp-content\/uploads\/2020\/09\/2-1030x687.jpg 1030w, https:\/\/www.zarmini.com\/wp-content\/uploads\/2020\/09\/2-768x512.jpg 768w, https:\/\/www.zarmini.com\/wp-content\/uploads\/2020\/09\/2.jpg 1200w\" sizes=\"(max-width: 705px) 100vw, 705px\" \/><\/div><\/div><figcaption class='av-inner-masonry-content site-background'><div class='av-inner-masonry-content-pos'><div class='av-inner-masonry-content-pos-content'><div class='avia-arrow'><\/div><h3 class='av-masonry-entry-title entry-title '  itemprop=\"headline\" >ZAR mini &#8211; LUX Rider 18<\/h3><div class='av-masonry-entry-content entry-content'  itemprop=\"text\" >Length overall\t550 cm <br \/>\r\nWidth overall 235 cm <br \/>\r\nEngine recommended  100HP<\/div><\/div><\/div><\/figcaption><\/figure><\/a><!--end av-masonry entry--><\/div><\/div>\n","protected":false},"excerpt":{"rendered":"","protected":false},"author":1,"featured_media":0,"parent":0,"menu_order":0,"comment_status":"closed","ping_status":"closed","template":"","meta":{"footnotes":""},"class_list":["post-6170","page","type-page","status-publish","hentry"],"_links":{"self":[{"href":"https:\/\/www.zarmini.com\/sr\/wp-json\/wp\/v2\/pages\/6170","targetHints":{"allow":["GET"]}}],"collection":[{"href":"https:\/\/www.zarmini.com\/sr\/wp-json\/wp\/v2\/pages"}],"about":[{"href":"https:\/\/www.zarmini.com\/sr\/wp-json\/wp\/v2\/types\/page"}],"author":[{"embeddable":true,"href":"https:\/\/www.zarmini.com\/sr\/wp-json\/wp\/v2\/users\/1"}],"replies":[{"embeddable":true,"href":"https:\/\/www.zarmini.com\/sr\/wp-json\/wp\/v2\/comments?post=6170"}],"version-history":[{"count":4,"href":"https:\/\/www.zarmini.com\/sr\/wp-json\/wp\/v2\/pages\/6170\/revisions"}],"predecessor-version":[{"id":16566,"href":"https:\/\/www.zarmini.com\/sr\/wp-json\/wp\/v2\/pages\/6170\/revisions\/16566"}],"wp:attachment":[{"href":"https:\/\/www.zarmini.com\/sr\/wp-json\/wp\/v2\/media?parent=6170"}],"curies":[{"name":"wp","href":"https:\/\/api.w.org\/{rel}","templated":true}]}}